{"id":1221002,"date":"2020-10-16T11:36:27","date_gmt":"2020-10-16T09:36:27","guid":{"rendered":"https:\/\/laboklin.de\/de\/h-lokus-harlekin"},"modified":"2025-02-25T13:03:21","modified_gmt":"2025-02-25T12:03:21","slug":"h-lokus-harlekin","status":"publish","type":"page","link":"https:\/\/laboklin.de\/de\/leistungen\/genetik\/fellfarbe-haarstruktur\/hund\/h-lokus-harlekin\/","title":{"rendered":"H-Lokus (Harlekin)"},"content":{"rendered":"<h3 class=\"csc-firstHeader\">H-Lokus (Harlekin)<\/h3><p><span>LABOKLIN Leistungs-ID: 8254<\/span><\/p><p class=\"bodytext\">Bei der Deutschen Dogge kommt eine besondere Fellzeichnung mit schwarzen Flecken auf wei\u00dfer Grundfarbe vor. Diese sogenannte Harlekin-F\u00e4rbung wird durch ein Modifier-Gen auf dem H-Lokus verursacht. Das dominante Harlekin-Allel H ver\u00e4ndert die Struktur der vom Merle-Gen hervorgerufenen F\u00e4rbung. Voraussetzung ist daher das dominante Merle-Allel M (Genotyp m\/M), was in Kombination mit dem Harlekin-Genotyp H\/h dazu f\u00fchrt, dass die verd\u00fcnnten Bereiche der Merle-Zeichnung zu Wei\u00df aufgehellt werden. Hunde mit dem Genotyp H\/H sind nicht lebensf\u00e4hig und versterben bereits im Mutterleib. <\/p><table class=\"tx-laboklinleistung-table contenttable contenttable-2\" style=\"margin-top: 35px;\"><tr><td class=\"td-0\"><strong>Methode<\/strong><\/td><td class=\"td-1\"><p class=\"bodytext\">TaqMan SNP Assay<\/p><\/td><\/tr><tr><td class=\"td-0\"><strong>Rasse<\/strong><\/td><td class=\"td-1\"><p class=\"bodytext\">Deutsche Dogge<\/p><\/td><\/tr><tr><td class=\"td-0\"><strong>Erbgang<\/strong><\/td><td class=\"td-1\"><p class=\"bodytext\">Allelische Reihe: H dominant \u00fcber h<\/p><\/td><\/tr><tr><td class=\"td-0\"><strong>Dauer<\/strong><\/td><td class=\"td-1\"><p class=\"bodytext\">3 - 5 Werktage nach Erhalt der Probe<\/p><\/td><\/tr><\/table>\n","protected":false},"excerpt":{"rendered":"<p>H-Lokus (Harlekin)LABOKLIN Leistungs-ID: 8254Bei der Deutschen Dogge kommt eine besondere Fellzeichnung mit schwarzen Flecken auf wei\u00dfer Grundfarbe vor. Diese sogenannte Harlekin-F\u00e4rbung wird durch ein Modifier-Gen auf dem H-Lokus verursacht. Das dominante Harlekin-Allel H ver\u00e4ndert die Struktur der vom Merle-Gen hervorgerufenen F\u00e4rbung. Voraussetzung ist daher das dominante Merle-Allel M (Genotyp m\/M), was in Kombination mit dem&hellip;<\/p>\n","protected":false},"author":1,"featured_media":0,"parent":1221000,"menu_order":24,"comment_status":"closed","ping_status":"closed","template":"","meta":{"_seopress_robots_primary_cat":"","_seopress_titles_title":"","_seopress_titles_desc":"","_seopress_robots_index":"","footnotes":""},"class_list":["post-1221002","page","type-page","status-publish","hentry","description-off"],"_links":{"self":[{"href":"https:\/\/laboklin.de\/de\/wp-json\/wp\/v2\/pages\/1221002","targetHints":{"allow":["GET"]}}],"collection":[{"href":"https:\/\/laboklin.de\/de\/wp-json\/wp\/v2\/pages"}],"about":[{"href":"https:\/\/laboklin.de\/de\/wp-json\/wp\/v2\/types\/page"}],"author":[{"embeddable":true,"href":"https:\/\/laboklin.de\/de\/wp-json\/wp\/v2\/users\/1"}],"replies":[{"embeddable":true,"href":"https:\/\/laboklin.de\/de\/wp-json\/wp\/v2\/comments?post=1221002"}],"version-history":[{"count":1,"href":"https:\/\/laboklin.de\/de\/wp-json\/wp\/v2\/pages\/1221002\/revisions"}],"predecessor-version":[{"id":1510801,"href":"https:\/\/laboklin.de\/de\/wp-json\/wp\/v2\/pages\/1221002\/revisions\/1510801"}],"up":[{"embeddable":true,"href":"https:\/\/laboklin.de\/de\/wp-json\/wp\/v2\/pages\/1221000"}],"wp:attachment":[{"href":"https:\/\/laboklin.de\/de\/wp-json\/wp\/v2\/media?parent=1221002"}],"curies":[{"name":"wp","href":"https:\/\/api.w.org\/{rel}","templated":true}]}}