{"id":1220000,"date":"2020-10-16T11:36:27","date_gmt":"2020-10-16T09:36:27","guid":{"rendered":"https:\/\/laboklin.de\/de\/fellfarbe-haarstruktur"},"modified":"2025-10-02T09:23:14","modified_gmt":"2025-10-02T07:23:14","slug":"fellfarbe-haarstruktur","status":"publish","type":"page","link":"https:\/\/laboklin.de\/de\/leistungen\/genetik\/fellfarbe-haarstruktur\/","title":{"rendered":"Fellfarbe \/ Haarstruktur"},"content":{"rendered":"<div class=\"wpb-content-wrapper\"><p>[vc_row][vc_column][vc_column_text css=&#8220;&#8220;]F\u00fcr viele Tierliebhaber und Z\u00fcchter ist das Aussehen des Tieres ein wichtiger Faktor f\u00fcr die Entscheidung zur Zucht oder zum Kauf eines Tieres. Dabei ist das Aussehen und die Beschaffenheit des Fells das entscheidende \u00e4u\u00dfere Merkmal. Beim Fell kommen diverse Strukturen, wie rauh, glatt, lang oder kurz in unterschiedlichsten Farben und Mustern vor. Vielen Rassen verleihen gerade Haarl\u00e4nge, Farbe und Muster ihr charakteristisches Aussehen und diese Merkmale sind damit oft entscheidend f\u00fcr den Zuchtstandard. Die genetischen Tests auf bestimmte Merkmale sind daher f\u00fcr verschiedene Rassen von unterschiedlicher Wichtigkeit.<\/p>\n<p>Nachfolgend finden Sie eine Auflistung erblicher bedingter Fellstrukturen, Fellfarben und Farbvarianten, die wir genetisch\u00a0\u00fcberpr\u00fcfen k\u00f6nnen. Die Liste spiegelt den derzeitigen Stand der bei uns verf\u00fcgbaren Gentests wider und wird st\u00e4ndig aktualisiert. Sollten Sie Fragen zu einer Fellvariante haben, die Sie hier nicht finden k\u00f6nnen, so kontaktieren sie uns bitte, da wir st\u00e4ndig neue Gentests entwickeln.<\/p>\n<p>Ausf\u00fchrliche Informationen k\u00f6nnen Sie durch Anklicken des entsprechenden Gentests erhalten.<\/p>\n<p>&nbsp;<\/p>\n<p><b>Sie sind Z\u00fcchter? \u2013 <a href=\"http:\/\/shop.labogen.com\/\">Hier<\/a> gelangen Sie zum <a href=\"http:\/\/shop.labogen.com\/\" target=\"_blank\" rel=\"noopener\">Labogen Shop<\/a>.<\/b>[\/vc_column_text][\/vc_column][\/vc_row][vc_row type=&#8220;vc_default&#8220; disable_element=&#8220;yes&#8220;][vc_column][vc_column_text]<div class=\"vc_tta-panels-container\"><div class=\"vc_tta-panels\"><li class=\"menu-item sub-page\"><a href=\"https:\/\/laboklin.de\/de\/leistungen\/genetik\/fellfarbe-haarstruktur\/hund\/\">Hund<\/a><\/li><li class=\"menu-item sub-page\"><a href=\"https:\/\/laboklin.de\/de\/leistungen\/genetik\/fellfarbe-haarstruktur\/kleinsaeuger\/\">Kleins\u00e4uger<\/a><\/li><li class=\"menu-item sub-page\"><a href=\"https:\/\/laboklin.de\/de\/leistungen\/genetik\/fellfarbe-haarstruktur\/katze\/\">Katze<\/a><\/li><li class=\"menu-item sub-page\"><a href=\"https:\/\/laboklin.de\/de\/leistungen\/genetik\/fellfarbe-haarstruktur\/pferd\/\">Pferd<\/a><\/li><\/div><\/div>[\/vc_column_text][\/vc_column][\/vc_row]<\/p>\n<\/div>","protected":false},"excerpt":{"rendered":"<p>[vc_row][vc_column][vc_column_text css=&#8220;&#8220;]F\u00fcr viele Tierliebhaber und Z\u00fcchter ist das Aussehen des Tieres ein wichtiger Faktor f\u00fcr die Entscheidung zur Zucht oder zum Kauf eines Tieres. Dabei ist das Aussehen und die Beschaffenheit des Fells das entscheidende \u00e4u\u00dfere Merkmal. Beim Fell kommen diverse Strukturen, wie rauh, glatt, lang oder kurz in unterschiedlichsten Farben und Mustern vor. Vielen&hellip;<\/p>\n","protected":false},"author":1,"featured_media":0,"parent":1200000,"menu_order":3,"comment_status":"closed","ping_status":"closed","template":"","meta":{"_seopress_robots_primary_cat":"","_seopress_titles_title":"","_seopress_titles_desc":"","_seopress_robots_index":"","footnotes":""},"class_list":["post-1220000","page","type-page","status-publish","hentry","description-off"],"_links":{"self":[{"href":"https:\/\/laboklin.de\/de\/wp-json\/wp\/v2\/pages\/1220000","targetHints":{"allow":["GET"]}}],"collection":[{"href":"https:\/\/laboklin.de\/de\/wp-json\/wp\/v2\/pages"}],"about":[{"href":"https:\/\/laboklin.de\/de\/wp-json\/wp\/v2\/types\/page"}],"author":[{"embeddable":true,"href":"https:\/\/laboklin.de\/de\/wp-json\/wp\/v2\/users\/1"}],"replies":[{"embeddable":true,"href":"https:\/\/laboklin.de\/de\/wp-json\/wp\/v2\/comments?post=1220000"}],"version-history":[{"count":8,"href":"https:\/\/laboklin.de\/de\/wp-json\/wp\/v2\/pages\/1220000\/revisions"}],"predecessor-version":[{"id":1565625,"href":"https:\/\/laboklin.de\/de\/wp-json\/wp\/v2\/pages\/1220000\/revisions\/1565625"}],"up":[{"embeddable":true,"href":"https:\/\/laboklin.de\/de\/wp-json\/wp\/v2\/pages\/1200000"}],"wp:attachment":[{"href":"https:\/\/laboklin.de\/de\/wp-json\/wp\/v2\/media?parent=1220000"}],"curies":[{"name":"wp","href":"https:\/\/api.w.org\/{rel}","templated":true}]}}