{"id":1213015,"date":"2020-10-16T11:36:27","date_gmt":"2020-10-16T09:36:27","guid":{"rendered":"https:\/\/laboklin.de\/de\/foal-immunodeficiency-syndrome-fis"},"modified":"2025-02-25T12:32:45","modified_gmt":"2025-02-25T11:32:45","slug":"foal-immunodeficiency-syndrome-fis","status":"publish","type":"page","link":"https:\/\/laboklin.de\/de\/leistungen\/genetik\/erbkrankheiten\/pferd\/foal-immunodeficiency-syndrome-fis\/","title":{"rendered":"Foal immunodeficiency syndrome (FIS)"},"content":{"rendered":"<h3 class=\"csc-firstHeader\">Foal immunodeficiency syndrome (FIS)<\/h3><p><span>LABOKLIN Leistungs-ID: 8454<\/span><\/p><p class=\"bodytext\">Das Foal Immunodeficiency Syndrom ist eine erblich bedingte Erkrankung, die bislang nur beim Fell Pony und Dales Pony nachgewiesen wurde. Fohlen mit FIS kommen augenscheinlich gesund zur Welt, entwickeln aber bereits mit wenigen Wochen aufgrund des fehlenden Immunschutzes eine Reihe von Erkrankungen, insbesondere Lungenentz\u00fcndung und Durchfall. Die Fohlen leiden auch an einer schweren progressiven An\u00e4mie. Die Infektionen sind meist nicht behandelbar und so sterben die Tiere in der Regel sp\u00e4testens im Alter von 3 Monaten.<\/p><table class=\"tx-laboklinleistung-table contenttable contenttable-2\" style=\"margin-top: 35px;\"><tr><td class=\"td-0\"><strong>Methode<\/strong><\/td><td class=\"td-1\"><p class=\"bodytext\">Sequenzierung<\/p><\/td><\/tr><tr><td class=\"td-0\"><strong>Rasse<\/strong><\/td><td class=\"td-1\"><p class=\"bodytext\">Dales-Pony, Fell-Pony, Tinker\/Gypsy Cob<\/p><\/td><\/tr><tr><td class=\"td-0\"><strong>Erbgang<\/strong><\/td><td class=\"td-1\"><p class=\"bodytext\">autosomal-rezessiv<\/p><\/td><\/tr><tr><td class=\"td-0\"><strong>Dauer<\/strong><\/td><td class=\"td-1\"><p class=\"bodytext\">1 - 2 Wochen nach Erhalt der Probe<\/p><\/td><\/tr><\/table>\n","protected":false},"excerpt":{"rendered":"<p>Foal immunodeficiency syndrome (FIS)LABOKLIN Leistungs-ID: 8454Das Foal Immunodeficiency Syndrom ist eine erblich bedingte Erkrankung, die bislang nur beim Fell Pony und Dales Pony nachgewiesen wurde. Fohlen mit FIS kommen augenscheinlich gesund zur Welt, entwickeln aber bereits mit wenigen Wochen aufgrund des fehlenden Immunschutzes eine Reihe von Erkrankungen, insbesondere Lungenentz\u00fcndung und Durchfall. Die Fohlen leiden auch&hellip;<\/p>\n","protected":false},"author":1,"featured_media":0,"parent":1213000,"menu_order":2,"comment_status":"closed","ping_status":"closed","template":"","meta":{"_seopress_robots_primary_cat":"","_seopress_titles_title":"","_seopress_titles_desc":"","_seopress_robots_index":"","footnotes":""},"class_list":["post-1213015","page","type-page","status-publish","hentry","description-off"],"_links":{"self":[{"href":"https:\/\/laboklin.de\/de\/wp-json\/wp\/v2\/pages\/1213015","targetHints":{"allow":["GET"]}}],"collection":[{"href":"https:\/\/laboklin.de\/de\/wp-json\/wp\/v2\/pages"}],"about":[{"href":"https:\/\/laboklin.de\/de\/wp-json\/wp\/v2\/types\/page"}],"author":[{"embeddable":true,"href":"https:\/\/laboklin.de\/de\/wp-json\/wp\/v2\/users\/1"}],"replies":[{"embeddable":true,"href":"https:\/\/laboklin.de\/de\/wp-json\/wp\/v2\/comments?post=1213015"}],"version-history":[{"count":1,"href":"https:\/\/laboklin.de\/de\/wp-json\/wp\/v2\/pages\/1213015\/revisions"}],"predecessor-version":[{"id":1510725,"href":"https:\/\/laboklin.de\/de\/wp-json\/wp\/v2\/pages\/1213015\/revisions\/1510725"}],"up":[{"embeddable":true,"href":"https:\/\/laboklin.de\/de\/wp-json\/wp\/v2\/pages\/1213000"}],"wp:attachment":[{"href":"https:\/\/laboklin.de\/de\/wp-json\/wp\/v2\/media?parent=1213015"}],"curies":[{"name":"wp","href":"https:\/\/api.w.org\/{rel}","templated":true}]}}