{"id":1213013,"date":"2020-10-16T11:36:27","date_gmt":"2020-10-16T09:36:27","guid":{"rendered":"https:\/\/laboklin.de\/de\/equine-maligne-hyperthermie-emh"},"modified":"2025-02-25T12:31:46","modified_gmt":"2025-02-25T11:31:46","slug":"equine-maligne-hyperthermie-emh","status":"publish","type":"page","link":"https:\/\/laboklin.de\/de\/leistungen\/genetik\/erbkrankheiten\/pferd\/equine-maligne-hyperthermie-emh\/","title":{"rendered":"Equine maligne Hyperthermie (EMH)"},"content":{"rendered":"<h3 class=\"csc-firstHeader\">Equine maligne Hyperthermie (EMH)<\/h3><p><span>LABOKLIN Leistungs-ID: 8160<\/span><\/p><p class=\"bodytext\">Bei der equinen malignen Hyperthermie (EMH) stellen sich klinische Zeichen nach Halothan-Narkose oder Succinylcholin-Injektion ein und bestehen aus Hyperthermie (> 40\u00b0C) und einer metabolischen Azidose. Die Tiere zeigen generalisierte Kr\u00e4mpfe der Skelettmuskulatur, nachfolgend Herzrhythmusst\u00f6rungen und Nierenfunktionsbeeintr\u00e4chtigungen. Alle hiervon betroffenen Tiere waren heterozygot f\u00fcr eine Mutation im Exon 46 des Ryanodin-Rezeptor-Gens der Skelettmuskulatur, d.h. die EMH folgt einem autosomal-dominanten Erbgang. Bei Pferden mit EMH kann eine PSSM-Symptomatik verst\u00e4rkt werden.<\/p><table class=\"tx-laboklinleistung-table contenttable contenttable-2\" style=\"margin-top: 35px;\"><tr><td class=\"td-0\"><strong>Methode<\/strong><\/td><td class=\"td-1\"><p class=\"bodytext\">TaqMan SNP Assay<\/p><\/td><\/tr><tr><td class=\"td-0\"><strong>Rasse<\/strong><\/td><td class=\"td-1\"><p class=\"bodytext\">Appaloosa, Paint Horse, Quarab, Quarter Horse, Quarter Pony<\/p><\/td><\/tr><tr><td class=\"td-0\"><strong>Erbgang<\/strong><\/td><td class=\"td-1\"><p class=\"bodytext\">autosomal-dominant<\/p><\/td><\/tr><tr><td class=\"td-0\"><strong>Dauer<\/strong><\/td><td class=\"td-1\"><p class=\"bodytext\">3 - 5 Werktage nach Erhalt der Probe<\/p><\/td><\/tr><\/table>\n","protected":false},"excerpt":{"rendered":"<p>Equine maligne Hyperthermie (EMH)LABOKLIN Leistungs-ID: 8160Bei der equinen malignen Hyperthermie (EMH) stellen sich klinische Zeichen nach Halothan-Narkose oder Succinylcholin-Injektion ein und bestehen aus Hyperthermie (> 40\u00b0C) und einer metabolischen Azidose. Die Tiere zeigen generalisierte Kr\u00e4mpfe der Skelettmuskulatur, nachfolgend Herzrhythmusst\u00f6rungen und Nierenfunktionsbeeintr\u00e4chtigungen. Alle hiervon betroffenen Tiere waren heterozygot f\u00fcr eine Mutation im Exon 46 des Ryanodin-Rezeptor-Gens&hellip;<\/p>\n","protected":false},"author":1,"featured_media":0,"parent":1213000,"menu_order":3,"comment_status":"closed","ping_status":"closed","template":"","meta":{"_seopress_robots_primary_cat":"","_seopress_titles_title":"","_seopress_titles_desc":"","_seopress_robots_index":"","footnotes":""},"class_list":["post-1213013","page","type-page","status-publish","hentry","description-off"],"_links":{"self":[{"href":"https:\/\/laboklin.de\/de\/wp-json\/wp\/v2\/pages\/1213013","targetHints":{"allow":["GET"]}}],"collection":[{"href":"https:\/\/laboklin.de\/de\/wp-json\/wp\/v2\/pages"}],"about":[{"href":"https:\/\/laboklin.de\/de\/wp-json\/wp\/v2\/types\/page"}],"author":[{"embeddable":true,"href":"https:\/\/laboklin.de\/de\/wp-json\/wp\/v2\/users\/1"}],"replies":[{"embeddable":true,"href":"https:\/\/laboklin.de\/de\/wp-json\/wp\/v2\/comments?post=1213013"}],"version-history":[{"count":1,"href":"https:\/\/laboklin.de\/de\/wp-json\/wp\/v2\/pages\/1213013\/revisions"}],"predecessor-version":[{"id":1510719,"href":"https:\/\/laboklin.de\/de\/wp-json\/wp\/v2\/pages\/1213013\/revisions\/1510719"}],"up":[{"embeddable":true,"href":"https:\/\/laboklin.de\/de\/wp-json\/wp\/v2\/pages\/1213000"}],"wp:attachment":[{"href":"https:\/\/laboklin.de\/de\/wp-json\/wp\/v2\/media?parent=1213013"}],"curies":[{"name":"wp","href":"https:\/\/api.w.org\/{rel}","templated":true}]}}