{"id":1213011,"date":"2020-10-16T11:36:27","date_gmt":"2020-10-16T09:36:27","guid":{"rendered":"https:\/\/laboklin.de\/de\/cerebellaere-abiotrophie-ca"},"modified":"2025-02-25T12:30:13","modified_gmt":"2025-02-25T11:30:13","slug":"cerebellaere-abiotrophie-ca","status":"publish","type":"page","link":"https:\/\/laboklin.de\/de\/leistungen\/genetik\/erbkrankheiten\/pferd\/cerebellaere-abiotrophie-ca\/","title":{"rendered":"Cerebell\u00e4re Abiotrophie (CA)"},"content":{"rendered":"<h3 class=\"csc-firstHeader\">Cerebell\u00e4re Abiotrophie (CA)<\/h3><p><span>LABOKLIN Leistungs-ID: 8214<\/span><\/p><p class=\"bodytext\">Cerebell\u00e4re Abiotrophie (CA) ist eine genetisch bedingte, neurologische Erkrankung, die fast ausnahmslos beim Araber auftritt. Betroffene Fohlen werden normalerweise symptomfrei geboren; die Krankheit f\u00fchrt bereits in den ersten Lebenswochen zum Absterben der Neurone im Cerebellum. Daraus resultieren neurologische Ausfallerscheinungen wie z. B. Headshaking, Ataxie und andere Defizite. Die ersten Anzeichen machen sich normalerweise im Alter von 6 Wochen (bis zu 4 Monaten) bemerkbar. Oft werden diese nicht als CA erkannt, sondern f\u00fcr Folgeerscheinungen eines Unfalls\/Sturzes o. \u00e4. gehalten. Die Symptome der CA k\u00f6nnen in unterschiedlichen Schweregraden auftreten. Manche Fohlen zeigen eine sehr ausgepr\u00e4gte Symptomatik, wobei am auff\u00e4lligsten die weit ausholenden G\u00e4nge sowie der fehlende Gleichgewichtssinn sind. Andere wiederum zeigen nur eine schwache Symptomatik, jedoch ist es in den allermeisten F\u00e4llen nicht m\u00f6glich, diese Pferde sp\u00e4ter zu reiten. <\/p><table class=\"tx-laboklinleistung-table contenttable contenttable-2\" style=\"margin-top: 35px;\"><tr><td class=\"td-0\"><strong>Methode<\/strong><\/td><td class=\"td-1\"><p class=\"bodytext\">TaqMan SNP Assay<\/p><\/td><\/tr><tr><td class=\"td-0\"><strong>Rasse<\/strong><\/td><td class=\"td-1\"><p class=\"bodytext\">Anglo-Araber, Araber, Shagya-Araber<\/p><\/td><\/tr><tr><td class=\"td-0\"><strong>Erbgang<\/strong><\/td><td class=\"td-1\"><p class=\"bodytext\">autosomal-rezessiv<\/p><\/td><\/tr><tr><td class=\"td-0\"><strong>Dauer<\/strong><\/td><td class=\"td-1\"><p class=\"bodytext\">3 - 5 Werktage nach Erhalt der Probe<\/p><\/td><\/tr><\/table>\n","protected":false},"excerpt":{"rendered":"<p>Cerebell\u00e4re Abiotrophie (CA)LABOKLIN Leistungs-ID: 8214Cerebell\u00e4re Abiotrophie (CA) ist eine genetisch bedingte, neurologische Erkrankung, die fast ausnahmslos beim Araber auftritt. Betroffene Fohlen werden normalerweise symptomfrei geboren; die Krankheit f\u00fchrt bereits in den ersten Lebenswochen zum Absterben der Neurone im Cerebellum. Daraus resultieren neurologische Ausfallerscheinungen wie z. B. Headshaking, Ataxie und andere Defizite. Die ersten Anzeichen machen&hellip;<\/p>\n","protected":false},"author":1,"featured_media":0,"parent":1213000,"menu_order":4,"comment_status":"closed","ping_status":"closed","template":"","meta":{"_seopress_robots_primary_cat":"","_seopress_titles_title":"","_seopress_titles_desc":"","_seopress_robots_index":"","footnotes":""},"class_list":["post-1213011","page","type-page","status-publish","hentry","description-off"],"_links":{"self":[{"href":"https:\/\/laboklin.de\/de\/wp-json\/wp\/v2\/pages\/1213011","targetHints":{"allow":["GET"]}}],"collection":[{"href":"https:\/\/laboklin.de\/de\/wp-json\/wp\/v2\/pages"}],"about":[{"href":"https:\/\/laboklin.de\/de\/wp-json\/wp\/v2\/types\/page"}],"author":[{"embeddable":true,"href":"https:\/\/laboklin.de\/de\/wp-json\/wp\/v2\/users\/1"}],"replies":[{"embeddable":true,"href":"https:\/\/laboklin.de\/de\/wp-json\/wp\/v2\/comments?post=1213011"}],"version-history":[{"count":1,"href":"https:\/\/laboklin.de\/de\/wp-json\/wp\/v2\/pages\/1213011\/revisions"}],"predecessor-version":[{"id":1510716,"href":"https:\/\/laboklin.de\/de\/wp-json\/wp\/v2\/pages\/1213011\/revisions\/1510716"}],"up":[{"embeddable":true,"href":"https:\/\/laboklin.de\/de\/wp-json\/wp\/v2\/pages\/1213000"}],"wp:attachment":[{"href":"https:\/\/laboklin.de\/de\/wp-json\/wp\/v2\/media?parent=1213011"}],"curies":[{"name":"wp","href":"https:\/\/api.w.org\/{rel}","templated":true}]}}