{"id":1213007,"date":"2020-10-16T11:36:27","date_gmt":"2020-10-16T09:36:27","guid":{"rendered":"https:\/\/laboklin.de\/de\/zwergwuchs"},"modified":"2025-02-25T12:42:19","modified_gmt":"2025-02-25T11:42:19","slug":"zwergwuchs","status":"publish","type":"page","link":"https:\/\/laboklin.de\/de\/leistungen\/genetik\/erbkrankheiten\/pferd\/zwergwuchs\/","title":{"rendered":"Zwergwuchs"},"content":{"rendered":"<h3 class=\"csc-firstHeader\">Zwergwuchs<\/h3><p><span>LABOKLIN Leistungs-ID: 8553<\/span><\/p><p class=\"bodytext\">Zwergwuchs beim Friesen ist gekennzeichnet durch Wachstumshemmung der Rippen und Gliedma\u00dfen w\u00e4hren Kopf und R\u00fccken normal erscheinen. Auffallend sind dabei die weit \u00fcberstreckbaren Fesselgelenke. Die Beugesehne zieht sich mit fortschreitendem Alter der Fohlen nicht wie \u00fcblich zusammen, sondern dehnt sich weiter aus. Folglich entwickel die \u201eZwerge\u201c ein ungew\u00f6hnliches Gangbild mit extremer Rotation in Vorderfu\u00dfwurzel- und Sprunggelenk. Der Kopf ist bei ausgewachsenen \u201eZwergen\u201c genau so gro\u00df wie bei gesunden Tieren, die Brust ist breiter als normal mit einer Verengung an der costochondralen Verbindung (Th 10 - 16). Der R\u00fccken erscheint unverh\u00e4ltnism\u00e4\u00dfig lang, die Beine hingegen sind stark verk\u00fcrzt. Der Bauch ist meist rundlich, die Muskeln am ganzen K\u00f6rper sind nur schwach entwickelt. Der Zwergwuchs beim Friesen wird verursacht von einer Mutation im B4GALT7-Gen, welche autosomal-rezessiv vererbt wird.<\/p><table class=\"tx-laboklinleistung-table contenttable contenttable-2\" style=\"margin-top: 35px;\"><tr><td class=\"td-0\"><strong>Methode<\/strong><\/td><td class=\"td-1\"><p class=\"bodytext\">Sequenzierung<\/p><\/td><\/tr><tr><td class=\"td-0\"><strong>Rasse<\/strong><\/td><td class=\"td-1\"><p class=\"bodytext\">Friese<\/p><\/td><\/tr><tr><td class=\"td-0\"><strong>Erbgang<\/strong><\/td><td class=\"td-1\"><p class=\"bodytext\">autosomal-rezessiv<\/p><\/td><\/tr><tr><td class=\"td-0\"><strong>Dauer<\/strong><\/td><td class=\"td-1\"><p class=\"bodytext\">1 - 2 Wochen nach Erhalt der Probe<\/p><\/td><\/tr><\/table>\n","protected":false},"excerpt":{"rendered":"<p>ZwergwuchsLABOKLIN Leistungs-ID: 8553Zwergwuchs beim Friesen ist gekennzeichnet durch Wachstumshemmung der Rippen und Gliedma\u00dfen w\u00e4hren Kopf und R\u00fccken normal erscheinen. Auffallend sind dabei die weit \u00fcberstreckbaren Fesselgelenke. Die Beugesehne zieht sich mit fortschreitendem Alter der Fohlen nicht wie \u00fcblich zusammen, sondern dehnt sich weiter aus. Folglich entwickel die \u201eZwerge\u201c ein ungew\u00f6hnliches Gangbild mit extremer Rotation in&hellip;<\/p>\n","protected":false},"author":1,"featured_media":0,"parent":1213000,"menu_order":7,"comment_status":"closed","ping_status":"closed","template":"","meta":{"_seopress_robots_primary_cat":"","_seopress_titles_title":"","_seopress_titles_desc":"","_seopress_robots_index":"","footnotes":""},"class_list":["post-1213007","page","type-page","status-publish","hentry","description-off"],"_links":{"self":[{"href":"https:\/\/laboklin.de\/de\/wp-json\/wp\/v2\/pages\/1213007","targetHints":{"allow":["GET"]}}],"collection":[{"href":"https:\/\/laboklin.de\/de\/wp-json\/wp\/v2\/pages"}],"about":[{"href":"https:\/\/laboklin.de\/de\/wp-json\/wp\/v2\/types\/page"}],"author":[{"embeddable":true,"href":"https:\/\/laboklin.de\/de\/wp-json\/wp\/v2\/users\/1"}],"replies":[{"embeddable":true,"href":"https:\/\/laboklin.de\/de\/wp-json\/wp\/v2\/comments?post=1213007"}],"version-history":[{"count":1,"href":"https:\/\/laboklin.de\/de\/wp-json\/wp\/v2\/pages\/1213007\/revisions"}],"predecessor-version":[{"id":1510756,"href":"https:\/\/laboklin.de\/de\/wp-json\/wp\/v2\/pages\/1213007\/revisions\/1510756"}],"up":[{"embeddable":true,"href":"https:\/\/laboklin.de\/de\/wp-json\/wp\/v2\/pages\/1213000"}],"wp:attachment":[{"href":"https:\/\/laboklin.de\/de\/wp-json\/wp\/v2\/media?parent=1213007"}],"curies":[{"name":"wp","href":"https:\/\/api.w.org\/{rel}","templated":true}]}}