{"id":1213006,"date":"2020-10-16T11:36:27","date_gmt":"2020-10-16T09:36:27","guid":{"rendered":"https:\/\/laboklin.de\/de\/warmblood-fragile-foal-syndrome-wffs"},"modified":"2025-02-25T12:41:53","modified_gmt":"2025-02-25T11:41:53","slug":"warmblood-fragile-foal-syndrome-wffs","status":"publish","type":"page","link":"https:\/\/laboklin.de\/de\/leistungen\/genetik\/erbkrankheiten\/pferd\/warmblood-fragile-foal-syndrome-wffs\/","title":{"rendered":"Warmblood fragile foal syndrome (WFFS)"},"content":{"rendered":"<h3 class=\"csc-firstHeader\">Warmblood fragile foal syndrome (WFFS)<\/h3><p><span>LABOKLIN Leistungs-ID: 8470<\/span><\/p><p class=\"bodytext\">Warmblood Fragile Foal Syndrome (WFFS) ist eine erbliche Bindegewebsschw\u00e4che, die sich bereits direkt nach der Geburt des Fohlens bemerkbar macht. Die Haut ist extrem br\u00fcchig und rei\u00dft schon bei leichten Ber\u00fchrungen. Neben zahlreichen Verletzungen und Wunden am ganzen K\u00f6rper k\u00f6nnen auch das Zahnfleisch und die Schleimh\u00e4ute betroffen sein. Die Gelenke sind \u00fcberdehnbar, am deutlichsten ist dies bei den Fesselgelenken zu sehen. Betroffene Fohlen k\u00f6nnen daher nicht normal stehen. Aufgrund der schlechten Prognose werden Fohlen mit WFFS kurz nach der Geburt euthanasiert. Nicht alle Fohlen kommen nach der normalen Tr\u00e4chtigkeit zur Welt, auch Fr\u00fchgeburten und Aborte aufgrund von WFFS sind bekannt. Die f\u00fcr WFFS verantwortliche Mutation wurde von der Arbeitsgruppe um Dr. Nena J. Winand an der Cornell University gefunden. LABOKLIN besitzt als einziges Labor in Europa eine Testlizenz f\u00fcr den WFFS-Gentest der Cornell University.<\/p><table class=\"tx-laboklinleistung-table contenttable contenttable-2\" style=\"margin-top: 35px;\"><tr><td class=\"td-0\"><strong>Methode<\/strong><\/td><td class=\"td-1\"><p class=\"bodytext\">TaqMan SNP Assay<\/p><\/td><\/tr><tr><td class=\"td-0\"><strong>Rasse<\/strong><\/td><td class=\"td-1\"><p class=\"bodytext\">Appaloosa, Bayerisches Warmblut, Belgisches Warmblut, Brandenburger Warmblut, Deutsches Reitpony, Deutsches Sportpferd, D\u00e4nisches Warmblut, Haflinger, Hannoveraner, Hessisches Warmblut, Holsteiner, Irisches Sportpferd, KWPN, Lettisches Warmblut, Mecklenburger Warmblut, Mustang, Oldenburger, Paint Horse, Quarab, Quarter Horse, Quarter Pony, Rheinisches Warmblut, Schwedisches Warmblut, Schweizer Warmblut, Selle Francais, S\u00e4chsisches Warmblut, Trakehner, Tschechisches Warmblut, Westfale, Wielkopolski, W\u00fcrttemberger, Zweibr\u00fccker, sonstige \/ unbekannt, \u00d6sterreichisches Warmblut<\/p><\/td><\/tr><tr><td class=\"td-0\"><strong>Erbgang<\/strong><\/td><td class=\"td-1\"><p class=\"bodytext\">autosomal-rezessiv<\/p><\/td><\/tr><tr><td class=\"td-0\"><strong>Dauer<\/strong><\/td><td class=\"td-1\"><p class=\"bodytext\">3 - 5 Werktage nach Erhalt der Probe<\/p><\/td><\/tr><\/table>\n","protected":false},"excerpt":{"rendered":"<p>Warmblood fragile foal syndrome (WFFS)LABOKLIN Leistungs-ID: 8470Warmblood Fragile Foal Syndrome (WFFS) ist eine erbliche Bindegewebsschw\u00e4che, die sich bereits direkt nach der Geburt des Fohlens bemerkbar macht. Die Haut ist extrem br\u00fcchig und rei\u00dft schon bei leichten Ber\u00fchrungen. Neben zahlreichen Verletzungen und Wunden am ganzen K\u00f6rper k\u00f6nnen auch das Zahnfleisch und die Schleimh\u00e4ute betroffen sein. Die&hellip;<\/p>\n","protected":false},"author":1,"featured_media":0,"parent":1213000,"menu_order":18,"comment_status":"closed","ping_status":"closed","template":"","meta":{"_seopress_robots_primary_cat":"","_seopress_titles_title":"","_seopress_titles_desc":"","_seopress_robots_index":"","footnotes":""},"class_list":["post-1213006","page","type-page","status-publish","hentry","description-off"],"_links":{"self":[{"href":"https:\/\/laboklin.de\/de\/wp-json\/wp\/v2\/pages\/1213006","targetHints":{"allow":["GET"]}}],"collection":[{"href":"https:\/\/laboklin.de\/de\/wp-json\/wp\/v2\/pages"}],"about":[{"href":"https:\/\/laboklin.de\/de\/wp-json\/wp\/v2\/types\/page"}],"author":[{"embeddable":true,"href":"https:\/\/laboklin.de\/de\/wp-json\/wp\/v2\/users\/1"}],"replies":[{"embeddable":true,"href":"https:\/\/laboklin.de\/de\/wp-json\/wp\/v2\/comments?post=1213006"}],"version-history":[{"count":1,"href":"https:\/\/laboklin.de\/de\/wp-json\/wp\/v2\/pages\/1213006\/revisions"}],"predecessor-version":[{"id":1510753,"href":"https:\/\/laboklin.de\/de\/wp-json\/wp\/v2\/pages\/1213006\/revisions\/1510753"}],"up":[{"embeddable":true,"href":"https:\/\/laboklin.de\/de\/wp-json\/wp\/v2\/pages\/1213000"}],"wp:attachment":[{"href":"https:\/\/laboklin.de\/de\/wp-json\/wp\/v2\/media?parent=1213006"}],"curies":[{"name":"wp","href":"https:\/\/api.w.org\/{rel}","templated":true}]}}