{"id":1213001,"date":"2020-10-16T11:36:27","date_gmt":"2020-10-16T09:36:27","guid":{"rendered":"https:\/\/laboklin.de\/de\/ocular-squamous-cell-carcinoma-scc"},"modified":"2025-02-25T12:39:35","modified_gmt":"2025-02-25T11:39:35","slug":"ocular-squamous-cell-carcinoma-scc","status":"publish","type":"page","link":"https:\/\/laboklin.de\/de\/leistungen\/genetik\/erbkrankheiten\/pferd\/ocular-squamous-cell-carcinoma-scc\/","title":{"rendered":"Ocular squamous cell carcinoma (SCC)"},"content":{"rendered":"<h3 class=\"csc-firstHeader\">Ocular squamous cell carcinoma (SCC)<\/h3><p><span>LABOKLIN Leistungs-ID: 8292<\/span><\/p><p class=\"bodytext\">Das Plattenepithelkarzinom (SCC) ist die zweith\u00e4ufigste Tumorart des Pferdes und der h\u00e4ufigste Tumor des Pferdeauges. Zu den Faktoren, von denen man annimmt, dass sie das Risiko f\u00fcr SCC erh\u00f6hen, geh\u00f6ren UV-Exposition, Pigmentierung und genetische Faktoren. Als Risikofaktor f\u00fcr die Entwicklung eines SCC wurde eine Variante im DDB2-Gen beim Haflinger und verwandten Rassen nachgewiesen. <br \/>\r\nBei der Entstehung am Limbus kann sich SCC in die Hornhaut ausbreiten und schnell zu einer Sehbeeintr\u00e4chtigung und Zerst\u00f6rung des Auges f\u00fchren. Pferde, die homozygot (R\/R) f\u00fcr den Risikofaktor sind, entwickeln 5,6-mal (Haflinger) oder 4,0-mal (Belgisches Kaltblut) h\u00e4ufiger ein SCC als solche mit einer Kopie (R\/N) oder keiner Kopie (N\/N) des Risikofaktors. Dieser Risikofaktor erkl\u00e4rt nicht alle F\u00e4lle von okul\u00e4rem SCC, scheint aber bei Haflingern und Belgischen Kaltblut einen wesentlichen Beitrag zu leisten.<br \/>\r\nBei homozygoten Pferden (R\/R) wird geraten, routinem\u00e4\u00dfige Augenuntersuchungen zur Fr\u00fcherkennung und besseren Prognose durchzuf\u00fchren und eine UV-sch\u00fctzende Fliegenmaske w\u00e4hrend der Tageslichtstunden zu tragen.<\/p><table class=\"tx-laboklinleistung-table contenttable contenttable-2\" style=\"margin-top: 35px;\"><tr><td class=\"td-0\"><strong>Methode<\/strong><\/td><td class=\"td-1\"><p class=\"bodytext\">Sequenzierung<\/p><\/td><\/tr><tr><td class=\"td-0\"><strong>Rasse<\/strong><\/td><td class=\"td-1\"><p class=\"bodytext\">Ardenner, Belgisches Warmblut, Brabanter, Connemara-Pony, Haflinger, Holsteiner, Rocky Mountain Horse<\/p><\/td><\/tr><tr><td class=\"td-0\"><strong>Erbgang<\/strong><\/td><td class=\"td-1\"><p class=\"bodytext\">autosomal-rezessiv<\/p><\/td><\/tr><tr><td class=\"td-0\"><strong>Dauer<\/strong><\/td><td class=\"td-1\"><p class=\"bodytext\">1 - 2 Wochen nach Erhalt der Probe<\/p><\/td><\/tr><\/table>\n","protected":false},"excerpt":{"rendered":"<p>Ocular squamous cell carcinoma (SCC)LABOKLIN Leistungs-ID: 8292Das Plattenepithelkarzinom (SCC) ist die zweith\u00e4ufigste Tumorart des Pferdes und der h\u00e4ufigste Tumor des Pferdeauges. Zu den Faktoren, von denen man annimmt, dass sie das Risiko f\u00fcr SCC erh\u00f6hen, geh\u00f6ren UV-Exposition, Pigmentierung und genetische Faktoren. Als Risikofaktor f\u00fcr die Entwicklung eines SCC wurde eine Variante im DDB2-Gen beim Haflinger&hellip;<\/p>\n","protected":false},"author":1,"featured_media":0,"parent":1213000,"menu_order":21,"comment_status":"closed","ping_status":"closed","template":"","meta":{"_seopress_robots_primary_cat":"","_seopress_titles_title":"","_seopress_titles_desc":"","_seopress_robots_index":"","footnotes":""},"class_list":["post-1213001","page","type-page","status-publish","hentry","description-off"],"_links":{"self":[{"href":"https:\/\/laboklin.de\/de\/wp-json\/wp\/v2\/pages\/1213001","targetHints":{"allow":["GET"]}}],"collection":[{"href":"https:\/\/laboklin.de\/de\/wp-json\/wp\/v2\/pages"}],"about":[{"href":"https:\/\/laboklin.de\/de\/wp-json\/wp\/v2\/types\/page"}],"author":[{"embeddable":true,"href":"https:\/\/laboklin.de\/de\/wp-json\/wp\/v2\/users\/1"}],"replies":[{"embeddable":true,"href":"https:\/\/laboklin.de\/de\/wp-json\/wp\/v2\/comments?post=1213001"}],"version-history":[{"count":1,"href":"https:\/\/laboklin.de\/de\/wp-json\/wp\/v2\/pages\/1213001\/revisions"}],"predecessor-version":[{"id":1510741,"href":"https:\/\/laboklin.de\/de\/wp-json\/wp\/v2\/pages\/1213001\/revisions\/1510741"}],"up":[{"embeddable":true,"href":"https:\/\/laboklin.de\/de\/wp-json\/wp\/v2\/pages\/1213000"}],"wp:attachment":[{"href":"https:\/\/laboklin.de\/de\/wp-json\/wp\/v2\/media?parent=1213001"}],"curies":[{"name":"wp","href":"https:\/\/api.w.org\/{rel}","templated":true}]}}