{"id":1212010,"date":"2020-10-16T11:36:27","date_gmt":"2020-10-16T09:36:27","guid":{"rendered":"https:\/\/laboklin.de\/de\/spinale-muskelatrophie-sma"},"modified":"2025-02-25T12:27:56","modified_gmt":"2025-02-25T11:27:56","slug":"spinale-muskelatrophie-sma","status":"publish","type":"page","link":"https:\/\/laboklin.de\/de\/leistungen\/genetik\/erbkrankheiten\/katze\/spinale-muskelatrophie-sma\/","title":{"rendered":"Spinale Muskelatrophie (SMA)"},"content":{"rendered":"<h3 class=\"csc-firstHeader\">Spinale Muskelatrophie (SMA)<\/h3><p><span>LABOKLIN Leistungs-ID: 8123<\/span><\/p><p class=\"bodytext\">Die spinale Muskelatrophie ist eine Motoneuronenerkrankung, d.h. eine Erkrankung von Nervenzellen, die die Muskulatur innervieren. SMA beeintr\u00e4chtigt alle Muskeln des K\u00f6rpers, wobei die sogenannten proximalen Muskeln h\u00e4ufig am schwersten betroffen sind. Die spinale Muskelatrophie bei der Maine Coon ist dem SMA Typ III beim Menschen sehr \u00e4hnlich. Betroffene Katzen zeigen bereits im Alter von rund 12 Wochen auftretenden Muskelschwund und Muskelschw\u00e4che verbunden mit einer Degeneration der spinalen Motoneurone. An spinaler Muskelatrophie erkrankte Katzen zeigen eine fortschreitende Instabilit\u00e4t des Ganges und Haltungsabnormalit\u00e4ten, die man der symmetrischen Schw\u00e4chung und dem Schwund der proximalen Muskeln zuordnen kann. Die Symptome der SMA treten schon in fr\u00fchen Jugend auf und f\u00fchren zu einer fortschreitenden Behinderung und einer unterschiedlichen Verk\u00fcrzung der Lebenszeit. <\/p><table class=\"tx-laboklinleistung-table contenttable contenttable-2\" style=\"margin-top: 35px;\"><tr><td class=\"td-0\"><strong>Methode<\/strong><\/td><td class=\"td-1\"><p class=\"bodytext\">Fragmentl\u00e4ngenanalyse<\/p><\/td><\/tr><tr><td class=\"td-0\"><strong>Rasse<\/strong><\/td><td class=\"td-1\"><p class=\"bodytext\">Maine Coon<\/p><\/td><\/tr><tr><td class=\"td-0\"><strong>Erbgang<\/strong><\/td><td class=\"td-1\"><p class=\"bodytext\">autosomal-rezessiv<\/p><\/td><\/tr><tr><td class=\"td-0\"><strong>Dauer<\/strong><\/td><td class=\"td-1\"><p class=\"bodytext\">1 - 2 Wochen  nach Erhalt der Probe<\/p><\/td><\/tr><\/table>\n","protected":false},"excerpt":{"rendered":"<p>Spinale Muskelatrophie (SMA)LABOKLIN Leistungs-ID: 8123Die spinale Muskelatrophie ist eine Motoneuronenerkrankung, d.h. eine Erkrankung von Nervenzellen, die die Muskulatur innervieren. SMA beeintr\u00e4chtigt alle Muskeln des K\u00f6rpers, wobei die sogenannten proximalen Muskeln h\u00e4ufig am schwersten betroffen sind. Die spinale Muskelatrophie bei der Maine Coon ist dem SMA Typ III beim Menschen sehr \u00e4hnlich. Betroffene Katzen zeigen bereits&hellip;<\/p>\n","protected":false},"author":1,"featured_media":0,"parent":1212000,"menu_order":25,"comment_status":"closed","ping_status":"closed","template":"","meta":{"_seopress_robots_primary_cat":"","_seopress_titles_title":"","_seopress_titles_desc":"","_seopress_robots_index":"","footnotes":""},"class_list":["post-1212010","page","type-page","status-publish","hentry","description-off"],"_links":{"self":[{"href":"https:\/\/laboklin.de\/de\/wp-json\/wp\/v2\/pages\/1212010","targetHints":{"allow":["GET"]}}],"collection":[{"href":"https:\/\/laboklin.de\/de\/wp-json\/wp\/v2\/pages"}],"about":[{"href":"https:\/\/laboklin.de\/de\/wp-json\/wp\/v2\/types\/page"}],"author":[{"embeddable":true,"href":"https:\/\/laboklin.de\/de\/wp-json\/wp\/v2\/users\/1"}],"replies":[{"embeddable":true,"href":"https:\/\/laboklin.de\/de\/wp-json\/wp\/v2\/comments?post=1212010"}],"version-history":[{"count":1,"href":"https:\/\/laboklin.de\/de\/wp-json\/wp\/v2\/pages\/1212010\/revisions"}],"predecessor-version":[{"id":1510713,"href":"https:\/\/laboklin.de\/de\/wp-json\/wp\/v2\/pages\/1212010\/revisions\/1510713"}],"up":[{"embeddable":true,"href":"https:\/\/laboklin.de\/de\/wp-json\/wp\/v2\/pages\/1212000"}],"wp:attachment":[{"href":"https:\/\/laboklin.de\/de\/wp-json\/wp\/v2\/media?parent=1212010"}],"curies":[{"name":"wp","href":"https:\/\/api.w.org\/{rel}","templated":true}]}}