{"id":1211165,"date":"2020-10-16T11:36:27","date_gmt":"2020-10-16T09:36:27","guid":{"rendered":"https:\/\/laboklin.de\/de\/fukosidose"},"modified":"2025-02-05T13:08:36","modified_gmt":"2025-02-05T12:08:36","slug":"fukosidose","status":"publish","type":"page","link":"https:\/\/laboklin.de\/de\/leistungen\/genetik\/erbkrankheiten\/hund\/fukosidose\/","title":{"rendered":"Fukosidose"},"content":{"rendered":"<h3 class=\"csc-firstHeader\">Fukosidose<\/h3><p><span>LABOKLIN Leistungs-ID: 8016<\/span><\/p><p class=\"bodytext\">Die Fucosidose ist eine neurologische Erkrankung, die auf dem Verlust eines bestimmten Enzyms, der \u03b1-L-Fucosidase, beruht. Im gesunden Organismus spaltet dieses Enzym komplexe Verbindungen, so da\u00df der K\u00f6rper diese Stoffe verwerten kann. Beim erkrankten Tier fehlt das Enzym, wodurch sich die komplexen Verbindungen in verschiedenen Organen ablagern. Betroffen sind neben Lymphknoten, Bauchspeicheldr\u00fcse, Leber, Nieren, Lungen und Knochenmark vor allem Gehirn- und Nervengewebe, was die schwerwiegenden neurologischen Symptome dieser Erkrankung verursacht. Die Fucosidose ist gekennzeichnet von Bewegungsst\u00f6rungen und neurologischen Ausf\u00e4llen. Betroffene Tiere zeigen eine gest\u00f6rte Koordination von Bewegungsabl\u00e4ufen, Verhaltensauff\u00e4lligkeiten, Blindheit, Taubheit und Schluckst\u00f6rungen. Die Erkrankung manifestiert sich etwa im Alter von 18 Monaten bis 4 Jahren mit stetig fortschreitendem Verlauf und letztendlich t\u00f6dlichem Ausgang.<\/p><table class=\"tx-laboklinleistung-table contenttable contenttable-2\" style=\"margin-top: 35px;\"><tr><td class=\"td-0\"><strong>Methode<\/strong><\/td><td class=\"td-1\"><p class=\"bodytext\">Sequenzierung<\/p><\/td><\/tr><tr><td class=\"td-0\"><strong>Rasse<\/strong><\/td><td class=\"td-1\"><p class=\"bodytext\">English Springer Spaniel<\/p><\/td><\/tr><tr><td class=\"td-0\"><strong>Erbgang<\/strong><\/td><td class=\"td-1\"><p class=\"bodytext\">autosomal-rezessiv<\/p><\/td><\/tr><tr><td class=\"td-0\"><strong>Dauer<\/strong><\/td><td class=\"td-1\"><p class=\"bodytext\">1 - 2 Wochen nach Erhalt der Probe<\/p><\/td><\/tr><\/table>\n","protected":false},"excerpt":{"rendered":"<p>FukosidoseLABOKLIN Leistungs-ID: 8016Die Fucosidose ist eine neurologische Erkrankung, die auf dem Verlust eines bestimmten Enzyms, der \u03b1-L-Fucosidase, beruht. Im gesunden Organismus spaltet dieses Enzym komplexe Verbindungen, so da\u00df der K\u00f6rper diese Stoffe verwerten kann. Beim erkrankten Tier fehlt das Enzym, wodurch sich die komplexen Verbindungen in verschiedenen Organen ablagern. Betroffen sind neben Lymphknoten, Bauchspeicheldr\u00fcse, Leber,&hellip;<\/p>\n","protected":false},"author":1,"featured_media":0,"parent":1211000,"menu_order":29,"comment_status":"closed","ping_status":"closed","template":"","meta":{"_seopress_robots_primary_cat":"","_seopress_titles_title":"","_seopress_titles_desc":"","_seopress_robots_index":"","footnotes":""},"class_list":["post-1211165","page","type-page","status-publish","hentry","description-off"],"_links":{"self":[{"href":"https:\/\/laboklin.de\/de\/wp-json\/wp\/v2\/pages\/1211165","targetHints":{"allow":["GET"]}}],"collection":[{"href":"https:\/\/laboklin.de\/de\/wp-json\/wp\/v2\/pages"}],"about":[{"href":"https:\/\/laboklin.de\/de\/wp-json\/wp\/v2\/types\/page"}],"author":[{"embeddable":true,"href":"https:\/\/laboklin.de\/de\/wp-json\/wp\/v2\/users\/1"}],"replies":[{"embeddable":true,"href":"https:\/\/laboklin.de\/de\/wp-json\/wp\/v2\/comments?post=1211165"}],"version-history":[{"count":1,"href":"https:\/\/laboklin.de\/de\/wp-json\/wp\/v2\/pages\/1211165\/revisions"}],"predecessor-version":[{"id":1507015,"href":"https:\/\/laboklin.de\/de\/wp-json\/wp\/v2\/pages\/1211165\/revisions\/1507015"}],"up":[{"embeddable":true,"href":"https:\/\/laboklin.de\/de\/wp-json\/wp\/v2\/pages\/1211000"}],"wp:attachment":[{"href":"https:\/\/laboklin.de\/de\/wp-json\/wp\/v2\/media?parent=1211165"}],"curies":[{"name":"wp","href":"https:\/\/api.w.org\/{rel}","templated":true}]}}