{"id":1211148,"date":"2020-10-16T11:36:27","date_gmt":"2020-10-16T09:36:27","guid":{"rendered":"https:\/\/laboklin.de\/de\/hypomyelinisierung-shaking-puppy-syndrome-sps"},"modified":"2025-02-06T12:42:39","modified_gmt":"2025-02-06T11:42:39","slug":"hypomyelinisierung-shaking-puppy-syndrome-sps","status":"publish","type":"page","link":"https:\/\/laboklin.de\/de\/leistungen\/genetik\/erbkrankheiten\/hund\/hypomyelinisierung-shaking-puppy-syndrome-sps\/","title":{"rendered":"Hypomyelinisierung \/ Shaking Puppy Syndrome (SPS)"},"content":{"rendered":"<h3 class=\"csc-firstHeader\">Hypomyelinisierung\/Shaking Puppy Syndrom (SPS)<\/h3><p><span>LABOKLIN Leistungs-ID: 8443<\/span><\/p><p class=\"bodytext\">Die Ursache dieser Erkrankung sind Fehlbildungen in der Myelinscheide des R\u00fcckenmarks. Im Alter von 12 - 14 Tagen zeigen betroffene Hunde ein generalisiertes Zittern dessen Schwere stark variiert. Die Hunde k\u00f6nnen gehen, weisen jedoch einen h\u00fcpfenden Gang in den Hinterbeinen auf. Das Zittern h\u00f6rt in der Ruhephase sowie im Schlaf auf. Zudem verringert es sich stark ab einem Alter von 3 - 4 Monaten teilweise bis hin zum v\u00f6lligen Verschwinden.<\/p><table class=\"tx-laboklinleistung-table contenttable contenttable-2\" style=\"margin-top: 35px;\"><tr><td class=\"td-0\"><strong>Methode<\/strong><\/td><td class=\"td-1\"><p class=\"bodytext\">TaqMan SNP Assay (Weimaraner);<br>Sequenzierung (English Springer Spaniel)<\/p><\/td><\/tr><tr><td class=\"td-0\"><strong>Rasse<\/strong><\/td><td class=\"td-1\"><p class=\"bodytext\">English Springer Spaniel, Weimaraner<\/p><\/td><\/tr><tr><td class=\"td-0\"><strong>Erbgang<\/strong><\/td><td class=\"td-1\"><p class=\"bodytext\">autosomal-rezessiv<\/p><\/td><\/tr><tr><td class=\"td-0\"><strong>Dauer<\/strong><\/td><td class=\"td-1\"><p class=\"bodytext\">3 - 5 Werktage nach Erhalt der Probe (Weimaraner);<br>1 - 2 Wochen nach Erhalt der Probe (English Springer Spaniel)<\/p><\/td><\/tr><\/table>\n","protected":false},"excerpt":{"rendered":"<p>Hypomyelinisierung\/Shaking Puppy Syndrom (SPS)LABOKLIN Leistungs-ID: 8443Die Ursache dieser Erkrankung sind Fehlbildungen in der Myelinscheide des R\u00fcckenmarks. Im Alter von 12 &#8211; 14 Tagen zeigen betroffene Hunde ein generalisiertes Zittern dessen Schwere stark variiert. Die Hunde k\u00f6nnen gehen, weisen jedoch einen h\u00fcpfenden Gang in den Hinterbeinen auf. Das Zittern h\u00f6rt in der Ruhephase sowie im Schlaf&hellip;<\/p>\n","protected":false},"author":1,"featured_media":0,"parent":1211000,"menu_order":118,"comment_status":"closed","ping_status":"closed","template":"","meta":{"_seopress_robots_primary_cat":"","_seopress_titles_title":"","_seopress_titles_desc":"","_seopress_robots_index":"","footnotes":""},"class_list":["post-1211148","page","type-page","status-publish","hentry","description-off"],"_links":{"self":[{"href":"https:\/\/laboklin.de\/de\/wp-json\/wp\/v2\/pages\/1211148","targetHints":{"allow":["GET"]}}],"collection":[{"href":"https:\/\/laboklin.de\/de\/wp-json\/wp\/v2\/pages"}],"about":[{"href":"https:\/\/laboklin.de\/de\/wp-json\/wp\/v2\/types\/page"}],"author":[{"embeddable":true,"href":"https:\/\/laboklin.de\/de\/wp-json\/wp\/v2\/users\/1"}],"replies":[{"embeddable":true,"href":"https:\/\/laboklin.de\/de\/wp-json\/wp\/v2\/comments?post=1211148"}],"version-history":[{"count":1,"href":"https:\/\/laboklin.de\/de\/wp-json\/wp\/v2\/pages\/1211148\/revisions"}],"predecessor-version":[{"id":1507226,"href":"https:\/\/laboklin.de\/de\/wp-json\/wp\/v2\/pages\/1211148\/revisions\/1507226"}],"up":[{"embeddable":true,"href":"https:\/\/laboklin.de\/de\/wp-json\/wp\/v2\/pages\/1211000"}],"wp:attachment":[{"href":"https:\/\/laboklin.de\/de\/wp-json\/wp\/v2\/media?parent=1211148"}],"curies":[{"name":"wp","href":"https:\/\/api.w.org\/{rel}","templated":true}]}}