{"id":1211147,"date":"2020-10-16T11:36:27","date_gmt":"2020-10-16T09:36:27","guid":{"rendered":"https:\/\/laboklin.de\/de\/hyperurikosurie-huu-slc"},"modified":"2025-02-06T12:41:55","modified_gmt":"2025-02-06T11:41:55","slug":"hyperurikosurie-huu-slc","status":"publish","type":"page","link":"https:\/\/laboklin.de\/de\/leistungen\/genetik\/erbkrankheiten\/hund\/hyperurikosurie-huu-slc\/","title":{"rendered":"Hyperurikosurie (HUU\/SLC)"},"content":{"rendered":"<h3 class=\"csc-firstHeader\">Hyperurikosurie (HUU\/SLC)<\/h3><p><span>LABOKLIN Leistungs-ID: 8154<\/span><\/p><p class=\"bodytext\">Die Hyperurikosurie und Hyperurik\u00e4mie ist eine von Geburt an auftretende Ver\u00e4nderung im Purinstoffwechsel. Normalerweise wird dabei vom Hund Allantion als Endprodukt ausgeschieden. Hunde, die die Mutation im SLC2A9-Gen homozygot tragen scheiden wesentlich weniger Allantoin und mehr Harns\u00e4ure aus (Hyperurikosurie). Ebenso wie im Harn ist der Gehalt an Harns\u00e4ure im Plasma um das 2- bis 4-fache h\u00f6her als bei gesunden Hunden (Hyperurik\u00e4mie). Da die Harns\u00e4ure weniger gut wasserl\u00f6slich ist als Allantoin, k\u00f6nnen h\u00f6here Mengen im Harn zu Kristallbildung f\u00fchren, es entstehen Blasensteine, die h\u00e4ufig operativ entfernt werden m\u00fcssen. Betroffene Hunde sollten vorbeugend eine purinarme Di\u00e4t erhalten, au\u00dferdem muss auf ausreichende Fl\u00fcssigkeitszufuhr geachtet werden.<\/p><table class=\"tx-laboklinleistung-table contenttable contenttable-2\" style=\"margin-top: 35px;\"><tr><td class=\"td-0\"><strong>Methode<\/strong><\/td><td class=\"td-1\"><p class=\"bodytext\">TaqMan SNP Assay<\/p><\/td><\/tr><tr><td class=\"td-0\"><strong>Erbgang<\/strong><\/td><td class=\"td-1\"><p class=\"bodytext\">autosomal-rezessiv<\/p><\/td><\/tr><tr><td class=\"td-0\"><strong>Dauer<\/strong><\/td><td class=\"td-1\"><p class=\"bodytext\">3 - 5 Werktage nach Erhalt der Probe<\/p><\/td><\/tr><\/table>\n","protected":false},"excerpt":{"rendered":"<p>Hyperurikosurie (HUU\/SLC)LABOKLIN Leistungs-ID: 8154Die Hyperurikosurie und Hyperurik\u00e4mie ist eine von Geburt an auftretende Ver\u00e4nderung im Purinstoffwechsel. Normalerweise wird dabei vom Hund Allantion als Endprodukt ausgeschieden. Hunde, die die Mutation im SLC2A9-Gen homozygot tragen scheiden wesentlich weniger Allantoin und mehr Harns\u00e4ure aus (Hyperurikosurie). Ebenso wie im Harn ist der Gehalt an Harns\u00e4ure im Plasma um das&hellip;<\/p>\n","protected":false},"author":1,"featured_media":0,"parent":1211000,"menu_order":117,"comment_status":"closed","ping_status":"closed","template":"","meta":{"_seopress_robots_primary_cat":"","_seopress_titles_title":"","_seopress_titles_desc":"","_seopress_robots_index":"","footnotes":""},"class_list":["post-1211147","page","type-page","status-publish","hentry","description-off"],"_links":{"self":[{"href":"https:\/\/laboklin.de\/de\/wp-json\/wp\/v2\/pages\/1211147","targetHints":{"allow":["GET"]}}],"collection":[{"href":"https:\/\/laboklin.de\/de\/wp-json\/wp\/v2\/pages"}],"about":[{"href":"https:\/\/laboklin.de\/de\/wp-json\/wp\/v2\/types\/page"}],"author":[{"embeddable":true,"href":"https:\/\/laboklin.de\/de\/wp-json\/wp\/v2\/users\/1"}],"replies":[{"embeddable":true,"href":"https:\/\/laboklin.de\/de\/wp-json\/wp\/v2\/comments?post=1211147"}],"version-history":[{"count":1,"href":"https:\/\/laboklin.de\/de\/wp-json\/wp\/v2\/pages\/1211147\/revisions"}],"predecessor-version":[{"id":1507225,"href":"https:\/\/laboklin.de\/de\/wp-json\/wp\/v2\/pages\/1211147\/revisions\/1507225"}],"up":[{"embeddable":true,"href":"https:\/\/laboklin.de\/de\/wp-json\/wp\/v2\/pages\/1211000"}],"wp:attachment":[{"href":"https:\/\/laboklin.de\/de\/wp-json\/wp\/v2\/media?parent=1211147"}],"curies":[{"name":"wp","href":"https:\/\/api.w.org\/{rel}","templated":true}]}}