{"id":1211146,"date":"2020-10-16T11:36:27","date_gmt":"2020-10-16T09:36:27","guid":{"rendered":"https:\/\/laboklin.de\/de\/hereditaere-neuropathie-ghn"},"modified":"2025-02-06T12:41:19","modified_gmt":"2025-02-06T11:41:19","slug":"hereditaere-neuropathie-ghn","status":"publish","type":"page","link":"https:\/\/laboklin.de\/de\/leistungen\/genetik\/erbkrankheiten\/hund\/hereditaere-neuropathie-ghn\/","title":{"rendered":"Heredit\u00e4re Neuropathie (GHN)"},"content":{"rendered":"<h3 class=\"csc-firstHeader\">Heredit\u00e4re Neuropathie (GHN)<\/h3><p><span>LABOKLIN Leistungs-ID: 8179<\/span><\/p><p class=\"bodytext\">Bei der heredit\u00e4ren Neuropathie kommt es zu einer Unterversorgung der peripheren Nervenfasern und folglich zu einer Nervendegeneration. Aufgrund der fehlenden Stimulation der Muskulatur durch das periphere Nervensystem wird diese sukzessive abgebaut. Die ersten klinischen Anzeichen zeigen sich in den ersten zwei Lebensjahren. Symptome sind v.a. fortschreitende Muskelschw\u00e4che, geringe Belastbarkeit, Reflexausf\u00e4lle und eine Ataxie aller Gliedma\u00dfen, sp\u00e4ter Verlust des Stehverm\u00f6gens. Aufgrund einer fortschreitenden L\u00e4hmung des Kehlkopfes kommt es zu Atemproblemen und heiserem Bellen. Das Allgemeinbefinden ist unbeeintr\u00e4chtigt. H\u00e4ufig wird die Erkrankung auf Grund von \u00e4hnlichen Symptomen bei anderen neurologischen Problemen nicht oder falsch diagnostiziert. <\/p><table class=\"tx-laboklinleistung-table contenttable contenttable-2\" style=\"margin-top: 35px;\"><tr><td class=\"td-0\"><strong>Methode<\/strong><\/td><td class=\"td-1\"><p class=\"bodytext\">Fragmentl\u00e4ngenanalyse<\/p><\/td><\/tr><tr><td class=\"td-0\"><strong>Rasse<\/strong><\/td><td class=\"td-1\"><p class=\"bodytext\">Greyhound<\/p><\/td><\/tr><tr><td class=\"td-0\"><strong>Erbgang<\/strong><\/td><td class=\"td-1\"><p class=\"bodytext\">autosomal-rezessiv<\/p><\/td><\/tr><tr><td class=\"td-0\"><strong>Dauer<\/strong><\/td><td class=\"td-1\"><p class=\"bodytext\">1 - 2 Wochen nach Erhalt der Probe<\/p><\/td><\/tr><\/table>\n","protected":false},"excerpt":{"rendered":"<p>Heredit\u00e4re Neuropathie (GHN)LABOKLIN Leistungs-ID: 8179Bei der heredit\u00e4ren Neuropathie kommt es zu einer Unterversorgung der peripheren Nervenfasern und folglich zu einer Nervendegeneration. Aufgrund der fehlenden Stimulation der Muskulatur durch das periphere Nervensystem wird diese sukzessive abgebaut. Die ersten klinischen Anzeichen zeigen sich in den ersten zwei Lebensjahren. Symptome sind v.a. fortschreitende Muskelschw\u00e4che, geringe Belastbarkeit, Reflexausf\u00e4lle und&hellip;<\/p>\n","protected":false},"author":1,"featured_media":0,"parent":1211000,"menu_order":37,"comment_status":"closed","ping_status":"closed","template":"","meta":{"_seopress_robots_primary_cat":"","_seopress_titles_title":"","_seopress_titles_desc":"","_seopress_robots_index":"","footnotes":""},"class_list":["post-1211146","page","type-page","status-publish","hentry","description-off"],"_links":{"self":[{"href":"https:\/\/laboklin.de\/de\/wp-json\/wp\/v2\/pages\/1211146","targetHints":{"allow":["GET"]}}],"collection":[{"href":"https:\/\/laboklin.de\/de\/wp-json\/wp\/v2\/pages"}],"about":[{"href":"https:\/\/laboklin.de\/de\/wp-json\/wp\/v2\/types\/page"}],"author":[{"embeddable":true,"href":"https:\/\/laboklin.de\/de\/wp-json\/wp\/v2\/users\/1"}],"replies":[{"embeddable":true,"href":"https:\/\/laboklin.de\/de\/wp-json\/wp\/v2\/comments?post=1211146"}],"version-history":[{"count":1,"href":"https:\/\/laboklin.de\/de\/wp-json\/wp\/v2\/pages\/1211146\/revisions"}],"predecessor-version":[{"id":1507222,"href":"https:\/\/laboklin.de\/de\/wp-json\/wp\/v2\/pages\/1211146\/revisions\/1507222"}],"up":[{"embeddable":true,"href":"https:\/\/laboklin.de\/de\/wp-json\/wp\/v2\/pages\/1211000"}],"wp:attachment":[{"href":"https:\/\/laboklin.de\/de\/wp-json\/wp\/v2\/media?parent=1211146"}],"curies":[{"name":"wp","href":"https:\/\/api.w.org\/{rel}","templated":true}]}}