{"id":1211143,"date":"2020-10-16T11:36:27","date_gmt":"2020-10-16T09:36:27","guid":{"rendered":"https:\/\/laboklin.de\/de\/familiaere-nephropathie-fn-2"},"modified":"2025-09-18T09:24:20","modified_gmt":"2025-09-18T07:24:20","slug":"familiaere-nephropathie-fn-2","status":"publish","type":"page","link":"https:\/\/laboklin.de\/de\/leistungen\/genetik\/erbkrankheiten\/hund\/familiaere-nephropathie-fn-2\/","title":{"rendered":"Famili\u00e4re Nephropathie (FN) (Englisch Springer Spaniel, Samojede)"},"content":{"rendered":"<h3 class=\"csc-firstHeader\">Famili\u00e4re Nephropathie (FN)<\/h3><p><span>LABOKLIN Leistungs-ID: 8192<\/span><\/p><p class=\"bodytext\">Die Famil\u00e4re Nephropathie (FN) des Englisch Springer Spaniel und des Samojeden ist eine Nierenerkrankung, die bei betroffenen Hunden zu chronischen Nierenfunktionsst\u00f6rungen im Alter von 6 Monaten bis 2 Jahren f\u00fchrt. Die Zerst\u00f6rung beider Nieren kann dabei sehr schnell voranschrieten und zum Tod f\u00fchren. Symptome sind, wie auch bei anderen Nephropathien, \u00fcberm\u00e4\u00dfiger Durst, ein verz\u00f6gertes Wachstum und Gewichtsverlust, zudem verminderter Appetit und Erbrechen (Vomitus). Hervorgerufen werden diese Symptome dadurch, dass durch einen gest\u00f6rten Aufbau im Filtersystem (Glomeruli) der gesch\u00e4digten Niere keine ad\u00e4quate Trennung zwischen Abbauprodukten, die \u00fcber den Urin ausgeschieden werden, und dem ges\u00e4uberten Blut mehr gew\u00e4hrleistet ist. Bei der erblichen Nierenfunktionsst\u00f6rung FN ist der Membranbestandteil (Trennwand) Kollagen Typ IV defekt.<\/p><table class=\"tx-laboklinleistung-table contenttable contenttable-2\" style=\"margin-top: 35px;\"><tr><td class=\"td-0\"><strong>Methode<\/strong><\/td><td class=\"td-1\"><p class=\"bodytext\">Sequenzierung<\/p><\/td><\/tr><tr><td class=\"td-0\"><strong>Rasse<\/strong><\/td><td class=\"td-1\"><p class=\"bodytext\">English Springer Spaniel, Samojede<\/p><\/td><\/tr><tr><td class=\"td-0\"><strong>Erbgang<\/strong><\/td><td class=\"td-1\"><p class=\"bodytext\">autosomal-rezessiv bei English Springer Spaniel;<br>X-chromosomal-rezessiv bei Samojede<\/p><\/td><\/tr><tr><td class=\"td-0\"><strong>Dauer<\/strong><\/td><td class=\"td-1\"><p class=\"bodytext\">1 - 2 Wochen nach Erhalt der Probe<\/p><\/td><\/tr><\/table>\n","protected":false},"excerpt":{"rendered":"<p>Famili\u00e4re Nephropathie (FN)LABOKLIN Leistungs-ID: 8192Die Famil\u00e4re Nephropathie (FN) des Englisch Springer Spaniel und des Samojeden ist eine Nierenerkrankung, die bei betroffenen Hunden zu chronischen Nierenfunktionsst\u00f6rungen im Alter von 6 Monaten bis 2 Jahren f\u00fchrt. Die Zerst\u00f6rung beider Nieren kann dabei sehr schnell voranschrieten und zum Tod f\u00fchren. Symptome sind, wie auch bei anderen Nephropathien, \u00fcberm\u00e4\u00dfiger&hellip;<\/p>\n","protected":false},"author":1,"featured_media":0,"parent":1211000,"menu_order":38,"comment_status":"closed","ping_status":"closed","template":"","meta":{"_seopress_robots_primary_cat":"","_seopress_titles_title":"","_seopress_titles_desc":"","_seopress_robots_index":"","footnotes":""},"class_list":["post-1211143","page","type-page","status-publish","hentry","description-off"],"_links":{"self":[{"href":"https:\/\/laboklin.de\/de\/wp-json\/wp\/v2\/pages\/1211143","targetHints":{"allow":["GET"]}}],"collection":[{"href":"https:\/\/laboklin.de\/de\/wp-json\/wp\/v2\/pages"}],"about":[{"href":"https:\/\/laboklin.de\/de\/wp-json\/wp\/v2\/types\/page"}],"author":[{"embeddable":true,"href":"https:\/\/laboklin.de\/de\/wp-json\/wp\/v2\/users\/1"}],"replies":[{"embeddable":true,"href":"https:\/\/laboklin.de\/de\/wp-json\/wp\/v2\/comments?post=1211143"}],"version-history":[{"count":3,"href":"https:\/\/laboklin.de\/de\/wp-json\/wp\/v2\/pages\/1211143\/revisions"}],"predecessor-version":[{"id":1562778,"href":"https:\/\/laboklin.de\/de\/wp-json\/wp\/v2\/pages\/1211143\/revisions\/1562778"}],"up":[{"embeddable":true,"href":"https:\/\/laboklin.de\/de\/wp-json\/wp\/v2\/pages\/1211000"}],"wp:attachment":[{"href":"https:\/\/laboklin.de\/de\/wp-json\/wp\/v2\/media?parent=1211143"}],"curies":[{"name":"wp","href":"https:\/\/api.w.org\/{rel}","templated":true}]}}