{"id":1211141,"date":"2020-10-16T11:36:27","date_gmt":"2020-10-16T09:36:27","guid":{"rendered":"https:\/\/laboklin.de\/de\/faltendoggen-syndrom-ichthyose"},"modified":"2025-02-05T13:03:22","modified_gmt":"2025-02-05T12:03:22","slug":"faltendoggen-syndrom-ichthyose","status":"publish","type":"page","link":"https:\/\/laboklin.de\/de\/leistungen\/genetik\/erbkrankheiten\/hund\/faltendoggen-syndrom-ichthyose\/","title":{"rendered":"Faltendoggen Syndrom (Ichthyose)"},"content":{"rendered":"<h3 class=\"csc-firstHeader\">Faltendoggen Syndrom (Ichthyose)<\/h3><p><span>LABOKLIN Leistungs-ID: 8317<\/span><\/p><p class=\"bodytext\">Ichthyose ist eine Erbkrankheit, die durch generalisierte schwere Hyperkeratose und Bildung einer stark faltigen, verdickten und schuppenden Haut vor allem im Bereich der Augen und Nase gekennzeichnet ist. Diese lamell\u00e4re Ichthyose ist bislang nur bei der Deutschen Dogge bekannt und hat ihre Ursache in einer Genmutation, die bisher ausschlie\u00dflich bei dieser Rasse nachgewiesen wurde. Die Haut wird im Verlauf der Erkrankung trocken und verliert ihre Elastizit\u00e4t, wodurch ein generalisiert faltiges Aussehen \u00fcberwiegend im Kopfbereich entsteht. Zudem kann es bei betroffenen Welpen zu starken Schwellungen der Augenliedern kommen, die das \u00d6ffnen der Augen unm\u00f6glich machen. Erschwerend kommt hinzu, dass die ver\u00e4nderte Haut im Bereich der Falten Infektionen beg\u00fcnstigt, wodurch sich der Krankheitsverlauf verschlimmert und eine Behandlung erschwert wird.<\/p><table class=\"tx-laboklinleistung-table contenttable contenttable-2\" style=\"margin-top: 35px;\"><tr><td class=\"td-0\"><strong>Methode<\/strong><\/td><td class=\"td-1\"><p class=\"bodytext\">Sequenzierung<\/p><\/td><\/tr><tr><td class=\"td-0\"><strong>Rasse<\/strong><\/td><td class=\"td-1\"><p class=\"bodytext\">Deutsche Dogge<\/p><\/td><\/tr><tr><td class=\"td-0\"><strong>Erbgang<\/strong><\/td><td class=\"td-1\"><p class=\"bodytext\">autosomal-rezessiv<\/p><\/td><\/tr><tr><td class=\"td-0\"><strong>Dauer<\/strong><\/td><td class=\"td-1\"><p class=\"bodytext\">1 - 2 Wochen nach Erhalt der Probe<\/p><\/td><\/tr><\/table>\n","protected":false},"excerpt":{"rendered":"<p>Faltendoggen Syndrom (Ichthyose)LABOKLIN Leistungs-ID: 8317Ichthyose ist eine Erbkrankheit, die durch generalisierte schwere Hyperkeratose und Bildung einer stark faltigen, verdickten und schuppenden Haut vor allem im Bereich der Augen und Nase gekennzeichnet ist. Diese lamell\u00e4re Ichthyose ist bislang nur bei der Deutschen Dogge bekannt und hat ihre Ursache in einer Genmutation, die bisher ausschlie\u00dflich bei dieser&hellip;<\/p>\n","protected":false},"author":1,"featured_media":0,"parent":1211000,"menu_order":39,"comment_status":"closed","ping_status":"closed","template":"","meta":{"_seopress_robots_primary_cat":"","_seopress_titles_title":"","_seopress_titles_desc":"","_seopress_robots_index":"","footnotes":""},"class_list":["post-1211141","page","type-page","status-publish","hentry","description-off"],"_links":{"self":[{"href":"https:\/\/laboklin.de\/de\/wp-json\/wp\/v2\/pages\/1211141","targetHints":{"allow":["GET"]}}],"collection":[{"href":"https:\/\/laboklin.de\/de\/wp-json\/wp\/v2\/pages"}],"about":[{"href":"https:\/\/laboklin.de\/de\/wp-json\/wp\/v2\/types\/page"}],"author":[{"embeddable":true,"href":"https:\/\/laboklin.de\/de\/wp-json\/wp\/v2\/users\/1"}],"replies":[{"embeddable":true,"href":"https:\/\/laboklin.de\/de\/wp-json\/wp\/v2\/comments?post=1211141"}],"version-history":[{"count":1,"href":"https:\/\/laboklin.de\/de\/wp-json\/wp\/v2\/pages\/1211141\/revisions"}],"predecessor-version":[{"id":1507000,"href":"https:\/\/laboklin.de\/de\/wp-json\/wp\/v2\/pages\/1211141\/revisions\/1507000"}],"up":[{"embeddable":true,"href":"https:\/\/laboklin.de\/de\/wp-json\/wp\/v2\/pages\/1211000"}],"wp:attachment":[{"href":"https:\/\/laboklin.de\/de\/wp-json\/wp\/v2\/media?parent=1211141"}],"curies":[{"name":"wp","href":"https:\/\/api.w.org\/{rel}","templated":true}]}}