{"id":1211136,"date":"2020-10-16T11:36:27","date_gmt":"2020-10-16T09:36:27","guid":{"rendered":"https:\/\/laboklin.de\/de\/brachyurie-stummelrute"},"modified":"2025-02-05T11:34:59","modified_gmt":"2025-02-05T10:34:59","slug":"brachyurie-stummelrute","status":"publish","type":"page","link":"https:\/\/laboklin.de\/de\/leistungen\/genetik\/erbkrankheiten\/hund\/brachyurie-stummelrute\/","title":{"rendered":"Brachyurie (Stummelrute)"},"content":{"rendered":"<h3 class=\"csc-firstHeader\">Brachyurie (Stummelrute)<\/h3><p><span>LABOKLIN Leistungs-ID: 8219<\/span><\/p><p class=\"bodytext\">Vielen Hunderassen verleiht die L\u00e4nge der Rute ihr charakteristisches Aussehen. Das Kupieren eines Hundes ist in Deutschland seit 1998 verboten. Auch das Ausstellen und die Teilnahme an Veranstaltungen, bei denen diese Hunde verglichen, gepr\u00fcft oder beurteilt werden, ist gem\u00e4\u00df Tierschutzhundeverordnung nicht mehr erlaubt. Die DNA-Analyse erlaubt den Nachweis, ob die Stummelrute nat\u00fcrlichen Ursprungs ist. Das Vorhandensein von zwei Brachyurie-Allelen (homozygoter Genotyp) ist w\u00e4hrend der Embryogenese letal. Daher ist die Gr\u00f6\u00dfe des Wurfes bei einer Verpaarung zweier stummelschw\u00e4nziger Hunde im Vergleich zu einer Verpaarung zweier langschw\u00e4nziger Hunde verringert.<br \/>\r\nEs wurden sechs Rassen untersucht, bei denen jedoch die oben genannte Mutation nicht mit dem Auftreten einer Stummelrute korreliert war: Boston Terrier, English Bulldog, Cavalier King Charles Spaniel, Parson Russell Terrier, Rottweiler, Zwergschnauzer<\/p><table class=\"tx-laboklinleistung-table contenttable contenttable-2\" style=\"margin-top: 35px;\"><tr><td class=\"td-0\"><strong>Methode<\/strong><\/td><td class=\"td-1\"><p class=\"bodytext\">TaqMan SNP Assay<\/p><\/td><\/tr><tr><td class=\"td-0\"><strong>Rasse<\/strong><\/td><td class=\"td-1\"><p class=\"bodytext\">Ardennen-Treibhund, Australian Shepherd, Australian Stumpy Tail Cattle Dog, Berger de Savoie, Bourbonnaiser Vorstehhund, Brasilianischer Terrier, Bretonischer Spaniel, Cardigan Welsh Corgi, Dansk-Svensk Gardshund, Jack Russell Terrier, Karelischer B\u00e4renhund, Kroatischer Sch\u00e4ferhund, Miniature American Shepherd, Mudi, Pembroke Welsh Corgi, Polnischer Niederungsh\u00fctehund (PON), Pyren\u00e4en Sch\u00e4ferhund, Schipperke, Schwedischer Wallhund (V\u00e4stg\u00f6taspets), Spanischer Wasserhund, Welsh Corgi (Cardigan\/Pembroke), \u00d6sterreichischer Pinscher<\/p><\/td><\/tr><tr><td class=\"td-0\"><strong>Erbgang<\/strong><\/td><td class=\"td-1\"><p class=\"bodytext\">autosomal-dominant<\/p><\/td><\/tr><tr><td class=\"td-0\"><strong>Dauer<\/strong><\/td><td class=\"td-1\"><p class=\"bodytext\">3 - 5 Werktage nach Erhalt der Probe<\/p><\/td><\/tr><\/table>\n","protected":false},"excerpt":{"rendered":"<p>Brachyurie (Stummelrute)LABOKLIN Leistungs-ID: 8219Vielen Hunderassen verleiht die L\u00e4nge der Rute ihr charakteristisches Aussehen. Das Kupieren eines Hundes ist in Deutschland seit 1998 verboten. Auch das Ausstellen und die Teilnahme an Veranstaltungen, bei denen diese Hunde verglichen, gepr\u00fcft oder beurteilt werden, ist gem\u00e4\u00df Tierschutzhundeverordnung nicht mehr erlaubt. Die DNA-Analyse erlaubt den Nachweis, ob die Stummelrute nat\u00fcrlichen&hellip;<\/p>\n","protected":false},"author":1,"featured_media":0,"parent":1211000,"menu_order":41,"comment_status":"closed","ping_status":"closed","template":"","meta":{"_seopress_robots_primary_cat":"","_seopress_titles_title":"","_seopress_titles_desc":"","_seopress_robots_index":"","footnotes":""},"class_list":["post-1211136","page","type-page","status-publish","hentry","description-off"],"_links":{"self":[{"href":"https:\/\/laboklin.de\/de\/wp-json\/wp\/v2\/pages\/1211136","targetHints":{"allow":["GET"]}}],"collection":[{"href":"https:\/\/laboklin.de\/de\/wp-json\/wp\/v2\/pages"}],"about":[{"href":"https:\/\/laboklin.de\/de\/wp-json\/wp\/v2\/types\/page"}],"author":[{"embeddable":true,"href":"https:\/\/laboklin.de\/de\/wp-json\/wp\/v2\/users\/1"}],"replies":[{"embeddable":true,"href":"https:\/\/laboklin.de\/de\/wp-json\/wp\/v2\/comments?post=1211136"}],"version-history":[{"count":1,"href":"https:\/\/laboklin.de\/de\/wp-json\/wp\/v2\/pages\/1211136\/revisions"}],"predecessor-version":[{"id":1506910,"href":"https:\/\/laboklin.de\/de\/wp-json\/wp\/v2\/pages\/1211136\/revisions\/1506910"}],"up":[{"embeddable":true,"href":"https:\/\/laboklin.de\/de\/wp-json\/wp\/v2\/pages\/1211000"}],"wp:attachment":[{"href":"https:\/\/laboklin.de\/de\/wp-json\/wp\/v2\/media?parent=1211136"}],"curies":[{"name":"wp","href":"https:\/\/api.w.org\/{rel}","templated":true}]}}