{"id":1211133,"date":"2020-10-16T11:36:27","date_gmt":"2020-10-16T09:36:27","guid":{"rendered":"https:\/\/laboklin.de\/de\/alexander-krankheit-axd"},"modified":"2025-02-05T11:33:29","modified_gmt":"2025-02-05T10:33:29","slug":"alexander-krankheit-axd","status":"publish","type":"page","link":"https:\/\/laboklin.de\/de\/leistungen\/genetik\/erbkrankheiten\/hund\/alexander-krankheit-axd\/","title":{"rendered":"Alexander Krankheit (AxD)"},"content":{"rendered":"<h3 class=\"csc-firstHeader\">Alexander Krankheit (AxD)<\/h3><p><span>LABOKLIN Leistungs-ID: 8601<\/span><\/p><p class=\"bodytext\">Die Alexander-Krankheit ist eine t\u00f6dliche neurodegenerative Erkrankung beim Menschen, die durch eine Astrozytenfunktionsst\u00f6rung gekennzeichnet ist. Die  Alexander-Krankheit wird meist durch eine Mutation des Intermedi\u00e4rfilament-Proteins GFAP (glial fibrillary acid protein) verursacht. Eine vergleichbare Erkrankung konnte bei einem Labrador Retriever beobachtet werden. Der Hund entwickelte eine progressiv verlaufende Tetraparese mit einer spastischen Haltung der vorderen Gliedma\u00dfen und einem abgeflachten Brustkorb. Sp\u00e4ter wurden bei dem Hund myoklonische Zuckungen in der Kopf- und Halsregion, fehlender Patellarreflex, Schw\u00e4che an allen Gliedma\u00dfen und milder genereller Muskelschwund sichtbar. Der Welpe wurde im Alter von 4,5 Monaten euthanasiert.<\/p><table class=\"tx-laboklinleistung-table contenttable contenttable-2\" style=\"margin-top: 35px;\"><tr><td class=\"td-0\"><strong>Methode<\/strong><\/td><td class=\"td-1\"><p class=\"bodytext\">Sequenzierung<\/p><\/td><\/tr><tr><td class=\"td-0\"><strong>Rasse<\/strong><\/td><td class=\"td-1\"><p class=\"bodytext\">Australian-Labradoodle (Cobberdog), Labradoodle, Labrador Retriever<\/p><\/td><\/tr><tr><td class=\"td-0\"><strong>Erbgang<\/strong><\/td><td class=\"td-1\"><p class=\"bodytext\">autosomal-dominant<\/p><\/td><\/tr><tr><td class=\"td-0\"><strong>Dauer<\/strong><\/td><td class=\"td-1\"><p class=\"bodytext\">1 - 2 Wochen nach Erhalt der Probe<\/p><\/td><\/tr><\/table>\n","protected":false},"excerpt":{"rendered":"<p>Alexander Krankheit (AxD)LABOKLIN Leistungs-ID: 8601Die Alexander-Krankheit ist eine t\u00f6dliche neurodegenerative Erkrankung beim Menschen, die durch eine Astrozytenfunktionsst\u00f6rung gekennzeichnet ist. Die Alexander-Krankheit wird meist durch eine Mutation des Intermedi\u00e4rfilament-Proteins GFAP (glial fibrillary acid protein) verursacht. Eine vergleichbare Erkrankung konnte bei einem Labrador Retriever beobachtet werden. Der Hund entwickelte eine progressiv verlaufende Tetraparese mit einer spastischen Haltung&hellip;<\/p>\n","protected":false},"author":1,"featured_media":0,"parent":1211000,"menu_order":42,"comment_status":"closed","ping_status":"closed","template":"","meta":{"_seopress_robots_primary_cat":"","_seopress_titles_title":"","_seopress_titles_desc":"","_seopress_robots_index":"","footnotes":""},"class_list":["post-1211133","page","type-page","status-publish","hentry","description-off"],"_links":{"self":[{"href":"https:\/\/laboklin.de\/de\/wp-json\/wp\/v2\/pages\/1211133","targetHints":{"allow":["GET"]}}],"collection":[{"href":"https:\/\/laboklin.de\/de\/wp-json\/wp\/v2\/pages"}],"about":[{"href":"https:\/\/laboklin.de\/de\/wp-json\/wp\/v2\/types\/page"}],"author":[{"embeddable":true,"href":"https:\/\/laboklin.de\/de\/wp-json\/wp\/v2\/users\/1"}],"replies":[{"embeddable":true,"href":"https:\/\/laboklin.de\/de\/wp-json\/wp\/v2\/comments?post=1211133"}],"version-history":[{"count":1,"href":"https:\/\/laboklin.de\/de\/wp-json\/wp\/v2\/pages\/1211133\/revisions"}],"predecessor-version":[{"id":1506907,"href":"https:\/\/laboklin.de\/de\/wp-json\/wp\/v2\/pages\/1211133\/revisions\/1506907"}],"up":[{"embeddable":true,"href":"https:\/\/laboklin.de\/de\/wp-json\/wp\/v2\/pages\/1211000"}],"wp:attachment":[{"href":"https:\/\/laboklin.de\/de\/wp-json\/wp\/v2\/media?parent=1211133"}],"curies":[{"name":"wp","href":"https:\/\/api.w.org\/{rel}","templated":true}]}}