{"id":1211131,"date":"2020-10-16T11:36:27","date_gmt":"2020-10-16T09:36:27","guid":{"rendered":"https:\/\/laboklin.de\/de\/alaskan-husky-enzephalopathie-ahe"},"modified":"2025-02-05T11:31:59","modified_gmt":"2025-02-05T10:31:59","slug":"alaskan-husky-enzephalopathie-ahe","status":"publish","type":"page","link":"https:\/\/laboklin.de\/de\/leistungen\/genetik\/erbkrankheiten\/hund\/alaskan-husky-enzephalopathie-ahe\/","title":{"rendered":"Alaskan Husky Enzephalopathie (AHE)"},"content":{"rendered":"<h3 class=\"csc-firstHeader\">Alaskan Husky Enzephalopathie (AHE)<\/h3><p><span>LABOKLIN Leistungs-ID: 8313<\/span><\/p><p class=\"bodytext\">Die Alaskan Husky Enzephalopathie (AHE) ist eine bereits bei Welpen t\u00f6dlich verlaufende Erkrankung. Beim Menschen umfasst das Leight-Syndrom (LS) eine Gruppe von Krankheiten mit \u00e4hnlichem Verlauf und variablen klinischen Symptomen. Betroffene Hunde zeigen vor allem zentral nerv\u00f6se Ausf\u00e4lle wie Verhaltens- und Schluckst\u00f6rung, fehlende Reaktionsf\u00e4higkeit und Schmerzunempfindlichkeit, Blindheit, Bewegungs- und Koordinationsst\u00f6rungen, Ataxie und L\u00e4hmungen. Im Unterschied zur LS beim Menschen ist die AHE beim Hund keine prim\u00e4re mitochondriale Enzephalopathie. Sie wird urs\u00e4chlich von einer genetischen Ver\u00e4nderung eines Thiamintransporters ausgel\u00f6st. <\/p><table class=\"tx-laboklinleistung-table contenttable contenttable-2\" style=\"margin-top: 35px;\"><tr><td class=\"td-0\"><strong>Methode<\/strong><\/td><td class=\"td-1\"><p class=\"bodytext\">TaqMan SNP Assay<\/p><\/td><\/tr><tr><td class=\"td-0\"><strong>Rasse<\/strong><\/td><td class=\"td-1\"><p class=\"bodytext\">Siberian Husky<\/p><\/td><\/tr><tr><td class=\"td-0\"><strong>Erbgang<\/strong><\/td><td class=\"td-1\"><p class=\"bodytext\">autosomal-rezessiv<\/p><\/td><\/tr><tr><td class=\"td-0\"><strong>Dauer<\/strong><\/td><td class=\"td-1\"><p class=\"bodytext\">3 - 5 Werktage nach Erhalt der Probe<\/p><\/td><\/tr><\/table>\n","protected":false},"excerpt":{"rendered":"<p>Alaskan Husky Enzephalopathie (AHE)LABOKLIN Leistungs-ID: 8313Die Alaskan Husky Enzephalopathie (AHE) ist eine bereits bei Welpen t\u00f6dlich verlaufende Erkrankung. Beim Menschen umfasst das Leight-Syndrom (LS) eine Gruppe von Krankheiten mit \u00e4hnlichem Verlauf und variablen klinischen Symptomen. Betroffene Hunde zeigen vor allem zentral nerv\u00f6se Ausf\u00e4lle wie Verhaltens- und Schluckst\u00f6rung, fehlende Reaktionsf\u00e4higkeit und Schmerzunempfindlichkeit, Blindheit, Bewegungs- und Koordinationsst\u00f6rungen,&hellip;<\/p>\n","protected":false},"author":1,"featured_media":0,"parent":1211000,"menu_order":43,"comment_status":"closed","ping_status":"closed","template":"","meta":{"_seopress_robots_primary_cat":"","_seopress_titles_title":"","_seopress_titles_desc":"","_seopress_robots_index":"","footnotes":""},"class_list":["post-1211131","page","type-page","status-publish","hentry","description-off"],"_links":{"self":[{"href":"https:\/\/laboklin.de\/de\/wp-json\/wp\/v2\/pages\/1211131","targetHints":{"allow":["GET"]}}],"collection":[{"href":"https:\/\/laboklin.de\/de\/wp-json\/wp\/v2\/pages"}],"about":[{"href":"https:\/\/laboklin.de\/de\/wp-json\/wp\/v2\/types\/page"}],"author":[{"embeddable":true,"href":"https:\/\/laboklin.de\/de\/wp-json\/wp\/v2\/users\/1"}],"replies":[{"embeddable":true,"href":"https:\/\/laboklin.de\/de\/wp-json\/wp\/v2\/comments?post=1211131"}],"version-history":[{"count":1,"href":"https:\/\/laboklin.de\/de\/wp-json\/wp\/v2\/pages\/1211131\/revisions"}],"predecessor-version":[{"id":1506905,"href":"https:\/\/laboklin.de\/de\/wp-json\/wp\/v2\/pages\/1211131\/revisions\/1506905"}],"up":[{"embeddable":true,"href":"https:\/\/laboklin.de\/de\/wp-json\/wp\/v2\/pages\/1211000"}],"wp:attachment":[{"href":"https:\/\/laboklin.de\/de\/wp-json\/wp\/v2\/media?parent=1211131"}],"curies":[{"name":"wp","href":"https:\/\/api.w.org\/{rel}","templated":true}]}}