{"id":1211129,"date":"2020-10-16T11:36:27","date_gmt":"2020-10-16T09:36:27","guid":{"rendered":"https:\/\/laboklin.de\/de\/akatalasaemie"},"modified":"2025-02-05T11:29:28","modified_gmt":"2025-02-05T10:29:28","slug":"akatalasaemie","status":"publish","type":"page","link":"https:\/\/laboklin.de\/de\/leistungen\/genetik\/erbkrankheiten\/hund\/akatalasaemie\/","title":{"rendered":"Akatalas\u00e4mie"},"content":{"rendered":"<h3 class=\"csc-firstHeader\">Akatalas\u00e4mie<\/h3><p><span>LABOKLIN Leistungs-ID: 8552<\/span><\/p><p class=\"bodytext\">Akatalas\u00e4mie wird verursacht durch das Fehlen des Enzyms Katalase, das wichtig ist f\u00fcr die zellul\u00e4re Abwehr von oxidativem Stress. Betroffene Hunde leiden unter Gewebsnekrosen im Mundraum. Diese Erkrankung wurde in einer Laborkolonie von Beaglen entdeckt und dient als Tiermodell f\u00fcr die Takahara-Krankheit beim Menschen.<\/p><table class=\"tx-laboklinleistung-table contenttable contenttable-2\" style=\"margin-top: 35px;\"><tr><td class=\"td-0\"><strong>Methode<\/strong><\/td><td class=\"td-1\"><p class=\"bodytext\">TaqMan SNP Assay<\/p><\/td><\/tr><tr><td class=\"td-0\"><strong>Rasse<\/strong><\/td><td class=\"td-1\"><p class=\"bodytext\">Beagle<\/p><\/td><\/tr><tr><td class=\"td-0\"><strong>Erbgang<\/strong><\/td><td class=\"td-1\"><p class=\"bodytext\">vermutlich autosomal-rezessiv<\/p><\/td><\/tr><tr><td class=\"td-0\"><strong>Dauer<\/strong><\/td><td class=\"td-1\"><p class=\"bodytext\">3 - 5 Werktage nach Erhalt der Probe<\/p><\/td><\/tr><\/table>\n","protected":false},"excerpt":{"rendered":"<p>Akatalas\u00e4mieLABOKLIN Leistungs-ID: 8552Akatalas\u00e4mie wird verursacht durch das Fehlen des Enzyms Katalase, das wichtig ist f\u00fcr die zellul\u00e4re Abwehr von oxidativem Stress. Betroffene Hunde leiden unter Gewebsnekrosen im Mundraum. Diese Erkrankung wurde in einer Laborkolonie von Beaglen entdeckt und dient als Tiermodell f\u00fcr die Takahara-Krankheit beim Menschen.MethodeTaqMan SNP AssayRasseBeagleErbgangvermutlich autosomal-rezessivDauer3 &#8211; 5 Werktage nach Erhalt der&hellip;<\/p>\n","protected":false},"author":1,"featured_media":0,"parent":1211000,"menu_order":131,"comment_status":"closed","ping_status":"closed","template":"","meta":{"_seopress_robots_primary_cat":"","_seopress_titles_title":"","_seopress_titles_desc":"","_seopress_robots_index":"","footnotes":""},"class_list":["post-1211129","page","type-page","status-publish","hentry","description-off"],"_links":{"self":[{"href":"https:\/\/laboklin.de\/de\/wp-json\/wp\/v2\/pages\/1211129","targetHints":{"allow":["GET"]}}],"collection":[{"href":"https:\/\/laboklin.de\/de\/wp-json\/wp\/v2\/pages"}],"about":[{"href":"https:\/\/laboklin.de\/de\/wp-json\/wp\/v2\/types\/page"}],"author":[{"embeddable":true,"href":"https:\/\/laboklin.de\/de\/wp-json\/wp\/v2\/users\/1"}],"replies":[{"embeddable":true,"href":"https:\/\/laboklin.de\/de\/wp-json\/wp\/v2\/comments?post=1211129"}],"version-history":[{"count":1,"href":"https:\/\/laboklin.de\/de\/wp-json\/wp\/v2\/pages\/1211129\/revisions"}],"predecessor-version":[{"id":1506898,"href":"https:\/\/laboklin.de\/de\/wp-json\/wp\/v2\/pages\/1211129\/revisions\/1506898"}],"up":[{"embeddable":true,"href":"https:\/\/laboklin.de\/de\/wp-json\/wp\/v2\/pages\/1211000"}],"wp:attachment":[{"href":"https:\/\/laboklin.de\/de\/wp-json\/wp\/v2\/media?parent=1211129"}],"curies":[{"name":"wp","href":"https:\/\/api.w.org\/{rel}","templated":true}]}}