{"id":1211125,"date":"2020-10-16T11:36:27","date_gmt":"2020-10-16T09:36:27","guid":{"rendered":"https:\/\/laboklin.de\/de\/cerebrale-dysfunktion-cdfs"},"modified":"2025-02-05T11:43:19","modified_gmt":"2025-02-05T10:43:19","slug":"cerebrale-dysfunktion-cdfs","status":"publish","type":"page","link":"https:\/\/laboklin.de\/de\/leistungen\/genetik\/erbkrankheiten\/hund\/cerebrale-dysfunktion-cdfs\/","title":{"rendered":"Cerebrale Dysfunktion (CDFS)"},"content":{"rendered":"<h3 class=\"csc-firstHeader\">Cerebrale Dysfunktion (CDFS)<\/h3><p><span>LABOKLIN Leistungs-ID: 8314<\/span><\/p><p class=\"bodytext\">Die Cerebrale Dysfunktion beim Stabijhoun ist eine erblich bedingte Krankheit des Gehirns. Aufgrund einer Genmutation kommt es zu einer Ver\u00e4nderung von Transportersystemen f\u00fcr Neurotransmitter, deren eingeschr\u00e4nkte Eigenschaften die Fehlfunktionen des zentralen Nervensystems verursachen. Klinisch zeigen die erkrankten Tiere ein sehr breites Spektrum an neuronalen Symptomen wie depressives Verhalten, Laufen im Kreis, auff\u00e4llig starkes Schn\u00fcffeln und R\u00fcckw\u00e4rtslaufen. <\/p><table class=\"tx-laboklinleistung-table contenttable contenttable-2\" style=\"margin-top: 35px;\"><tr><td class=\"td-0\"><strong>Methode<\/strong><\/td><td class=\"td-1\"><p class=\"bodytext\">TaqMan SNP Assay, ggf. Sequenzierung <\/p><\/td><\/tr><tr><td class=\"td-0\"><strong>Rasse<\/strong><\/td><td class=\"td-1\"><p class=\"bodytext\">Stabijhoun<\/p><\/td><\/tr><tr><td class=\"td-0\"><strong>Erbgang<\/strong><\/td><td class=\"td-1\"><p class=\"bodytext\">autosomal-rezessiv<\/p><\/td><\/tr><tr><td class=\"td-0\"><strong>Dauer<\/strong><\/td><td class=\"td-1\"><p class=\"bodytext\">3 - 5 Werktage nach Erhalt der Probe (bei Sequenzierung 1 - 2 Wochen)<\/p><\/td><\/tr><\/table>\n","protected":false},"excerpt":{"rendered":"<p>Cerebrale Dysfunktion (CDFS)LABOKLIN Leistungs-ID: 8314Die Cerebrale Dysfunktion beim Stabijhoun ist eine erblich bedingte Krankheit des Gehirns. Aufgrund einer Genmutation kommt es zu einer Ver\u00e4nderung von Transportersystemen f\u00fcr Neurotransmitter, deren eingeschr\u00e4nkte Eigenschaften die Fehlfunktionen des zentralen Nervensystems verursachen. Klinisch zeigen die erkrankten Tiere ein sehr breites Spektrum an neuronalen Symptomen wie depressives Verhalten, Laufen im Kreis,&hellip;<\/p>\n","protected":false},"author":1,"featured_media":0,"parent":1211000,"menu_order":134,"comment_status":"closed","ping_status":"closed","template":"","meta":{"_seopress_robots_primary_cat":"","_seopress_titles_title":"","_seopress_titles_desc":"","_seopress_robots_index":"","footnotes":""},"class_list":["post-1211125","page","type-page","status-publish","hentry","description-off"],"_links":{"self":[{"href":"https:\/\/laboklin.de\/de\/wp-json\/wp\/v2\/pages\/1211125","targetHints":{"allow":["GET"]}}],"collection":[{"href":"https:\/\/laboklin.de\/de\/wp-json\/wp\/v2\/pages"}],"about":[{"href":"https:\/\/laboklin.de\/de\/wp-json\/wp\/v2\/types\/page"}],"author":[{"embeddable":true,"href":"https:\/\/laboklin.de\/de\/wp-json\/wp\/v2\/users\/1"}],"replies":[{"embeddable":true,"href":"https:\/\/laboklin.de\/de\/wp-json\/wp\/v2\/comments?post=1211125"}],"version-history":[{"count":1,"href":"https:\/\/laboklin.de\/de\/wp-json\/wp\/v2\/pages\/1211125\/revisions"}],"predecessor-version":[{"id":1506930,"href":"https:\/\/laboklin.de\/de\/wp-json\/wp\/v2\/pages\/1211125\/revisions\/1506930"}],"up":[{"embeddable":true,"href":"https:\/\/laboklin.de\/de\/wp-json\/wp\/v2\/pages\/1211000"}],"wp:attachment":[{"href":"https:\/\/laboklin.de\/de\/wp-json\/wp\/v2\/media?parent=1211125"}],"curies":[{"name":"wp","href":"https:\/\/api.w.org\/{rel}","templated":true}]}}