{"id":1211118,"date":"2020-10-16T11:36:27","date_gmt":"2020-10-16T09:36:27","guid":{"rendered":"https:\/\/laboklin.de\/de\/dystrophic-epidermolysis-bullosa-deb"},"modified":"2025-02-05T12:52:46","modified_gmt":"2025-02-05T11:52:46","slug":"dystrophic-epidermolysis-bullosa-deb","status":"publish","type":"page","link":"https:\/\/laboklin.de\/de\/leistungen\/genetik\/erbkrankheiten\/hund\/dystrophic-epidermolysis-bullosa-deb\/","title":{"rendered":"Dystrophic epidermolysis bullosa (DEB)"},"content":{"rendered":"<h3 class=\"csc-firstHeader\">Dystrophic epidermolysis bullosa (DEB)<\/h3><p><span>LABOKLIN Leistungs-ID: 8643<\/span><\/p><p class=\"bodytext\">Epidermolysis bullosa l\u00e4sst sich durch eine Blasenbildung in der dermoepidermalen Verbindungszone charakterisieren. Bei einer dystrophischen Epidermolysis bullosa (DEB) befindet sich die Spaltung unterhalb der Lamina densa.  Bei der Rasse Mittelasiatischer Sch\u00e4ferhund konnte eine schwere Form von DEB beobachtet werden, welche autosomal-rezessiv vererbt wird. Die Erkrankung wird durch eine Nonsense-Mutation im COL7A1-Gen verursacht, welches f\u00fcr das Kollagen-VII-Protein in Epithelgeweben codiert. Die Symptome der Erkrankung zeigen sich \u00fcblicherweise zwischen Geburt und fr\u00fchem Welpenalter. Bei betroffenen Welpen  finden sich Hautl\u00e4sionen, Blasen und Geschw\u00fcre an Pfoten, Ohren, Schnauze und Maulschleimhaut. Betroffene Welpen m\u00fcssen aufgrund der schlechten Prognose euthanasiert werden.    <\/p><table class=\"tx-laboklinleistung-table contenttable contenttable-2\" style=\"margin-top: 35px;\"><tr><td class=\"td-0\"><strong>Methode<\/strong><\/td><td class=\"td-1\"><p class=\"bodytext\">Sequenzierung<\/p><\/td><\/tr><tr><td class=\"td-0\"><strong>Rasse<\/strong><\/td><td class=\"td-1\"><p class=\"bodytext\">Mittelasiatischer Sch\u00e4ferhund<\/p><\/td><\/tr><tr><td class=\"td-0\"><strong>Erbgang<\/strong><\/td><td class=\"td-1\"><p class=\"bodytext\">autosomal-rezessiv <\/p><\/td><\/tr><tr><td class=\"td-0\"><strong>Dauer<\/strong><\/td><td class=\"td-1\"><p class=\"bodytext\">1 - 2 Wochen nach Erhalt der Probe<\/p><\/td><\/tr><\/table>\n","protected":false},"excerpt":{"rendered":"<p>Dystrophic epidermolysis bullosa (DEB)LABOKLIN Leistungs-ID: 8643Epidermolysis bullosa l\u00e4sst sich durch eine Blasenbildung in der dermoepidermalen Verbindungszone charakterisieren. Bei einer dystrophischen Epidermolysis bullosa (DEB) befindet sich die Spaltung unterhalb der Lamina densa. Bei der Rasse Mittelasiatischer Sch\u00e4ferhund konnte eine schwere Form von DEB beobachtet werden, welche autosomal-rezessiv vererbt wird. Die Erkrankung wird durch eine Nonsense-Mutation im&hellip;<\/p>\n","protected":false},"author":1,"featured_media":0,"parent":1211000,"menu_order":48,"comment_status":"closed","ping_status":"closed","template":"","meta":{"_seopress_robots_primary_cat":"","_seopress_titles_title":"","_seopress_titles_desc":"","_seopress_robots_index":"","footnotes":""},"class_list":["post-1211118","page","type-page","status-publish","hentry","description-off"],"_links":{"self":[{"href":"https:\/\/laboklin.de\/de\/wp-json\/wp\/v2\/pages\/1211118","targetHints":{"allow":["GET"]}}],"collection":[{"href":"https:\/\/laboklin.de\/de\/wp-json\/wp\/v2\/pages"}],"about":[{"href":"https:\/\/laboklin.de\/de\/wp-json\/wp\/v2\/types\/page"}],"author":[{"embeddable":true,"href":"https:\/\/laboklin.de\/de\/wp-json\/wp\/v2\/users\/1"}],"replies":[{"embeddable":true,"href":"https:\/\/laboklin.de\/de\/wp-json\/wp\/v2\/comments?post=1211118"}],"version-history":[{"count":1,"href":"https:\/\/laboklin.de\/de\/wp-json\/wp\/v2\/pages\/1211118\/revisions"}],"predecessor-version":[{"id":1506978,"href":"https:\/\/laboklin.de\/de\/wp-json\/wp\/v2\/pages\/1211118\/revisions\/1506978"}],"up":[{"embeddable":true,"href":"https:\/\/laboklin.de\/de\/wp-json\/wp\/v2\/pages\/1211000"}],"wp:attachment":[{"href":"https:\/\/laboklin.de\/de\/wp-json\/wp\/v2\/media?parent=1211118"}],"curies":[{"name":"wp","href":"https:\/\/api.w.org\/{rel}","templated":true}]}}