{"id":1211114,"date":"2020-10-16T11:36:27","date_gmt":"2020-10-16T09:36:27","guid":{"rendered":"https:\/\/laboklin.de\/de\/dandy-walker-like-malformation-dwlm"},"modified":"2025-02-05T12:06:32","modified_gmt":"2025-02-05T11:06:32","slug":"dandy-walker-like-malformation-dwlm","status":"publish","type":"page","link":"https:\/\/laboklin.de\/de\/leistungen\/genetik\/erbkrankheiten\/hund\/dandy-walker-like-malformation-dwlm\/","title":{"rendered":"Dandy-Walker-like malformation (DWLM)"},"content":{"rendered":"<h3 class=\"csc-firstHeader\">Dandy-Walker-like malformation (DWLM)<\/h3><p><span>LABOKLIN Leistungs-ID: 8260<\/span><\/p><p class=\"bodytext\">Die Arbeitsgruppen um Prof. Andrea Fischer an der LMU M\u00fcnchen und Prof. Tosso Leeb an der Universit\u00e4t Bern haben als erstes die urs\u00e4chliche Mutation einer Kleinhirnhypoplasie beim Hund beschrieben: Die sogenannte Dandy-Walker-Like Malformation (DWLM) wird beim Eurasier von einer Mutation im VLDLR-Gen ausgel\u00f6st, die zu einer Hypoplasie (Unterentwicklung) des Kleinhirns f\u00fchrt. Die Symptome sind verschiedene Formen von Ataxie, die bereits im Alter von 5-6 Wochen in Erscheinung treten. Die Auspr\u00e4gung ist individuell unterschiedlich und kann von geringem Schwanken \u00fcber Gleichgewichtsst\u00f6rungen bis hin zu schubweise auftretendem Umfallen reichen. In manchen F\u00e4llen sind auch epileptische Anf\u00e4lle m\u00f6glich.<\/p><table class=\"tx-laboklinleistung-table contenttable contenttable-2\" style=\"margin-top: 35px;\"><tr><td class=\"td-0\"><strong>Methode<\/strong><\/td><td class=\"td-1\"><p class=\"bodytext\">TaqMan SNP Assay<\/p><\/td><\/tr><tr><td class=\"td-0\"><strong>Rasse<\/strong><\/td><td class=\"td-1\"><p class=\"bodytext\">Eurasier<\/p><\/td><\/tr><tr><td class=\"td-0\"><strong>Erbgang<\/strong><\/td><td class=\"td-1\"><p class=\"bodytext\">autosomal-rezessiv<\/p><\/td><\/tr><tr><td class=\"td-0\"><strong>Dauer<\/strong><\/td><td class=\"td-1\"><p class=\"bodytext\">3 - 5 Werktage nach Erhalt der Probe<\/p><\/td><\/tr><\/table>\n","protected":false},"excerpt":{"rendered":"<p>Dandy-Walker-like malformation (DWLM)LABOKLIN Leistungs-ID: 8260Die Arbeitsgruppen um Prof. Andrea Fischer an der LMU M\u00fcnchen und Prof. Tosso Leeb an der Universit\u00e4t Bern haben als erstes die urs\u00e4chliche Mutation einer Kleinhirnhypoplasie beim Hund beschrieben: Die sogenannte Dandy-Walker-Like Malformation (DWLM) wird beim Eurasier von einer Mutation im VLDLR-Gen ausgel\u00f6st, die zu einer Hypoplasie (Unterentwicklung) des Kleinhirns f\u00fchrt.&hellip;<\/p>\n","protected":false},"author":1,"featured_media":0,"parent":1211000,"menu_order":140,"comment_status":"closed","ping_status":"closed","template":"","meta":{"_seopress_robots_primary_cat":"","_seopress_titles_title":"","_seopress_titles_desc":"","_seopress_robots_index":"","footnotes":""},"class_list":["post-1211114","page","type-page","status-publish","hentry","description-off"],"_links":{"self":[{"href":"https:\/\/laboklin.de\/de\/wp-json\/wp\/v2\/pages\/1211114","targetHints":{"allow":["GET"]}}],"collection":[{"href":"https:\/\/laboklin.de\/de\/wp-json\/wp\/v2\/pages"}],"about":[{"href":"https:\/\/laboklin.de\/de\/wp-json\/wp\/v2\/types\/page"}],"author":[{"embeddable":true,"href":"https:\/\/laboklin.de\/de\/wp-json\/wp\/v2\/users\/1"}],"replies":[{"embeddable":true,"href":"https:\/\/laboklin.de\/de\/wp-json\/wp\/v2\/comments?post=1211114"}],"version-history":[{"count":1,"href":"https:\/\/laboklin.de\/de\/wp-json\/wp\/v2\/pages\/1211114\/revisions"}],"predecessor-version":[{"id":1506956,"href":"https:\/\/laboklin.de\/de\/wp-json\/wp\/v2\/pages\/1211114\/revisions\/1506956"}],"up":[{"embeddable":true,"href":"https:\/\/laboklin.de\/de\/wp-json\/wp\/v2\/pages\/1211000"}],"wp:attachment":[{"href":"https:\/\/laboklin.de\/de\/wp-json\/wp\/v2\/media?parent=1211114"}],"curies":[{"name":"wp","href":"https:\/\/api.w.org\/{rel}","templated":true}]}}