{"id":1211108,"date":"2020-10-16T11:36:27","date_gmt":"2020-10-16T09:36:27","guid":{"rendered":"https:\/\/laboklin.de\/de\/mdr1-genvariante-ivermectin-ueberempfindlichkeit"},"modified":"2025-02-17T09:27:53","modified_gmt":"2025-02-17T08:27:53","slug":"mdr1-genvariante-ivermectin-ueberempfindlichkeit","status":"publish","type":"page","link":"https:\/\/laboklin.de\/de\/leistungen\/genetik\/erbkrankheiten\/hund\/mdr1-genvariante-ivermectin-ueberempfindlichkeit\/","title":{"rendered":"MDR1-Genvariante (Ivermectin-\u00dcberempfindlichkeit)"},"content":{"rendered":"<h3 class=\"csc-firstHeader\">MDR1-Genvariante (Ivermectin-\u00dcberempfindlichkeit)<\/h3><p><span>LABOKLIN Leistungs-ID: 8032<\/span><\/p><p class=\"bodytext\">Ivermectin ist ein normalerweise sicher anzuwendendes Antiparasitikum, das bei einer intakten Blut-Hirn-Schranke nicht ins Hirngewebe \u00fcbergehen kann. In den 1980er Jahren wurden erstmals bei Hunden gravierende neurotoxische Effekte bei der Verabreichung von Ivermectin beobachtet. Betroffene Tiere zeigten bereits bei einer Dosierung von 150\u00b5g pro kg K\u00f6rpergewicht neurotoxische Effekte, w\u00e4hrend nicht betroffenen Tieren eine Gabe von bis zu 2000\u00b5g pro kg K\u00f6rpergewicht ohne das Auftreten einer klinischen Symptomatik verabreicht werden konnte. Klinische Symptome betroffener Tiere k\u00f6nnen von Bewegungs- und Koordinationsst\u00f6rungen, Desorientiertheit, Erbrechen und Zittern bis hin zu komat\u00f6sen Zust\u00e4nden reichen.<\/p><table class=\"tx-laboklinleistung-table contenttable contenttable-2\" style=\"margin-top: 35px;\"><tr><td class=\"td-0\"><strong>Methode<\/strong><\/td><td class=\"td-1\"><p class=\"bodytext\">TaqMan SNP Assay<\/p><\/td><\/tr><tr><td class=\"td-0\"><strong>Rasse<\/strong><\/td><td class=\"td-1\"><p class=\"bodytext\">Australian Shepherd, Bobtail, Border Collie, Collie (Kurzhaar\/Langhaar), Deutscher Sch\u00e4ferhund, Elo, McNab\u00a0, Miniature American Shepherd, Shetland Sheepdog (Sheltie) , Silken Windhound, Silken Windsprite (Langhaar-Whippet), Wei\u00dfer Schweizer Sch\u00e4ferhund, W\u00e4ller<\/p><\/td><\/tr><tr><td class=\"td-0\"><strong>Erbgang<\/strong><\/td><td class=\"td-1\"><p class=\"bodytext\">autosomal-rezessiv; jedoch ist auch bei Tr\u00e4gern mit \u00dcberempfindlichkeit zu rechnen<\/p><\/td><\/tr><tr><td class=\"td-0\"><strong>Dauer<\/strong><\/td><td class=\"td-1\"><p class=\"bodytext\">3 - 5 Werktage nach Erhalt der Probe<\/p><\/td><\/tr><\/table>\n","protected":false},"excerpt":{"rendered":"<p>MDR1-Genvariante (Ivermectin-\u00dcberempfindlichkeit)LABOKLIN Leistungs-ID: 8032Ivermectin ist ein normalerweise sicher anzuwendendes Antiparasitikum, das bei einer intakten Blut-Hirn-Schranke nicht ins Hirngewebe \u00fcbergehen kann. In den 1980er Jahren wurden erstmals bei Hunden gravierende neurotoxische Effekte bei der Verabreichung von Ivermectin beobachtet. Betroffene Tiere zeigten bereits bei einer Dosierung von 150\u00b5g pro kg K\u00f6rpergewicht neurotoxische Effekte, w\u00e4hrend nicht betroffenen Tieren&hellip;<\/p>\n","protected":false},"author":1,"featured_media":0,"parent":1211000,"menu_order":143,"comment_status":"closed","ping_status":"closed","template":"","meta":{"_seopress_robots_primary_cat":"","_seopress_titles_title":"","_seopress_titles_desc":"","_seopress_robots_index":"","footnotes":""},"class_list":["post-1211108","page","type-page","status-publish","hentry","description-off"],"_links":{"self":[{"href":"https:\/\/laboklin.de\/de\/wp-json\/wp\/v2\/pages\/1211108","targetHints":{"allow":["GET"]}}],"collection":[{"href":"https:\/\/laboklin.de\/de\/wp-json\/wp\/v2\/pages"}],"about":[{"href":"https:\/\/laboklin.de\/de\/wp-json\/wp\/v2\/types\/page"}],"author":[{"embeddable":true,"href":"https:\/\/laboklin.de\/de\/wp-json\/wp\/v2\/users\/1"}],"replies":[{"embeddable":true,"href":"https:\/\/laboklin.de\/de\/wp-json\/wp\/v2\/comments?post=1211108"}],"version-history":[{"count":1,"href":"https:\/\/laboklin.de\/de\/wp-json\/wp\/v2\/pages\/1211108\/revisions"}],"predecessor-version":[{"id":1315419,"href":"https:\/\/laboklin.de\/de\/wp-json\/wp\/v2\/pages\/1211108\/revisions\/1315419"}],"up":[{"embeddable":true,"href":"https:\/\/laboklin.de\/de\/wp-json\/wp\/v2\/pages\/1211000"}],"wp:attachment":[{"href":"https:\/\/laboklin.de\/de\/wp-json\/wp\/v2\/media?parent=1211108"}],"curies":[{"name":"wp","href":"https:\/\/api.w.org\/{rel}","templated":true}]}}