{"id":1211103,"date":"2020-10-16T11:36:27","date_gmt":"2020-10-16T09:36:27","guid":{"rendered":"https:\/\/laboklin.de\/de\/von-willebrand-erkrankung-typ-1-vwd-1"},"modified":"2025-02-17T14:05:10","modified_gmt":"2025-02-17T13:05:10","slug":"von-willebrand-erkrankung-typ-1-vwd1","status":"publish","type":"page","link":"https:\/\/laboklin.de\/de\/leistungen\/genetik\/erbkrankheiten\/hund\/von-willebrand-erkrankung-typ-1-vwd1\/","title":{"rendered":"von Willebrand Erkrankung Typ 1 (vWD1)"},"content":{"rendered":"<h3 class=\"csc-firstHeader\">von Willebrand Erkrankung Typ 1 (vWD1)<\/h3><p><span>LABOKLIN Leistungs-ID: 8119<\/span><\/p><p class=\"bodytext\">Die Von Willebrand Erkrankung (vWD) ist die h\u00e4ufigste vererbte Blutgerinnungsst\u00f6rung von unterschiedlichem Schweregrad, die aus einem defekten oder gar fehlenden Von-Willebrand-Faktor (vWF) im Blut resultiert. Der vWF ist ein wichtiger Faktor der Blutgerinnung. Ein fehlender oder defekter vWF hat zur Folge, da\u00df betroffene Tiere bei Verletzungen sehr lange nachbluten und u.U. verbluten k\u00f6nnen. Die Blutungen betreffen Schleimhautoberfl\u00e4chen und werden bei physischem und psychischem Stress und anderen Krankheiten st\u00e4rker. Typische Anzeichen sind: Wiederholte Magen-Darm-Blutungen, mit oder ohne Durchfall, Nasenbluten, Zahnfleischbluten, verl\u00e4ngerte Blutung bei der L\u00e4ufigkeit, Lahmheiten durch Blutungen in den Gelenken, Bluterg\u00fcsse auf der K\u00f6rperoberfl\u00e4che, exzessive Blutungen von zu kurz geschnittenen N\u00e4geln oder nach Operationen. Man unterscheidet drei verschiedene Formen dieser Erkrankung (Typ 1, 2 und 3). Die vWD Typ1 ist die mildeste der drei Formen. Mit einer Pr\u00e4valenzrate von ca. 70 % erkranken Hunde der Rasse Dobermann besonders h\u00e4ufig an der vWD Typ 1. <\/p><table class=\"tx-laboklinleistung-table contenttable contenttable-2\" style=\"margin-top: 35px;\"><tr><td class=\"td-0\"><strong>Methode<\/strong><\/td><td class=\"td-1\"><p class=\"bodytext\">TaqMan SNP Assay<\/p><\/td><\/tr><tr><td class=\"td-0\"><strong>Erbgang<\/strong><\/td><td class=\"td-1\"><p class=\"bodytext\">autosomal-dominant mit variabler Penetranz <\/p><\/td><\/tr><tr><td class=\"td-0\"><strong>Dauer<\/strong><\/td><td class=\"td-1\"><p class=\"bodytext\">3 - 5 Werktage nach Erhalt der Probe<\/p><\/td><\/tr><\/table>\n","protected":false},"excerpt":{"rendered":"<p>von Willebrand Erkrankung Typ 1 (vWD1)LABOKLIN Leistungs-ID: 8119Die Von Willebrand Erkrankung (vWD) ist die h\u00e4ufigste vererbte Blutgerinnungsst\u00f6rung von unterschiedlichem Schweregrad, die aus einem defekten oder gar fehlenden Von-Willebrand-Faktor (vWF) im Blut resultiert. Der vWF ist ein wichtiger Faktor der Blutgerinnung. Ein fehlender oder defekter vWF hat zur Folge, da\u00df betroffene Tiere bei Verletzungen sehr lange&hellip;<\/p>\n","protected":false},"author":1,"featured_media":0,"parent":1211000,"menu_order":146,"comment_status":"closed","ping_status":"closed","template":"","meta":{"_seopress_robots_primary_cat":"","_seopress_titles_title":"","_seopress_titles_desc":"","_seopress_robots_index":"","footnotes":""},"class_list":["post-1211103","page","type-page","status-publish","hentry","description-off"],"_links":{"self":[{"href":"https:\/\/laboklin.de\/de\/wp-json\/wp\/v2\/pages\/1211103","targetHints":{"allow":["GET"]}}],"collection":[{"href":"https:\/\/laboklin.de\/de\/wp-json\/wp\/v2\/pages"}],"about":[{"href":"https:\/\/laboklin.de\/de\/wp-json\/wp\/v2\/types\/page"}],"author":[{"embeddable":true,"href":"https:\/\/laboklin.de\/de\/wp-json\/wp\/v2\/users\/1"}],"replies":[{"embeddable":true,"href":"https:\/\/laboklin.de\/de\/wp-json\/wp\/v2\/comments?post=1211103"}],"version-history":[{"count":1,"href":"https:\/\/laboklin.de\/de\/wp-json\/wp\/v2\/pages\/1211103\/revisions"}],"predecessor-version":[{"id":1317059,"href":"https:\/\/laboklin.de\/de\/wp-json\/wp\/v2\/pages\/1211103\/revisions\/1317059"}],"up":[{"embeddable":true,"href":"https:\/\/laboklin.de\/de\/wp-json\/wp\/v2\/pages\/1211000"}],"wp:attachment":[{"href":"https:\/\/laboklin.de\/de\/wp-json\/wp\/v2\/media?parent=1211103"}],"curies":[{"name":"wp","href":"https:\/\/api.w.org\/{rel}","templated":true}]}}