{"id":1211102,"date":"2020-10-16T11:36:27","date_gmt":"2020-10-16T09:36:27","guid":{"rendered":"https:\/\/laboklin.de\/de\/vitamin-d-abhaengige-rachitis-vdr"},"modified":"2025-02-17T14:04:36","modified_gmt":"2025-02-17T13:04:36","slug":"vitamin-d-abhaengige-rachitis-vdr","status":"publish","type":"page","link":"https:\/\/laboklin.de\/de\/leistungen\/genetik\/erbkrankheiten\/hund\/vitamin-d-abhaengige-rachitis-vdr\/","title":{"rendered":"Vitamin-D-abh\u00e4ngige Rachitis (VDR)"},"content":{"rendered":"<h3 class=\"csc-firstHeader\">Vitamin-D abh\u00e4ngige Rachitis (VDR)<\/h3><p><span>LABOKLIN Leistungs-ID: 8302<\/span><\/p><p class=\"bodytext\">Die erbliche Form der Vitamin-D abh\u00e4ngigen Rachitis vom Typ II wird von einem Defekt im Vitamin-D-Rezeptor (VDR)-Gen ausgel\u00f6st, wodurch das aktive Hormon Calcitriol nicht mehr binden kann. Infolge dessen kann Calcium im Darm nicht mehr aufgenommen werden, was w\u00e4hrend der Wachstumsphase im jungen Alter zu Fehlbildungen im Knochenbau und Hypomineralisierung der Knochensubstanz f\u00fchrt. Da das VDR-Gen auch f\u00fcr den Haarwachstumszyklus verantwortlich ist, kann auch Alopezie auftreten.<\/p><table class=\"tx-laboklinleistung-table contenttable contenttable-2\" style=\"margin-top: 35px;\"><tr><td class=\"td-0\"><strong>Methode<\/strong><\/td><td class=\"td-1\"><p class=\"bodytext\">Sequenzierung<\/p><\/td><\/tr><tr><td class=\"td-0\"><strong>Rasse<\/strong><\/td><td class=\"td-1\"><p class=\"bodytext\">Pomsky, Zwergspitz<\/p><\/td><\/tr><tr><td class=\"td-0\"><strong>Erbgang<\/strong><\/td><td class=\"td-1\"><p class=\"bodytext\">unbekannt<\/p><\/td><\/tr><tr><td class=\"td-0\"><strong>Dauer<\/strong><\/td><td class=\"td-1\"><p class=\"bodytext\">1 - 2 Wochen nach Erhalt der Probe<\/p><\/td><\/tr><\/table>\n","protected":false},"excerpt":{"rendered":"<p>Vitamin-D abh\u00e4ngige Rachitis (VDR)LABOKLIN Leistungs-ID: 8302Die erbliche Form der Vitamin-D abh\u00e4ngigen Rachitis vom Typ II wird von einem Defekt im Vitamin-D-Rezeptor (VDR)-Gen ausgel\u00f6st, wodurch das aktive Hormon Calcitriol nicht mehr binden kann. Infolge dessen kann Calcium im Darm nicht mehr aufgenommen werden, was w\u00e4hrend der Wachstumsphase im jungen Alter zu Fehlbildungen im Knochenbau und Hypomineralisierung&hellip;<\/p>\n","protected":false},"author":1,"featured_media":0,"parent":1211000,"menu_order":54,"comment_status":"closed","ping_status":"closed","template":"","meta":{"_seopress_robots_primary_cat":"","_seopress_titles_title":"","_seopress_titles_desc":"","_seopress_robots_index":"","footnotes":""},"class_list":["post-1211102","page","type-page","status-publish","hentry","description-off"],"_links":{"self":[{"href":"https:\/\/laboklin.de\/de\/wp-json\/wp\/v2\/pages\/1211102","targetHints":{"allow":["GET"]}}],"collection":[{"href":"https:\/\/laboklin.de\/de\/wp-json\/wp\/v2\/pages"}],"about":[{"href":"https:\/\/laboklin.de\/de\/wp-json\/wp\/v2\/types\/page"}],"author":[{"embeddable":true,"href":"https:\/\/laboklin.de\/de\/wp-json\/wp\/v2\/users\/1"}],"replies":[{"embeddable":true,"href":"https:\/\/laboklin.de\/de\/wp-json\/wp\/v2\/comments?post=1211102"}],"version-history":[{"count":1,"href":"https:\/\/laboklin.de\/de\/wp-json\/wp\/v2\/pages\/1211102\/revisions"}],"predecessor-version":[{"id":1509502,"href":"https:\/\/laboklin.de\/de\/wp-json\/wp\/v2\/pages\/1211102\/revisions\/1509502"}],"up":[{"embeddable":true,"href":"https:\/\/laboklin.de\/de\/wp-json\/wp\/v2\/pages\/1211000"}],"wp:attachment":[{"href":"https:\/\/laboklin.de\/de\/wp-json\/wp\/v2\/media?parent=1211102"}],"curies":[{"name":"wp","href":"https:\/\/api.w.org\/{rel}","templated":true}]}}