{"id":1211091,"date":"2020-10-16T11:36:27","date_gmt":"2020-10-16T09:36:27","guid":{"rendered":"https:\/\/laboklin.de\/de\/sensorische-neuropathie-sn"},"modified":"2025-02-17T13:52:22","modified_gmt":"2025-02-17T12:52:22","slug":"sensorische-neuropathie-sn","status":"publish","type":"page","link":"https:\/\/laboklin.de\/de\/leistungen\/genetik\/erbkrankheiten\/hund\/sensorische-neuropathie-sn\/","title":{"rendered":"Sensorische Neuropathie (SN)"},"content":{"rendered":"<h3 class=\"csc-firstHeader\">Sensorische Neuropathie (SN)<\/h3><p><span>LABOKLIN Leistungs-ID: 8596<\/span><\/p><p class=\"bodytext\">Die sensorische Neuropathie beim Border Collie ist eine schwere neurologische St\u00f6rung, die durch die Degeneration von sensorischen und (in geringerem Ma\u00dfe) motorischen Nervenzellen verursacht wird. Die ersten klinischen Anzeichen zeigen sich im Alter von 2 - 7 Monaten und beinhalten progressive propriozeptive Ataxie mit  Hyperextension der Gliedma\u00dfen und Wunden durch Selbstverst\u00fcmmelung an den Gliedma\u00dfen. Gew\u00f6hnlich sind die Hinterbeine st\u00e4rker betroffen als die Vorderbeine. Die Eigen- und Schmerzwahrnehmung ist in allen Gliedma\u00dfen vermindert bzw. im fortschreitenden Verlauf der Krankheit nicht mehr vorhanden, in einigen F\u00e4llen wurde auch von Harninkontinenz und Erbrechen berichtet. Elektrophysiologische Untersuchungen zeigen verminderte oder fehlende sensorische Aktionspotentiale, normale oder reduzierte motorische Nervenleitungsgeschwindigkeiten und normale Elektromyographie in den innervierten Muskeln.<\/p><table class=\"tx-laboklinleistung-table contenttable contenttable-2\" style=\"margin-top: 35px;\"><tr><td class=\"td-0\"><strong>Methode<\/strong><\/td><td class=\"td-1\"><p class=\"bodytext\">Fragmentl\u00e4ngenanalyse<\/p><\/td><\/tr><tr><td class=\"td-0\"><strong>Rasse<\/strong><\/td><td class=\"td-1\"><p class=\"bodytext\">Border Collie<\/p><\/td><\/tr><tr><td class=\"td-0\"><strong>Erbgang<\/strong><\/td><td class=\"td-1\"><p class=\"bodytext\">autosomal-rezessiv<\/p><\/td><\/tr><tr><td class=\"td-0\"><strong>Dauer<\/strong><\/td><td class=\"td-1\"><p class=\"bodytext\">1 - 2 Wochen nach Erhalt der Probe<\/p><\/td><\/tr><\/table>\n","protected":false},"excerpt":{"rendered":"<p>Sensorische Neuropathie (SN)LABOKLIN Leistungs-ID: 8596Die sensorische Neuropathie beim Border Collie ist eine schwere neurologische St\u00f6rung, die durch die Degeneration von sensorischen und (in geringerem Ma\u00dfe) motorischen Nervenzellen verursacht wird. Die ersten klinischen Anzeichen zeigen sich im Alter von 2 &#8211; 7 Monaten und beinhalten progressive propriozeptive Ataxie mit Hyperextension der Gliedma\u00dfen und Wunden durch Selbstverst\u00fcmmelung&hellip;<\/p>\n","protected":false},"author":1,"featured_media":0,"parent":1211000,"menu_order":154,"comment_status":"closed","ping_status":"closed","template":"","meta":{"_seopress_robots_primary_cat":"","_seopress_titles_title":"","_seopress_titles_desc":"","_seopress_robots_index":"","footnotes":""},"class_list":["post-1211091","page","type-page","status-publish","hentry","description-off"],"_links":{"self":[{"href":"https:\/\/laboklin.de\/de\/wp-json\/wp\/v2\/pages\/1211091","targetHints":{"allow":["GET"]}}],"collection":[{"href":"https:\/\/laboklin.de\/de\/wp-json\/wp\/v2\/pages"}],"about":[{"href":"https:\/\/laboklin.de\/de\/wp-json\/wp\/v2\/types\/page"}],"author":[{"embeddable":true,"href":"https:\/\/laboklin.de\/de\/wp-json\/wp\/v2\/users\/1"}],"replies":[{"embeddable":true,"href":"https:\/\/laboklin.de\/de\/wp-json\/wp\/v2\/comments?post=1211091"}],"version-history":[{"count":1,"href":"https:\/\/laboklin.de\/de\/wp-json\/wp\/v2\/pages\/1211091\/revisions"}],"predecessor-version":[{"id":1509464,"href":"https:\/\/laboklin.de\/de\/wp-json\/wp\/v2\/pages\/1211091\/revisions\/1509464"}],"up":[{"embeddable":true,"href":"https:\/\/laboklin.de\/de\/wp-json\/wp\/v2\/pages\/1211000"}],"wp:attachment":[{"href":"https:\/\/laboklin.de\/de\/wp-json\/wp\/v2\/media?parent=1211091"}],"curies":[{"name":"wp","href":"https:\/\/api.w.org\/{rel}","templated":true}]}}