{"id":1211088,"date":"2020-10-16T11:36:27","date_gmt":"2020-10-16T09:36:27","guid":{"rendered":"https:\/\/laboklin.de\/de\/x-linked-myopathie-xl-mtm"},"modified":"2025-02-17T14:08:26","modified_gmt":"2025-02-17T13:08:26","slug":"x-linked-myopathie-xl-mtm","status":"publish","type":"page","link":"https:\/\/laboklin.de\/de\/leistungen\/genetik\/erbkrankheiten\/hund\/x-linked-myopathie-xl-mtm\/","title":{"rendered":"X-linked Myopathie (XL-MTM)"},"content":{"rendered":"<h3 class=\"csc-firstHeader\">X-linked Myopathie (XL-MTM)<\/h3><p><span>LABOKLIN Leistungs-ID: 8305<\/span><\/p><p class=\"bodytext\">Die X-linked Myopathie (XL-MTM) ist eine Erkrankung, bei der die gesamte Skelettmuskulatur betroffen ist. Im Gegensatz zur ebenfalls beim Labrador Retriever vorkommenden centronukle\u00e4ren Myopathie (CNM) liegt hier das defekte Gen auf dem X-Chromosom. Das MTM1-Gen ist f\u00fcr die Herstellung von Myotubularin zust\u00e4ndig, welches f\u00fcr die Entwicklung und vor allem f\u00fcr die Aufrechterhaltung der muskul\u00e4ren Funktion wichtig ist. Kann es durch einen Defekt im MTM1-Gen nicht mehr produziert werden, ist die Kopplung zwischen der Anregung des Muskels und der Muskelkontraktion gest\u00f6rt. Anzeichen f\u00fcr diese Erkrankung sind bereits ab Geburt erkennbar. Symptome sind eine starke Muskelhypotonie, Muskelatrophie sowie eine fortschreitende Schw\u00e4chung der Hinterl\u00e4ufe. Begleitet wird dies durch eine beeintr\u00e4chtigte Atmung, die letztendlich zum Erstickungstod f\u00fchren kann. <\/p><table class=\"tx-laboklinleistung-table contenttable contenttable-2\" style=\"margin-top: 35px;\"><tr><td class=\"td-0\"><strong>Methode<\/strong><\/td><td class=\"td-1\"><p class=\"bodytext\">Sequenzierung<\/p><\/td><\/tr><tr><td class=\"td-0\"><strong>Rasse<\/strong><\/td><td class=\"td-1\"><p class=\"bodytext\">Australian-Labradoodle (Cobberdog), Labradoodle, Labrador Retriever, Rottweiler<\/p><\/td><\/tr><tr><td class=\"td-0\"><strong>Erbgang<\/strong><\/td><td class=\"td-1\"><p class=\"bodytext\">X-chromosomal-rezessiv<\/p><\/td><\/tr><tr><td class=\"td-0\"><strong>Dauer<\/strong><\/td><td class=\"td-1\"><p class=\"bodytext\">1 - 2 Wochen nach Erhalt der Probe<\/p><\/td><\/tr><\/table>\n","protected":false},"excerpt":{"rendered":"<p>X-linked Myopathie (XL-MTM)LABOKLIN Leistungs-ID: 8305Die X-linked Myopathie (XL-MTM) ist eine Erkrankung, bei der die gesamte Skelettmuskulatur betroffen ist. Im Gegensatz zur ebenfalls beim Labrador Retriever vorkommenden centronukle\u00e4ren Myopathie (CNM) liegt hier das defekte Gen auf dem X-Chromosom. Das MTM1-Gen ist f\u00fcr die Herstellung von Myotubularin zust\u00e4ndig, welches f\u00fcr die Entwicklung und vor allem f\u00fcr die&hellip;<\/p>\n","protected":false},"author":1,"featured_media":0,"parent":1211000,"menu_order":59,"comment_status":"closed","ping_status":"closed","template":"","meta":{"_seopress_robots_primary_cat":"","_seopress_titles_title":"","_seopress_titles_desc":"","_seopress_robots_index":"","footnotes":""},"class_list":["post-1211088","page","type-page","status-publish","hentry","description-off"],"_links":{"self":[{"href":"https:\/\/laboklin.de\/de\/wp-json\/wp\/v2\/pages\/1211088","targetHints":{"allow":["GET"]}}],"collection":[{"href":"https:\/\/laboklin.de\/de\/wp-json\/wp\/v2\/pages"}],"about":[{"href":"https:\/\/laboklin.de\/de\/wp-json\/wp\/v2\/types\/page"}],"author":[{"embeddable":true,"href":"https:\/\/laboklin.de\/de\/wp-json\/wp\/v2\/users\/1"}],"replies":[{"embeddable":true,"href":"https:\/\/laboklin.de\/de\/wp-json\/wp\/v2\/comments?post=1211088"}],"version-history":[{"count":1,"href":"https:\/\/laboklin.de\/de\/wp-json\/wp\/v2\/pages\/1211088\/revisions"}],"predecessor-version":[{"id":1509512,"href":"https:\/\/laboklin.de\/de\/wp-json\/wp\/v2\/pages\/1211088\/revisions\/1509512"}],"up":[{"embeddable":true,"href":"https:\/\/laboklin.de\/de\/wp-json\/wp\/v2\/pages\/1211000"}],"wp:attachment":[{"href":"https:\/\/laboklin.de\/de\/wp-json\/wp\/v2\/media?parent=1211088"}],"curies":[{"name":"wp","href":"https:\/\/api.w.org\/{rel}","templated":true}]}}