{"id":1211085,"date":"2020-10-16T11:36:27","date_gmt":"2020-10-16T09:36:27","guid":{"rendered":"https:\/\/laboklin.de\/de\/progressive-retinaatrophie-rcd2-pra"},"modified":"2025-02-17T11:15:03","modified_gmt":"2025-02-17T10:15:03","slug":"progressive-retinaatrophie-rcd2-pra","status":"publish","type":"page","link":"https:\/\/laboklin.de\/de\/leistungen\/genetik\/erbkrankheiten\/hund\/progressive-retinaatrophie-rcd2-pra\/","title":{"rendered":"Progressive Retinaatrophie (rcd2-PRA)"},"content":{"rendered":"<h3 class=\"csc-firstHeader\">Progressive Retinaatrophie (rcd2-PRA)<\/h3><p><span>LABOKLIN Leistungs-ID: 8309<\/span><\/p><p class=\"bodytext\">Die \u201eCollie-PRA\u201c oder auch genannt rod-cone Dysplasie Typ 2 (rcd2) ist eine Form der Retinadegeneration, die beim Langhaar- und Kurzhaarcollie seit Jahrzehnten ein gesundheitliches Problem darstellt. Bei dieser Erkrankung f\u00fchrt eine abnorme Entwicklung der Zapfen und St\u00e4bchen zu einem fr\u00fchzeitigen Auftreten der Nachtblindheit, die typischerweise bei den Welpen etwa im Alter von 6 Wochen erstmalig auftritt. In den meisten F\u00e4llen erblindet ein rcd2-betroffener Hund im Alter von einem Jahr vollst\u00e4ndig. <\/p><table class=\"tx-laboklinleistung-table contenttable contenttable-2\" style=\"margin-top: 35px;\"><tr><td class=\"td-0\"><strong>Methode<\/strong><\/td><td class=\"td-1\"><p class=\"bodytext\">Fragmentl\u00e4ngenanalyse<\/p><\/td><\/tr><tr><td class=\"td-0\"><strong>Rasse<\/strong><\/td><td class=\"td-1\"><p class=\"bodytext\">Collie (Kurzhaar\/Langhaar)<\/p><\/td><\/tr><tr><td class=\"td-0\"><strong>Erbgang<\/strong><\/td><td class=\"td-1\"><p class=\"bodytext\">autosomal-rezessiv<\/p><\/td><\/tr><tr><td class=\"td-0\"><strong>Dauer<\/strong><\/td><td class=\"td-1\"><p class=\"bodytext\">1 - 2 Wochen nach Erhalt der Probe<\/p><\/td><\/tr><\/table>\n","protected":false},"excerpt":{"rendered":"<p>Progressive Retinaatrophie (rcd2-PRA)LABOKLIN Leistungs-ID: 8309Die \u201eCollie-PRA\u201c oder auch genannt rod-cone Dysplasie Typ 2 (rcd2) ist eine Form der Retinadegeneration, die beim Langhaar- und Kurzhaarcollie seit Jahrzehnten ein gesundheitliches Problem darstellt. Bei dieser Erkrankung f\u00fchrt eine abnorme Entwicklung der Zapfen und St\u00e4bchen zu einem fr\u00fchzeitigen Auftreten der Nachtblindheit, die typischerweise bei den Welpen etwa im Alter&hellip;<\/p>\n","protected":false},"author":1,"featured_media":0,"parent":1211000,"menu_order":159,"comment_status":"closed","ping_status":"closed","template":"","meta":{"_seopress_robots_primary_cat":"","_seopress_titles_title":"","_seopress_titles_desc":"","_seopress_robots_index":"","footnotes":""},"class_list":["post-1211085","page","type-page","status-publish","hentry","description-off"],"_links":{"self":[{"href":"https:\/\/laboklin.de\/de\/wp-json\/wp\/v2\/pages\/1211085","targetHints":{"allow":["GET"]}}],"collection":[{"href":"https:\/\/laboklin.de\/de\/wp-json\/wp\/v2\/pages"}],"about":[{"href":"https:\/\/laboklin.de\/de\/wp-json\/wp\/v2\/types\/page"}],"author":[{"embeddable":true,"href":"https:\/\/laboklin.de\/de\/wp-json\/wp\/v2\/users\/1"}],"replies":[{"embeddable":true,"href":"https:\/\/laboklin.de\/de\/wp-json\/wp\/v2\/comments?post=1211085"}],"version-history":[{"count":1,"href":"https:\/\/laboklin.de\/de\/wp-json\/wp\/v2\/pages\/1211085\/revisions"}],"predecessor-version":[{"id":1509407,"href":"https:\/\/laboklin.de\/de\/wp-json\/wp\/v2\/pages\/1211085\/revisions\/1509407"}],"up":[{"embeddable":true,"href":"https:\/\/laboklin.de\/de\/wp-json\/wp\/v2\/pages\/1211000"}],"wp:attachment":[{"href":"https:\/\/laboklin.de\/de\/wp-json\/wp\/v2\/media?parent=1211085"}],"curies":[{"name":"wp","href":"https:\/\/api.w.org\/{rel}","templated":true}]}}