{"id":1211083,"date":"2020-10-16T11:36:27","date_gmt":"2020-10-16T09:36:27","guid":{"rendered":"https:\/\/laboklin.de\/de\/progressive-retinaatrophie-pap-pra1"},"modified":"2025-02-17T11:11:30","modified_gmt":"2025-02-17T10:11:30","slug":"progressive-retinaatrophie-pap-pra1","status":"publish","type":"page","link":"https:\/\/laboklin.de\/de\/leistungen\/genetik\/erbkrankheiten\/hund\/progressive-retinaatrophie-pap-pra1\/","title":{"rendered":"Progressive Retinaatrophie (pap-PRA1)"},"content":{"rendered":"<h3 class=\"csc-firstHeader\">Progressive Retinaatrophie (pap-PRA1)<\/h3><p><span>LABOKLIN Leistungs-ID: 8573<\/span><\/p><p class=\"bodytext\">Die Progressive Retina Atrophie (PRA) ist eine fortschreitende Erkrankung der Netzhaut (Retina). Dabei werden die Photorezeptoren des Auges im Laufe der Zeit zerst\u00f6rt. Dies f\u00fchrt zu zunehmenden Nachtblindheit sowie dem Verlust der Anpassung des Sehverm\u00f6gens. Der Erkrankungsbeginn sowie die St\u00e4rke der Symptome variieren bei der PRA-Form in diesen Rassen stark \u2013 vermutlich abh\u00e4ngig vom unterschiedlichen genetischen Hintergrund. Die mit diesem Gentest nachweisbare genetische Variante erkl\u00e4rt etwa 70% der PRA-F\u00e4lle, woraus zu folgern ist, dass es mindestens noch eine weitere genetische Ursache f\u00fcr PRA in diesen Rassen geben muss. <\/p><table class=\"tx-laboklinleistung-table contenttable contenttable-2\" style=\"margin-top: 35px;\"><tr><td class=\"td-0\"><strong>Methode<\/strong><\/td><td class=\"td-1\"><p class=\"bodytext\">TaqMan SNP Assay<\/p><\/td><\/tr><tr><td class=\"td-0\"><strong>Rasse<\/strong><\/td><td class=\"td-1\"><p class=\"bodytext\">Papillon, Phal\u00e8ne<\/p><\/td><\/tr><tr><td class=\"td-0\"><strong>Erbgang<\/strong><\/td><td class=\"td-1\"><p class=\"bodytext\">autosomal-rezessiv<\/p><\/td><\/tr><tr><td class=\"td-0\"><strong>Dauer<\/strong><\/td><td class=\"td-1\"><p class=\"bodytext\">3 - 5 Werktage nach Erhalt der Probe<\/p><\/td><\/tr><\/table>\n","protected":false},"excerpt":{"rendered":"<p>Progressive Retinaatrophie (pap-PRA1)LABOKLIN Leistungs-ID: 8573Die Progressive Retina Atrophie (PRA) ist eine fortschreitende Erkrankung der Netzhaut (Retina). Dabei werden die Photorezeptoren des Auges im Laufe der Zeit zerst\u00f6rt. Dies f\u00fchrt zu zunehmenden Nachtblindheit sowie dem Verlust der Anpassung des Sehverm\u00f6gens. Der Erkrankungsbeginn sowie die St\u00e4rke der Symptome variieren bei der PRA-Form in diesen Rassen stark \u2013&hellip;<\/p>\n","protected":false},"author":1,"featured_media":0,"parent":1211000,"menu_order":160,"comment_status":"closed","ping_status":"closed","template":"","meta":{"_seopress_robots_primary_cat":"","_seopress_titles_title":"","_seopress_titles_desc":"","_seopress_robots_index":"","footnotes":""},"class_list":["post-1211083","page","type-page","status-publish","hentry","description-off"],"_links":{"self":[{"href":"https:\/\/laboklin.de\/de\/wp-json\/wp\/v2\/pages\/1211083","targetHints":{"allow":["GET"]}}],"collection":[{"href":"https:\/\/laboklin.de\/de\/wp-json\/wp\/v2\/pages"}],"about":[{"href":"https:\/\/laboklin.de\/de\/wp-json\/wp\/v2\/types\/page"}],"author":[{"embeddable":true,"href":"https:\/\/laboklin.de\/de\/wp-json\/wp\/v2\/users\/1"}],"replies":[{"embeddable":true,"href":"https:\/\/laboklin.de\/de\/wp-json\/wp\/v2\/comments?post=1211083"}],"version-history":[{"count":1,"href":"https:\/\/laboklin.de\/de\/wp-json\/wp\/v2\/pages\/1211083\/revisions"}],"predecessor-version":[{"id":1509395,"href":"https:\/\/laboklin.de\/de\/wp-json\/wp\/v2\/pages\/1211083\/revisions\/1509395"}],"up":[{"embeddable":true,"href":"https:\/\/laboklin.de\/de\/wp-json\/wp\/v2\/pages\/1211000"}],"wp:attachment":[{"href":"https:\/\/laboklin.de\/de\/wp-json\/wp\/v2\/media?parent=1211083"}],"curies":[{"name":"wp","href":"https:\/\/api.w.org\/{rel}","templated":true}]}}