{"id":1211080,"date":"2020-10-16T11:36:27","date_gmt":"2020-10-16T09:36:27","guid":{"rendered":"https:\/\/laboklin.de\/de\/progressive-retinaatrophie-g-pra"},"modified":"2025-02-17T10:11:05","modified_gmt":"2025-02-17T09:11:05","slug":"progressive-retinaatrophie-g-pra","status":"publish","type":"page","link":"https:\/\/laboklin.de\/de\/leistungen\/genetik\/erbkrankheiten\/hund\/progressive-retinaatrophie-g-pra\/","title":{"rendered":"Progressive Retinaatrophie (g-PRA)"},"content":{"rendered":"<h3 class=\"csc-firstHeader\">Progressive Retinaatrophie (g-PRA)<\/h3><p><span>LABOKLIN Leistungs-ID: 8451<\/span><\/p><p class=\"bodytext\">Die Progressive Retina Atrophie (PRA) ist eine fortschreitende Erkrankung der Netzhaut (Retina). Dabei werden die Photorezeptoren des Auges im Laufe der Zeit zerst\u00f6rt. Die Ver\u00e4nderungen verlaufen bilateral und symmetrisch. Zuerst verlieren die St\u00e4bchenzellen ihre normale Funktion. Dies f\u00fchrt zu zunehmenden Nachtblindheit sowie dem Verlust der Anpassung des Sehverm\u00f6gens. Durch die Degeneration der Zapfenzellen kommt es schlie\u00dflich zur v\u00f6lligen Erblindung des Hundes. Der Beginn der Erkrankung variiert innerhalb einer Rasse, h\u00e4ufig erfolgt aber die Diagnose erst im Alter von ca. 6 Jahren.<\/p><table class=\"tx-laboklinleistung-table contenttable contenttable-2\" style=\"margin-top: 35px;\"><tr><td class=\"td-0\"><strong>Methode<\/strong><\/td><td class=\"td-1\"><p class=\"bodytext\">Sequenzierung<\/p><\/td><\/tr><tr><td class=\"td-0\"><strong>Rasse<\/strong><\/td><td class=\"td-1\"><p class=\"bodytext\">Schapendoes<\/p><\/td><\/tr><tr><td class=\"td-0\"><strong>Erbgang<\/strong><\/td><td class=\"td-1\"><p class=\"bodytext\">autosomal-rezessiv<\/p><\/td><\/tr><tr><td class=\"td-0\"><strong>Dauer<\/strong><\/td><td class=\"td-1\"><p class=\"bodytext\">1 - 2 Wochen nach Erhalt der Probe<\/p><\/td><\/tr><\/table>\n","protected":false},"excerpt":{"rendered":"<p>Progressive Retinaatrophie (g-PRA)LABOKLIN Leistungs-ID: 8451Die Progressive Retina Atrophie (PRA) ist eine fortschreitende Erkrankung der Netzhaut (Retina). Dabei werden die Photorezeptoren des Auges im Laufe der Zeit zerst\u00f6rt. Die Ver\u00e4nderungen verlaufen bilateral und symmetrisch. Zuerst verlieren die St\u00e4bchenzellen ihre normale Funktion. Dies f\u00fchrt zu zunehmenden Nachtblindheit sowie dem Verlust der Anpassung des Sehverm\u00f6gens. Durch die Degeneration&hellip;<\/p>\n","protected":false},"author":1,"featured_media":0,"parent":1211000,"menu_order":162,"comment_status":"closed","ping_status":"closed","template":"","meta":{"_seopress_robots_primary_cat":"","_seopress_titles_title":"","_seopress_titles_desc":"","_seopress_robots_index":"","footnotes":""},"class_list":["post-1211080","page","type-page","status-publish","hentry","description-off"],"_links":{"self":[{"href":"https:\/\/laboklin.de\/de\/wp-json\/wp\/v2\/pages\/1211080","targetHints":{"allow":["GET"]}}],"collection":[{"href":"https:\/\/laboklin.de\/de\/wp-json\/wp\/v2\/pages"}],"about":[{"href":"https:\/\/laboklin.de\/de\/wp-json\/wp\/v2\/types\/page"}],"author":[{"embeddable":true,"href":"https:\/\/laboklin.de\/de\/wp-json\/wp\/v2\/users\/1"}],"replies":[{"embeddable":true,"href":"https:\/\/laboklin.de\/de\/wp-json\/wp\/v2\/comments?post=1211080"}],"version-history":[{"count":1,"href":"https:\/\/laboklin.de\/de\/wp-json\/wp\/v2\/pages\/1211080\/revisions"}],"predecessor-version":[{"id":1509334,"href":"https:\/\/laboklin.de\/de\/wp-json\/wp\/v2\/pages\/1211080\/revisions\/1509334"}],"up":[{"embeddable":true,"href":"https:\/\/laboklin.de\/de\/wp-json\/wp\/v2\/pages\/1211000"}],"wp:attachment":[{"href":"https:\/\/laboklin.de\/de\/wp-json\/wp\/v2\/media?parent=1211080"}],"curies":[{"name":"wp","href":"https:\/\/api.w.org\/{rel}","templated":true}]}}