{"id":1211071,"date":"2020-10-16T11:36:27","date_gmt":"2020-10-16T09:36:27","guid":{"rendered":"https:\/\/laboklin.de\/de\/raine-syndrom"},"modified":"2025-02-17T13:36:28","modified_gmt":"2025-02-17T12:36:28","slug":"raine-syndrom","status":"publish","type":"page","link":"https:\/\/laboklin.de\/de\/leistungen\/genetik\/erbkrankheiten\/hund\/raine-syndrom\/","title":{"rendered":"Raine-Syndrom"},"content":{"rendered":"<h3 class=\"csc-firstHeader\">Raine-Syndrom<\/h3><p><span>LABOKLIN Leistungs-ID: 8394<\/span><\/p><p class=\"bodytext\">Das Raine Syndrom wurde beim Border Collie als rezessiv vererbte Krankheit beschrieben. Die Symptome sind analog zu denen, die f\u00fcr die craniomandibul\u00e4re Osteopathie (CMO) beschrieben sind. Betroffene Hunde zeigen sehr starke Abnutzung der Z\u00e4hne und Zahnfleisch Entz\u00fcndungen, die zum Entfernen der Z\u00e4hne f\u00fchren. Die \u00fcberm\u00e4\u00dfige Abnutzung der Z\u00e4hne resultiert aus einer fehlenden Mineralisierung, sowie einer damit einhergehenden Schw\u00e4chung des Zahnschmelz. Auch andere Knochen sind bei diesen Tieren normalerweise geringer mineralisiert.<\/p><table class=\"tx-laboklinleistung-table contenttable contenttable-2\" style=\"margin-top: 35px;\"><tr><td class=\"td-0\"><strong>Methode<\/strong><\/td><td class=\"td-1\"><p class=\"bodytext\">TaqMan SNP Assay<\/p><\/td><\/tr><tr><td class=\"td-0\"><strong>Rasse<\/strong><\/td><td class=\"td-1\"><p class=\"bodytext\">Border Collie<\/p><\/td><\/tr><tr><td class=\"td-0\"><strong>Erbgang<\/strong><\/td><td class=\"td-1\"><p class=\"bodytext\">autosomal-rezessiv<\/p><\/td><\/tr><tr><td class=\"td-0\"><strong>Dauer<\/strong><\/td><td class=\"td-1\"><p class=\"bodytext\">3 - 5 Werktage nach Erhalt der Probe<\/p><\/td><\/tr><\/table>\n","protected":false},"excerpt":{"rendered":"<p>Raine-SyndromLABOKLIN Leistungs-ID: 8394Das Raine Syndrom wurde beim Border Collie als rezessiv vererbte Krankheit beschrieben. Die Symptome sind analog zu denen, die f\u00fcr die craniomandibul\u00e4re Osteopathie (CMO) beschrieben sind. Betroffene Hunde zeigen sehr starke Abnutzung der Z\u00e4hne und Zahnfleisch Entz\u00fcndungen, die zum Entfernen der Z\u00e4hne f\u00fchren. Die \u00fcberm\u00e4\u00dfige Abnutzung der Z\u00e4hne resultiert aus einer fehlenden Mineralisierung,&hellip;<\/p>\n","protected":false},"author":1,"featured_media":0,"parent":1211000,"menu_order":168,"comment_status":"closed","ping_status":"closed","template":"","meta":{"_seopress_robots_primary_cat":"","_seopress_titles_title":"","_seopress_titles_desc":"","_seopress_robots_index":"","footnotes":""},"class_list":["post-1211071","page","type-page","status-publish","hentry","description-off"],"_links":{"self":[{"href":"https:\/\/laboklin.de\/de\/wp-json\/wp\/v2\/pages\/1211071","targetHints":{"allow":["GET"]}}],"collection":[{"href":"https:\/\/laboklin.de\/de\/wp-json\/wp\/v2\/pages"}],"about":[{"href":"https:\/\/laboklin.de\/de\/wp-json\/wp\/v2\/types\/page"}],"author":[{"embeddable":true,"href":"https:\/\/laboklin.de\/de\/wp-json\/wp\/v2\/users\/1"}],"replies":[{"embeddable":true,"href":"https:\/\/laboklin.de\/de\/wp-json\/wp\/v2\/comments?post=1211071"}],"version-history":[{"count":1,"href":"https:\/\/laboklin.de\/de\/wp-json\/wp\/v2\/pages\/1211071\/revisions"}],"predecessor-version":[{"id":1509450,"href":"https:\/\/laboklin.de\/de\/wp-json\/wp\/v2\/pages\/1211071\/revisions\/1509450"}],"up":[{"embeddable":true,"href":"https:\/\/laboklin.de\/de\/wp-json\/wp\/v2\/pages\/1211000"}],"wp:attachment":[{"href":"https:\/\/laboklin.de\/de\/wp-json\/wp\/v2\/media?parent=1211071"}],"curies":[{"name":"wp","href":"https:\/\/api.w.org\/{rel}","templated":true}]}}