{"id":1211068,"date":"2020-10-16T11:36:27","date_gmt":"2020-10-16T09:36:27","guid":{"rendered":"https:\/\/laboklin.de\/de\/nekrotisierende-meningoenzephalitis-nme-pde"},"modified":"2025-02-17T09:40:13","modified_gmt":"2025-02-17T08:40:13","slug":"nekrotisierende-meningoenzephalitis-nme-pde","status":"publish","type":"page","link":"https:\/\/laboklin.de\/de\/leistungen\/genetik\/erbkrankheiten\/hund\/nekrotisierende-meningoenzephalitis-nme-pde\/","title":{"rendered":"Nekrotisierende Meningoenzephalitis (NME\/PDE)"},"content":{"rendered":"<h3 class=\"csc-firstHeader\">Nekrotisierende Meningoenzephalitis (NME\/PDE)<\/h3><p><span>LABOKLIN Leistungs-ID: 8429<\/span><\/p><p class=\"bodytext\">Die Enzephalitis beim Mops ist eine erbliche Autoimmunerkrankung, die sich in einer schweren Entz\u00fcndung des zentralen Nervensystems \u00e4u\u00dfert. Dabei kommt es zu einer genetisch festgelegten \u00dcberreaktion des Immunsystems, bei der die Abwehrzellen die Nervenzellen des Gehirns sch\u00e4digen. Betroffene Hunde zeigen die ersten Symptome normalerweise in einem Alter von sechs Monaten bis zu drei Jahren. Diese \u00e4u\u00dfern sich in Orientierungslosigkeit, Kr\u00e4mpfen und Zusammenbr\u00fcchen. Erkrankte Hunde neigen oder sch\u00fctteln ihren Kopf, zittern, zeigen einen wackeligen Gang, stolpern und fallen h\u00e4ufig. Es wurde beobachtet, dass betroffene Hunde dauerhaft im Kreis laufen oder sich den Kopf kratzen, um Druck und Schmerzen abzubauen. V\u00f6llige Verwirrung und Koma sind sp\u00e4te Symptome. Der Hund stirbt 3-6 Monate nach dem Auftreten der ersten Symptome.<\/p><table class=\"tx-laboklinleistung-table contenttable contenttable-2\" style=\"margin-top: 35px;\"><tr><td class=\"td-0\"><strong>Methode<\/strong><\/td><td class=\"td-1\"><p class=\"bodytext\">Sequenzierung<\/p><\/td><\/tr><tr><td class=\"td-0\"><strong>Rasse<\/strong><\/td><td class=\"td-1\"><p class=\"bodytext\">Mops<\/p><\/td><\/tr><tr><td class=\"td-0\"><strong>Erbgang<\/strong><\/td><td class=\"td-1\"><p class=\"bodytext\">autosomal-rezessiv mit unvollst\u00e4ndiger Penetranz; Nachgewiesen wird ein Risikofaktor, der mit der NME\/PDE assoziiert ist.<\/p><\/td><\/tr><tr><td class=\"td-0\"><strong>Dauer<\/strong><\/td><td class=\"td-1\"><p class=\"bodytext\">1 - 2 Wochen nach Erhalt der Probe<\/p><\/td><\/tr><\/table>\n","protected":false},"excerpt":{"rendered":"<p>Nekrotisierende Meningoenzephalitis (NME\/PDE)LABOKLIN Leistungs-ID: 8429Die Enzephalitis beim Mops ist eine erbliche Autoimmunerkrankung, die sich in einer schweren Entz\u00fcndung des zentralen Nervensystems \u00e4u\u00dfert. Dabei kommt es zu einer genetisch festgelegten \u00dcberreaktion des Immunsystems, bei der die Abwehrzellen die Nervenzellen des Gehirns sch\u00e4digen. Betroffene Hunde zeigen die ersten Symptome normalerweise in einem Alter von sechs Monaten bis&hellip;<\/p>\n","protected":false},"author":1,"featured_media":0,"parent":1211000,"menu_order":170,"comment_status":"closed","ping_status":"closed","template":"","meta":{"_seopress_robots_primary_cat":"","_seopress_titles_title":"","_seopress_titles_desc":"","_seopress_robots_index":"","footnotes":""},"class_list":["post-1211068","page","type-page","status-publish","hentry","description-off"],"_links":{"self":[{"href":"https:\/\/laboklin.de\/de\/wp-json\/wp\/v2\/pages\/1211068","targetHints":{"allow":["GET"]}}],"collection":[{"href":"https:\/\/laboklin.de\/de\/wp-json\/wp\/v2\/pages"}],"about":[{"href":"https:\/\/laboklin.de\/de\/wp-json\/wp\/v2\/types\/page"}],"author":[{"embeddable":true,"href":"https:\/\/laboklin.de\/de\/wp-json\/wp\/v2\/users\/1"}],"replies":[{"embeddable":true,"href":"https:\/\/laboklin.de\/de\/wp-json\/wp\/v2\/comments?post=1211068"}],"version-history":[{"count":1,"href":"https:\/\/laboklin.de\/de\/wp-json\/wp\/v2\/pages\/1211068\/revisions"}],"predecessor-version":[{"id":1509153,"href":"https:\/\/laboklin.de\/de\/wp-json\/wp\/v2\/pages\/1211068\/revisions\/1509153"}],"up":[{"embeddable":true,"href":"https:\/\/laboklin.de\/de\/wp-json\/wp\/v2\/pages\/1211000"}],"wp:attachment":[{"href":"https:\/\/laboklin.de\/de\/wp-json\/wp\/v2\/media?parent=1211068"}],"curies":[{"name":"wp","href":"https:\/\/api.w.org\/{rel}","templated":true}]}}