{"id":1211060,"date":"2020-10-16T11:36:27","date_gmt":"2020-10-16T09:36:27","guid":{"rendered":"https:\/\/laboklin.de\/de\/mukopolysaccharidose-typ-7-mps7"},"modified":"2025-02-17T09:34:10","modified_gmt":"2025-02-17T08:34:10","slug":"mukopolysaccharidose-typ-7-mps7","status":"publish","type":"page","link":"https:\/\/laboklin.de\/de\/leistungen\/genetik\/erbkrankheiten\/hund\/mukopolysaccharidose-typ-7-mps7\/","title":{"rendered":"Mukopolysaccharidose Typ 7 (MPS7)"},"content":{"rendered":"<h3 class=\"csc-firstHeader\">Mukopolysaccharidose Typ VII (MPS7) <\/h3><p><span>LABOKLIN Leistungs-ID: 8069<\/span><\/p><p class=\"bodytext\">Mucopolysaccharidose Typ VII geh\u00f6rt zu einer Gruppe seltener Erbkrankheiten des Glycosaminoglykan-Katabolismus und f\u00fchrt zu einer lysosomalen Speicherkrankheiten. Klinische Symptome sind Tr\u00fcbung der Kornea und schwere Skelettdeformationen. Betroffene Hunde k\u00f6nnen auch im Alter mehrerer Wochen bis Monate noch nicht laufen.<\/p><table class=\"tx-laboklinleistung-table contenttable contenttable-2\" style=\"margin-top: 35px;\"><tr><td class=\"td-0\"><strong>Methode<\/strong><\/td><td class=\"td-1\"><p class=\"bodytext\">TaqMan SNP Assay (Brasilianischer Terrier), Sequenzierung (Deutscher Sch\u00e4ferhund)<\/p><\/td><\/tr><tr><td class=\"td-0\"><strong>Rasse<\/strong><\/td><td class=\"td-1\"><p class=\"bodytext\">Brasilianischer Terrier, Deutscher Sch\u00e4ferhund<\/p><\/td><\/tr><tr><td class=\"td-0\"><strong>Erbgang<\/strong><\/td><td class=\"td-1\"><p class=\"bodytext\">autosomal-rezessiv<\/p><\/td><\/tr><tr><td class=\"td-0\"><strong>Dauer<\/strong><\/td><td class=\"td-1\"><p class=\"bodytext\">3 - 5 Werktage nach Erhalt der Probe (Brasilianischer Terrier), 1 - 2 Wochen nach Erhalt der Probe (Deutscher Sch\u00e4ferhund)<\/p><\/td><\/tr><\/table>\n","protected":false},"excerpt":{"rendered":"<p>Mukopolysaccharidose Typ VII (MPS7) LABOKLIN Leistungs-ID: 8069Mucopolysaccharidose Typ VII geh\u00f6rt zu einer Gruppe seltener Erbkrankheiten des Glycosaminoglykan-Katabolismus und f\u00fchrt zu einer lysosomalen Speicherkrankheiten. Klinische Symptome sind Tr\u00fcbung der Kornea und schwere Skelettdeformationen. Betroffene Hunde k\u00f6nnen auch im Alter mehrerer Wochen bis Monate noch nicht laufen.MethodeTaqMan SNP Assay (Brasilianischer Terrier), Sequenzierung (Deutscher Sch\u00e4ferhund)RasseBrasilianischer Terrier, Deutscher Sch\u00e4ferhundErbgangautosomal-rezessivDauer3&hellip;<\/p>\n","protected":false},"author":1,"featured_media":0,"parent":1211000,"menu_order":174,"comment_status":"closed","ping_status":"closed","template":"","meta":{"_seopress_robots_primary_cat":"","_seopress_titles_title":"","_seopress_titles_desc":"","_seopress_robots_index":"","footnotes":""},"class_list":["post-1211060","page","type-page","status-publish","hentry","description-off"],"_links":{"self":[{"href":"https:\/\/laboklin.de\/de\/wp-json\/wp\/v2\/pages\/1211060","targetHints":{"allow":["GET"]}}],"collection":[{"href":"https:\/\/laboklin.de\/de\/wp-json\/wp\/v2\/pages"}],"about":[{"href":"https:\/\/laboklin.de\/de\/wp-json\/wp\/v2\/types\/page"}],"author":[{"embeddable":true,"href":"https:\/\/laboklin.de\/de\/wp-json\/wp\/v2\/users\/1"}],"replies":[{"embeddable":true,"href":"https:\/\/laboklin.de\/de\/wp-json\/wp\/v2\/comments?post=1211060"}],"version-history":[{"count":1,"href":"https:\/\/laboklin.de\/de\/wp-json\/wp\/v2\/pages\/1211060\/revisions"}],"predecessor-version":[{"id":1509132,"href":"https:\/\/laboklin.de\/de\/wp-json\/wp\/v2\/pages\/1211060\/revisions\/1509132"}],"up":[{"embeddable":true,"href":"https:\/\/laboklin.de\/de\/wp-json\/wp\/v2\/pages\/1211000"}],"wp:attachment":[{"href":"https:\/\/laboklin.de\/de\/wp-json\/wp\/v2\/media?parent=1211060"}],"curies":[{"name":"wp","href":"https:\/\/api.w.org\/{rel}","templated":true}]}}