{"id":1211059,"date":"2020-10-16T11:36:27","date_gmt":"2020-10-16T09:36:27","guid":{"rendered":"https:\/\/laboklin.de\/de\/mukopolysaccharidose-typ-3a-mps3a"},"modified":"2025-02-17T09:32:20","modified_gmt":"2025-02-17T08:32:20","slug":"mukopolysaccharidose-typ-3a-mps3a","status":"publish","type":"page","link":"https:\/\/laboklin.de\/de\/leistungen\/genetik\/erbkrankheiten\/hund\/mukopolysaccharidose-typ-3a-mps3a\/","title":{"rendered":"Mukopolysaccharidose Typ 3a (MPS3a)"},"content":{"rendered":"<h3 class=\"csc-firstHeader\">Mukopolysaccharidose Typ IIIa (MPS3a)<\/h3><p><span>LABOKLIN Leistungs-ID: 8306<\/span><\/p><p class=\"bodytext\">Mukopolysaccharidose Typ IIIa geh\u00f6rt zu einer Gruppe von Speicherkrankheiten, die auf einen gest\u00f6rten Abbau des Glykosaminoglykans Heparansulfat zur\u00fcckzuf\u00fchren ist. Die \u00fcberm\u00e4\u00dfige Akkumulation dieses Molek\u00fcls in den Lysosomen wird durch den genetisch bedingten Mangel des Enzyms Heparansulfat-Sulfamidase verursacht und f\u00fchrt letztlich zum Verlust der Funktion betroffener Zellen. An MPS IIIa erkrankte Tiere leiden unter schweren Degenerationen des zentralen Nervensystems. Zumeist kommt es ab dem 18. Lebensmonat zu ersten neurologischen Symptomen, wobei sich diese bis hin zur Ataxie rasant verschlechtern und zumeist zum Tod des Hundes f\u00fchren.<\/p><table class=\"tx-laboklinleistung-table contenttable contenttable-2\" style=\"margin-top: 35px;\"><tr><td class=\"td-0\"><strong>Methode<\/strong><\/td><td class=\"td-1\"><p class=\"bodytext\">Sequenzierung<\/p><\/td><\/tr><tr><td class=\"td-0\"><strong>Rasse<\/strong><\/td><td class=\"td-1\"><p class=\"bodytext\">Dackel (Dachshund), Neuseel\u00e4ndischer Huntaway, Rauhhaardackel<\/p><\/td><\/tr><tr><td class=\"td-0\"><strong>Erbgang<\/strong><\/td><td class=\"td-1\"><p class=\"bodytext\">autosomal-rezessiv<\/p><\/td><\/tr><tr><td class=\"td-0\"><strong>Dauer<\/strong><\/td><td class=\"td-1\"><p class=\"bodytext\">1 - 2 Wochen nach Erhalt der Probe<\/p><\/td><\/tr><\/table>\n","protected":false},"excerpt":{"rendered":"<p>Mukopolysaccharidose Typ IIIa (MPS3a)LABOKLIN Leistungs-ID: 8306Mukopolysaccharidose Typ IIIa geh\u00f6rt zu einer Gruppe von Speicherkrankheiten, die auf einen gest\u00f6rten Abbau des Glykosaminoglykans Heparansulfat zur\u00fcckzuf\u00fchren ist. Die \u00fcberm\u00e4\u00dfige Akkumulation dieses Molek\u00fcls in den Lysosomen wird durch den genetisch bedingten Mangel des Enzyms Heparansulfat-Sulfamidase verursacht und f\u00fchrt letztlich zum Verlust der Funktion betroffener Zellen. An MPS IIIa erkrankte&hellip;<\/p>\n","protected":false},"author":1,"featured_media":0,"parent":1211000,"menu_order":72,"comment_status":"closed","ping_status":"closed","template":"","meta":{"_seopress_robots_primary_cat":"","_seopress_titles_title":"","_seopress_titles_desc":"","_seopress_robots_index":"","footnotes":""},"class_list":["post-1211059","page","type-page","status-publish","hentry","description-off"],"_links":{"self":[{"href":"https:\/\/laboklin.de\/de\/wp-json\/wp\/v2\/pages\/1211059","targetHints":{"allow":["GET"]}}],"collection":[{"href":"https:\/\/laboklin.de\/de\/wp-json\/wp\/v2\/pages"}],"about":[{"href":"https:\/\/laboklin.de\/de\/wp-json\/wp\/v2\/types\/page"}],"author":[{"embeddable":true,"href":"https:\/\/laboklin.de\/de\/wp-json\/wp\/v2\/users\/1"}],"replies":[{"embeddable":true,"href":"https:\/\/laboklin.de\/de\/wp-json\/wp\/v2\/comments?post=1211059"}],"version-history":[{"count":1,"href":"https:\/\/laboklin.de\/de\/wp-json\/wp\/v2\/pages\/1211059\/revisions"}],"predecessor-version":[{"id":1509124,"href":"https:\/\/laboklin.de\/de\/wp-json\/wp\/v2\/pages\/1211059\/revisions\/1509124"}],"up":[{"embeddable":true,"href":"https:\/\/laboklin.de\/de\/wp-json\/wp\/v2\/pages\/1211000"}],"wp:attachment":[{"href":"https:\/\/laboklin.de\/de\/wp-json\/wp\/v2\/media?parent=1211059"}],"curies":[{"name":"wp","href":"https:\/\/api.w.org\/{rel}","templated":true}]}}