{"id":1211053,"date":"2020-10-16T11:36:27","date_gmt":"2020-10-16T09:36:27","guid":{"rendered":"https:\/\/laboklin.de\/de\/neonatale-enzephalopathie-news"},"modified":"2025-02-17T09:42:34","modified_gmt":"2025-02-17T08:42:34","slug":"neonatale-enzephalopathie-news","status":"publish","type":"page","link":"https:\/\/laboklin.de\/de\/leistungen\/genetik\/erbkrankheiten\/hund\/neonatale-enzephalopathie-news\/","title":{"rendered":"Neonatale Enzephalopathie (NEWS)"},"content":{"rendered":"<h3 class=\"csc-firstHeader\">Neonatale Enzephalopathie (NEWS)<\/h3><p><span>LABOKLIN Leistungs-ID: 8155<\/span><\/p><p class=\"bodytext\">Bei der neonatalen Enzephalopathie (NEWS) handelt es sich um eine Fehlbildung des Kleinhirns aufgrund einer Mutation im CFA36-Gen, die beim Pudel beschrieben ist. Das CFA36-Gen codiert f\u00fcr den Activating Transcription Factor 2 (ATF-2), ein vollst\u00e4ndiger Verlust dieses Proteins bei homozygot betroffenen Hunden f\u00fchrt zu einem verkleinerten Cerebellum, das h\u00e4ufig Fehlbildungen aufweist. Erkrankte Welpen sind bereits bei der Geburt relativ klein und schwach, viele von ihnen sterben in der ersten Lebenswoche. Diejenigen, die die erste Woche \u00fcberleben, entwickeln starke Ataxie und Tremor. Zwischen der 4. und 6. Lebenswoche treten h\u00e4ufig generalisierte tonisch-klonische Krampfanf\u00e4lle auf, die kaum therapeutisch behandelt werden k\u00f6nnen. Bislang starben alle betroffenen Welpen oder mussten eingeschl\u00e4fert werden bevor sie 8 Wochen alt waren. <\/p><table class=\"tx-laboklinleistung-table contenttable contenttable-2\" style=\"margin-top: 35px;\"><tr><td class=\"td-0\"><strong>Methode<\/strong><\/td><td class=\"td-1\"><p class=\"bodytext\">TaqMan SNP Assay, ggf. Sequenzierung<\/p><\/td><\/tr><tr><td class=\"td-0\"><strong>Rasse<\/strong><\/td><td class=\"td-1\"><p class=\"bodytext\">Australian-Labradoodle (Cobberdog), Cavapoo, Cockapoo, Goldendoodle, Maltipoo, Pudel<\/p><\/td><\/tr><tr><td class=\"td-0\"><strong>Erbgang<\/strong><\/td><td class=\"td-1\"><p class=\"bodytext\">autosomal-rezessiv<\/p><\/td><\/tr><tr><td class=\"td-0\"><strong>Dauer<\/strong><\/td><td class=\"td-1\"><p class=\"bodytext\">3 - 5 Werktage nach Erhalt der Probe (bei Sequenzierung 1 - 2 Wochen)<\/p><\/td><\/tr><\/table>\n","protected":false},"excerpt":{"rendered":"<p>Neonatale Enzephalopathie (NEWS)LABOKLIN Leistungs-ID: 8155Bei der neonatalen Enzephalopathie (NEWS) handelt es sich um eine Fehlbildung des Kleinhirns aufgrund einer Mutation im CFA36-Gen, die beim Pudel beschrieben ist. Das CFA36-Gen codiert f\u00fcr den Activating Transcription Factor 2 (ATF-2), ein vollst\u00e4ndiger Verlust dieses Proteins bei homozygot betroffenen Hunden f\u00fchrt zu einem verkleinerten Cerebellum, das h\u00e4ufig Fehlbildungen aufweist.&hellip;<\/p>\n","protected":false},"author":1,"featured_media":0,"parent":1211000,"menu_order":178,"comment_status":"closed","ping_status":"closed","template":"","meta":{"_seopress_robots_primary_cat":"","_seopress_titles_title":"","_seopress_titles_desc":"","_seopress_robots_index":"","footnotes":""},"class_list":["post-1211053","page","type-page","status-publish","hentry","description-off"],"_links":{"self":[{"href":"https:\/\/laboklin.de\/de\/wp-json\/wp\/v2\/pages\/1211053","targetHints":{"allow":["GET"]}}],"collection":[{"href":"https:\/\/laboklin.de\/de\/wp-json\/wp\/v2\/pages"}],"about":[{"href":"https:\/\/laboklin.de\/de\/wp-json\/wp\/v2\/types\/page"}],"author":[{"embeddable":true,"href":"https:\/\/laboklin.de\/de\/wp-json\/wp\/v2\/users\/1"}],"replies":[{"embeddable":true,"href":"https:\/\/laboklin.de\/de\/wp-json\/wp\/v2\/comments?post=1211053"}],"version-history":[{"count":1,"href":"https:\/\/laboklin.de\/de\/wp-json\/wp\/v2\/pages\/1211053\/revisions"}],"predecessor-version":[{"id":1509163,"href":"https:\/\/laboklin.de\/de\/wp-json\/wp\/v2\/pages\/1211053\/revisions\/1509163"}],"up":[{"embeddable":true,"href":"https:\/\/laboklin.de\/de\/wp-json\/wp\/v2\/pages\/1211000"}],"wp:attachment":[{"href":"https:\/\/laboklin.de\/de\/wp-json\/wp\/v2\/media?parent=1211053"}],"curies":[{"name":"wp","href":"https:\/\/api.w.org\/{rel}","templated":true}]}}