{"id":1211052,"date":"2020-10-16T11:36:27","date_gmt":"2020-10-16T09:36:27","guid":{"rendered":"https:\/\/laboklin.de\/de\/neuralrohrdefekt-ntd"},"modified":"2025-02-17T09:43:09","modified_gmt":"2025-02-17T08:43:09","slug":"neuralrohrdefekt-ntd","status":"publish","type":"page","link":"https:\/\/laboklin.de\/de\/leistungen\/genetik\/erbkrankheiten\/hund\/neuralrohrdefekt-ntd\/","title":{"rendered":"Neuralrohrdefekt (NTD)"},"content":{"rendered":"<h3 class=\"csc-firstHeader\">Neuralrohrdefekt (NTD)<\/h3><p><span>LABOKLIN Leistungs-ID: 8605<\/span><\/p><p class=\"bodytext\">Neuralrohrdefekte werden durch einen abnormalen Verschluss oder einer abnormalen Entwicklung des Neuralrohrs w\u00e4hrend der Embryogenese verursacht. Beim Weimaraner konnte eine Mutation im Homeobox-Gen NKX2-8, welches im Neuronalrohr exprimiert wird, gefunden werden. Der Neuralrohrdefekt beim Weimaraner ist durch eine nicht-progressiv verlaufende Form der Ataxie gekennzeichnet und verursacht folgende Symptome: ungew\u00f6hnliche Haarstreifen am R\u00fccken, geknickter Schwanz, Skoliose in der Lendenregion, Paraparese, hasen\u00e4hnliches H\u00fcpfen, geduckte Haltung.<\/p><table class=\"tx-laboklinleistung-table contenttable contenttable-2\" style=\"margin-top: 35px;\"><tr><td class=\"td-0\"><strong>Methode<\/strong><\/td><td class=\"td-1\"><p class=\"bodytext\">Sequenzierung<\/p><\/td><\/tr><tr><td class=\"td-0\"><strong>Rasse<\/strong><\/td><td class=\"td-1\"><p class=\"bodytext\">Weimaraner<\/p><\/td><\/tr><tr><td class=\"td-0\"><strong>Erbgang<\/strong><\/td><td class=\"td-1\"><p class=\"bodytext\">autosomal-rezessiv<\/p><\/td><\/tr><tr><td class=\"td-0\"><strong>Dauer<\/strong><\/td><td class=\"td-1\"><p class=\"bodytext\">1 - 2 Wochen nach Erhalt der Probe<\/p><\/td><\/tr><\/table>\n","protected":false},"excerpt":{"rendered":"<p>Neuralrohrdefekt (NTD)LABOKLIN Leistungs-ID: 8605Neuralrohrdefekte werden durch einen abnormalen Verschluss oder einer abnormalen Entwicklung des Neuralrohrs w\u00e4hrend der Embryogenese verursacht. Beim Weimaraner konnte eine Mutation im Homeobox-Gen NKX2-8, welches im Neuronalrohr exprimiert wird, gefunden werden. Der Neuralrohrdefekt beim Weimaraner ist durch eine nicht-progressiv verlaufende Form der Ataxie gekennzeichnet und verursacht folgende Symptome: ungew\u00f6hnliche Haarstreifen am R\u00fccken,&hellip;<\/p>\n","protected":false},"author":1,"featured_media":0,"parent":1211000,"menu_order":75,"comment_status":"closed","ping_status":"closed","template":"","meta":{"_seopress_robots_primary_cat":"","_seopress_titles_title":"","_seopress_titles_desc":"","_seopress_robots_index":"","footnotes":""},"class_list":["post-1211052","page","type-page","status-publish","hentry","description-off"],"_links":{"self":[{"href":"https:\/\/laboklin.de\/de\/wp-json\/wp\/v2\/pages\/1211052","targetHints":{"allow":["GET"]}}],"collection":[{"href":"https:\/\/laboklin.de\/de\/wp-json\/wp\/v2\/pages"}],"about":[{"href":"https:\/\/laboklin.de\/de\/wp-json\/wp\/v2\/types\/page"}],"author":[{"embeddable":true,"href":"https:\/\/laboklin.de\/de\/wp-json\/wp\/v2\/users\/1"}],"replies":[{"embeddable":true,"href":"https:\/\/laboklin.de\/de\/wp-json\/wp\/v2\/comments?post=1211052"}],"version-history":[{"count":1,"href":"https:\/\/laboklin.de\/de\/wp-json\/wp\/v2\/pages\/1211052\/revisions"}],"predecessor-version":[{"id":1509166,"href":"https:\/\/laboklin.de\/de\/wp-json\/wp\/v2\/pages\/1211052\/revisions\/1509166"}],"up":[{"embeddable":true,"href":"https:\/\/laboklin.de\/de\/wp-json\/wp\/v2\/pages\/1211000"}],"wp:attachment":[{"href":"https:\/\/laboklin.de\/de\/wp-json\/wp\/v2\/media?parent=1211052"}],"curies":[{"name":"wp","href":"https:\/\/api.w.org\/{rel}","templated":true}]}}