{"id":1211049,"date":"2020-10-16T11:36:27","date_gmt":"2020-10-16T09:36:27","guid":{"rendered":"https:\/\/laboklin.de\/de\/protein-losing-nephropathie-pln"},"modified":"2025-02-17T11:19:41","modified_gmt":"2025-02-17T10:19:41","slug":"protein-losing-nephropathie-pln","status":"publish","type":"page","link":"https:\/\/laboklin.de\/de\/leistungen\/genetik\/erbkrankheiten\/hund\/protein-losing-nephropathie-pln\/","title":{"rendered":"Protein Losing Nephropathie (PLN)"},"content":{"rendered":"<h3 class=\"csc-firstHeader\">Protein Losing Nephropathie (PLN)<\/h3><p><span>LABOKLIN Leistungs-ID: 8492<\/span><\/p><p class=\"bodytext\">Die genetisch bedingte PLN beim Irischer Soft Coated Wheaten Terrier und Airedale Terrier zeigt sich als versteckte Proteinurie ab einem mittleren Alter. Die Erkrankung kann \u00fcber Jahre stabil und mild verlaufen. In manchen F\u00e4llen kommt es jedoch zu schweren Komplikationen u.a. durch Nierenversagen oder Thrombosen. Der Gentest erm\u00f6glicht eine Risikoabsch\u00e4tzung f\u00fcr die Entstehung einer PLN. Der Zeitpunkt des Erkrankungsbeginns sowie der Verlauf der Symptome ist sehr variabel und wohl abh\u00e4ngig von \u201eModifiergenen\u201c und Umweltfaktoren. Au\u00dferdem kann der Gentest nicht die erworbenen Formen einer PLN erfassen. <\/p><table class=\"tx-laboklinleistung-table contenttable contenttable-2\" style=\"margin-top: 35px;\"><tr><td class=\"td-0\"><strong>Methode<\/strong><\/td><td class=\"td-1\"><p class=\"bodytext\">TaqMan SNP Assay<\/p><\/td><\/tr><tr><td class=\"td-0\"><strong>Rasse<\/strong><\/td><td class=\"td-1\"><p class=\"bodytext\">Airedale Terrier, Irischer Soft Coated Wheaten Terrier<\/p><\/td><\/tr><tr><td class=\"td-0\"><strong>Erbgang<\/strong><\/td><td class=\"td-1\"><p class=\"bodytext\">Risikoanalyse:<br>Heterozygote Tiere haben ein mittleres Risiko zu erkranken; Homozygot betroffene Tiere haben ein sehr hohes Risiko, zu erkranken.<\/p><\/td><\/tr><tr><td class=\"td-0\"><strong>Dauer<\/strong><\/td><td class=\"td-1\"><p class=\"bodytext\">3 - 5 Werktage nach Erhalt der Probe<\/p><\/td><\/tr><\/table>\n","protected":false},"excerpt":{"rendered":"<p>Protein Losing Nephropathie (PLN)LABOKLIN Leistungs-ID: 8492Die genetisch bedingte PLN beim Irischer Soft Coated Wheaten Terrier und Airedale Terrier zeigt sich als versteckte Proteinurie ab einem mittleren Alter. Die Erkrankung kann \u00fcber Jahre stabil und mild verlaufen. In manchen F\u00e4llen kommt es jedoch zu schweren Komplikationen u.a. durch Nierenversagen oder Thrombosen. Der Gentest erm\u00f6glicht eine Risikoabsch\u00e4tzung&hellip;<\/p>\n","protected":false},"author":1,"featured_media":0,"parent":1211000,"menu_order":180,"comment_status":"closed","ping_status":"closed","template":"","meta":{"_seopress_robots_primary_cat":"","_seopress_titles_title":"","_seopress_titles_desc":"","_seopress_robots_index":"","footnotes":""},"class_list":["post-1211049","page","type-page","status-publish","hentry","description-off"],"_links":{"self":[{"href":"https:\/\/laboklin.de\/de\/wp-json\/wp\/v2\/pages\/1211049","targetHints":{"allow":["GET"]}}],"collection":[{"href":"https:\/\/laboklin.de\/de\/wp-json\/wp\/v2\/pages"}],"about":[{"href":"https:\/\/laboklin.de\/de\/wp-json\/wp\/v2\/types\/page"}],"author":[{"embeddable":true,"href":"https:\/\/laboklin.de\/de\/wp-json\/wp\/v2\/users\/1"}],"replies":[{"embeddable":true,"href":"https:\/\/laboklin.de\/de\/wp-json\/wp\/v2\/comments?post=1211049"}],"version-history":[{"count":1,"href":"https:\/\/laboklin.de\/de\/wp-json\/wp\/v2\/pages\/1211049\/revisions"}],"predecessor-version":[{"id":1509425,"href":"https:\/\/laboklin.de\/de\/wp-json\/wp\/v2\/pages\/1211049\/revisions\/1509425"}],"up":[{"embeddable":true,"href":"https:\/\/laboklin.de\/de\/wp-json\/wp\/v2\/pages\/1211000"}],"wp:attachment":[{"href":"https:\/\/laboklin.de\/de\/wp-json\/wp\/v2\/media?parent=1211049"}],"curies":[{"name":"wp","href":"https:\/\/api.w.org\/{rel}","templated":true}]}}