{"id":1211048,"date":"2020-10-16T11:36:27","date_gmt":"2020-10-16T09:36:27","guid":{"rendered":"https:\/\/laboklin.de\/de\/primaeres-weitwinkel-glaukom-und-linsenluxation-poag-pll"},"modified":"2025-02-17T09:55:52","modified_gmt":"2025-02-17T08:55:52","slug":"primaeres-weitwinkel-glaukom-und-linsenluxation-poag-pll","status":"publish","type":"page","link":"https:\/\/laboklin.de\/de\/leistungen\/genetik\/erbkrankheiten\/hund\/primaeres-weitwinkel-glaukom-und-linsenluxation-poag-pll\/","title":{"rendered":"Prim\u00e4res Weitwinkel-Glaukom und Linsenluxation (POAG\/PLL)"},"content":{"rendered":"<h3 class=\"csc-firstHeader\">Prim\u00e4res Weitwinkel-Glaukom und Linsenluxation (POAG\/PLL)<\/h3><p><span>LABOKLIN Leistungs-ID: 8641<\/span><\/p><p class=\"bodytext\">Das prim\u00e4re Weitwinkel-Glaukom (POAG) ist eine genetisch bedingte Bindegewebsst\u00f6rung im Auge. Diese bewirkt, dass das Kammerwasser nicht richtig abflie\u00dfen kann. Der dadurch steigende Innendruck im Auge belastet den Sehnerv und die Netzhaut, ist f\u00fcr den Hund schmerzhaft und kann letztlich zur Erblindung f\u00fchren. Die Symptome umfassen geweitete Pupillen, rote Augen, tr\u00fcbe Hornhaut und einen erh\u00f6hten Augeninnendruck. Bei starker Zunahme des Drucks entstehen gro\u00dfe Schmerzen, die zu Fressunlust, Kratzen am Auge, Reiben des Kopfes an Gegenst\u00e4nden und Aggressivit\u00e4t f\u00fchren k\u00f6nnen.  Die Bindegewebsst\u00f6rung verursacht oftmals auch eine Luxation der Linse im Auge (PLL).  Die meisten betroffenen Hunde erkranken etwa mit 4 - 6 Jahren.<\/p><table class=\"tx-laboklinleistung-table contenttable contenttable-2\" style=\"margin-top: 35px;\"><tr><td class=\"td-0\"><strong>Methode<\/strong><\/td><td class=\"td-1\"><p class=\"bodytext\">TaqMan SNP Assay<\/p><\/td><\/tr><tr><td class=\"td-0\"><strong>Rasse<\/strong><\/td><td class=\"td-1\"><p class=\"bodytext\">Shar Pei<\/p><\/td><\/tr><tr><td class=\"td-0\"><strong>Erbgang<\/strong><\/td><td class=\"td-1\"><p class=\"bodytext\">autosomal-rezessiv<\/p><\/td><\/tr><tr><td class=\"td-0\"><strong>Dauer<\/strong><\/td><td class=\"td-1\"><p class=\"bodytext\">3 - 5 Werktage nach Erhalt der Probe<\/p><\/td><\/tr><\/table>\n","protected":false},"excerpt":{"rendered":"<p>Prim\u00e4res Weitwinkel-Glaukom und Linsenluxation (POAG\/PLL)LABOKLIN Leistungs-ID: 8641Das prim\u00e4re Weitwinkel-Glaukom (POAG) ist eine genetisch bedingte Bindegewebsst\u00f6rung im Auge. Diese bewirkt, dass das Kammerwasser nicht richtig abflie\u00dfen kann. Der dadurch steigende Innendruck im Auge belastet den Sehnerv und die Netzhaut, ist f\u00fcr den Hund schmerzhaft und kann letztlich zur Erblindung f\u00fchren. Die Symptome umfassen geweitete Pupillen, rote&hellip;<\/p>\n","protected":false},"author":1,"featured_media":0,"parent":1211000,"menu_order":77,"comment_status":"closed","ping_status":"closed","template":"","meta":{"_seopress_robots_primary_cat":"","_seopress_titles_title":"","_seopress_titles_desc":"","_seopress_robots_index":"","footnotes":""},"class_list":["post-1211048","page","type-page","status-publish","hentry","description-off"],"_links":{"self":[{"href":"https:\/\/laboklin.de\/de\/wp-json\/wp\/v2\/pages\/1211048","targetHints":{"allow":["GET"]}}],"collection":[{"href":"https:\/\/laboklin.de\/de\/wp-json\/wp\/v2\/pages"}],"about":[{"href":"https:\/\/laboklin.de\/de\/wp-json\/wp\/v2\/types\/page"}],"author":[{"embeddable":true,"href":"https:\/\/laboklin.de\/de\/wp-json\/wp\/v2\/users\/1"}],"replies":[{"embeddable":true,"href":"https:\/\/laboklin.de\/de\/wp-json\/wp\/v2\/comments?post=1211048"}],"version-history":[{"count":1,"href":"https:\/\/laboklin.de\/de\/wp-json\/wp\/v2\/pages\/1211048\/revisions"}],"predecessor-version":[{"id":1509208,"href":"https:\/\/laboklin.de\/de\/wp-json\/wp\/v2\/pages\/1211048\/revisions\/1509208"}],"up":[{"embeddable":true,"href":"https:\/\/laboklin.de\/de\/wp-json\/wp\/v2\/pages\/1211000"}],"wp:attachment":[{"href":"https:\/\/laboklin.de\/de\/wp-json\/wp\/v2\/media?parent=1211048"}],"curies":[{"name":"wp","href":"https:\/\/api.w.org\/{rel}","templated":true}]}}