{"id":1211044,"date":"2020-10-16T11:36:27","date_gmt":"2020-10-16T09:36:27","guid":{"rendered":"https:\/\/laboklin.de\/de\/primaere-ciliaere-dyskinesie-pcd"},"modified":"2025-02-17T09:53:01","modified_gmt":"2025-02-17T08:53:01","slug":"primaere-ciliaere-dyskinesie-pcd","status":"publish","type":"page","link":"https:\/\/laboklin.de\/de\/leistungen\/genetik\/erbkrankheiten\/hund\/primaere-ciliaere-dyskinesie-pcd\/","title":{"rendered":"Prim\u00e4re cili\u00e4re Dyskinesie (PCD)"},"content":{"rendered":"<h3 class=\"csc-firstHeader\">Prim\u00e4re cili\u00e4re Dyskinesie (PCD)<\/h3><p><span>LABOKLIN Leistungs-ID: 8483<\/span><\/p><p class=\"bodytext\"><br>Bei der prim\u00e4ren cili\u00e4ren Dyskinesie (PCD) handelt es sich um eine genetisch bedingte Erkrankung, die zur Gruppe der <strong>Ziliopathien (Funktionsst\u00f6rungen der Zilien)<\/strong> geh\u00f6rt. Aufgrund einer <strong>gest\u00f6rten Bewegungsf\u00e4higkeit der Zilien<\/strong> k\u00f6nnen diese ihre Funktion nicht oder nur stark eingeschr\u00e4nkt erf\u00fcllen und es kommt zu gesundheitlichen Problemen in verschiedenen Organsystemen, insbesondere der Atemwege. Bei betroffenen Tieren besitzen die Zilien der Epithelschleimhaut eine unzureichende Motilit\u00e4t, sodass die Schleimabfuhr aus den Atemwegen stark eingeschr\u00e4nkt wird, was wiederum zu <strong>chronischen Entz\u00fcndungen der Atemwege<\/strong> f\u00fchrt.<br>Bei der Rasse <strong>Bobtail<\/strong> korreliert eine Variante des CCDC39-Gens mit einer PCD. Bei betroffenen Hunden kommt es zu <strong>wiederkehrenden Infektionen der Atemwege<\/strong>. Da sich Zilien auch an den Spermien befinden, besitzen <strong>betroffene R\u00fcden dieser Rasse ebenfalls eine verminderte Fruchtbarkeit<\/strong>. Zudem tritt etwa bei 50 % der PCD-betroffenen Hunde ein <strong>Situs inversus (Kartagener-Syndrom)<\/strong> auf, einer spiegelverkehrten Lage der inneren Organe aufgrund einer St\u00f6rung in der fr\u00fchen embryonalen Entwicklung.<br>Bei der Rasse Alaskan Malamute f\u00fchrt eine genetische Variante im NME5-Gen ebenfalls zu <strong>wiederkehrenden Infektionen der Atemwege mit Nasenausfluss und starkem Husten<\/strong>. Zus\u00e4tzlich kann es bei betroffenen Hunden zu einer <strong>verminderten Fertilit\u00e4t<\/strong> kommen, da auch das Flimmerepithel des Fortpflanzungstrakts und somit der Transport der Eier zur Geb\u00e4rmutter und auch die Beweglichkeit der Spermien beeintr\u00e4chtig werden. In einigen F\u00e4llen kann bei betroffenen Hunden dieser Rasse auch ein <strong>Hydrocephalus<\/strong> auftreten.<br>Bei den Rassen <strong>Australian Sheperd und Miniature American Sheperd<\/strong> wurde eine genetische Variante des STK36-Gens gefunden, die mit PCD assoziiert werden kann. Betroffene Hunde leiden <strong>bereits wenige Wochen nach der Geburt (etwa ab dem Alter von 8 Wochen)<\/strong> an <strong>wiederkehrenden Entz\u00fcndungen der Nasenschleimhaut (Rhinitis) und Schnupfen<\/strong>. Symptome sind <strong>Niesen und gelb-gr\u00fcnlicher Nasenausfluss<\/strong>, der sich nach der Behandlung mit Antibiotika zwar bessert, h\u00e4ufig aber nach Absetzen der Behandlung erneut auftritt.<\/p><table class=\"tx-laboklinleistung-table contenttable contenttable-2\" style=\"margin-top: 35px;\"><tr><td class=\"td-0\"><strong>Methode<\/strong><\/td><td class=\"td-1\"><p class=\"bodytext\">TaqMan SNP Assay, ggf. Sequenzierung (Bobtail);<br>Sequenzierung (Alaskan Malamute, Australian Shepherd, Eurasier, Miniature American Shepherd, Nova Scotia Duck Tolling Retriever)<\/p><\/td><\/tr><tr><td class=\"td-0\"><strong>Rasse<\/strong><\/td><td class=\"td-1\"><p class=\"bodytext\">Alaskan Malamute, Australian Shepherd, Bobtail, Eurasier, Miniature American Shepherd, Nova Scotia Duck Tolling Retriever<\/p><\/td><\/tr><tr><td class=\"td-0\"><strong>Erbgang<\/strong><\/td><td class=\"td-1\"><p class=\"bodytext\">autosomal-rezessiv<\/p><\/td><\/tr><tr><td class=\"td-0\"><strong>Dauer<\/strong><\/td><td class=\"td-1\"><p class=\"bodytext\">3 - 5 Werktage nach Erhalt der Probe, bei Sequenzierung 1 - 2 Wochen (Bobtail);<br>1 - 2 Wochen nach Erhalt der Probe (Alaskan Malamute, Australian Shepherd, Eurasier, Miniature American Shepherd, Nova Scotia Duck Tolling Retriever)<\/p><\/td><\/tr><\/table>\n","protected":false},"excerpt":{"rendered":"<p>Prim\u00e4re cili\u00e4re Dyskinesie (PCD)LABOKLIN Leistungs-ID: 8483Bei der prim\u00e4ren cili\u00e4ren Dyskinesie (PCD) handelt es sich um eine genetisch bedingte Erkrankung, die zur Gruppe der Ziliopathien (Funktionsst\u00f6rungen der Zilien) geh\u00f6rt. Aufgrund einer gest\u00f6rten Bewegungsf\u00e4higkeit der Zilien k\u00f6nnen diese ihre Funktion nicht oder nur stark eingeschr\u00e4nkt erf\u00fcllen und es kommt zu gesundheitlichen Problemen in verschiedenen Organsystemen, insbesondere der&hellip;<\/p>\n","protected":false},"author":1,"featured_media":0,"parent":1211000,"menu_order":183,"comment_status":"closed","ping_status":"closed","template":"","meta":{"_seopress_robots_primary_cat":"","_seopress_titles_title":"","_seopress_titles_desc":"","_seopress_robots_index":"","footnotes":""},"class_list":["post-1211044","page","type-page","status-publish","hentry","description-off"],"_links":{"self":[{"href":"https:\/\/laboklin.de\/de\/wp-json\/wp\/v2\/pages\/1211044","targetHints":{"allow":["GET"]}}],"collection":[{"href":"https:\/\/laboklin.de\/de\/wp-json\/wp\/v2\/pages"}],"about":[{"href":"https:\/\/laboklin.de\/de\/wp-json\/wp\/v2\/types\/page"}],"author":[{"embeddable":true,"href":"https:\/\/laboklin.de\/de\/wp-json\/wp\/v2\/users\/1"}],"replies":[{"embeddable":true,"href":"https:\/\/laboklin.de\/de\/wp-json\/wp\/v2\/comments?post=1211044"}],"version-history":[{"count":1,"href":"https:\/\/laboklin.de\/de\/wp-json\/wp\/v2\/pages\/1211044\/revisions"}],"predecessor-version":[{"id":1509200,"href":"https:\/\/laboklin.de\/de\/wp-json\/wp\/v2\/pages\/1211044\/revisions\/1509200"}],"up":[{"embeddable":true,"href":"https:\/\/laboklin.de\/de\/wp-json\/wp\/v2\/pages\/1211000"}],"wp:attachment":[{"href":"https:\/\/laboklin.de\/de\/wp-json\/wp\/v2\/media?parent=1211044"}],"curies":[{"name":"wp","href":"https:\/\/api.w.org\/{rel}","templated":true}]}}