{"id":1211042,"date":"2020-10-16T11:36:27","date_gmt":"2020-10-16T09:36:27","guid":{"rendered":"https:\/\/laboklin.de\/de\/postoperative-blutung-p2y12"},"modified":"2025-02-17T09:51:38","modified_gmt":"2025-02-17T08:51:38","slug":"postoperative-blutung-p2y12","status":"publish","type":"page","link":"https:\/\/laboklin.de\/de\/leistungen\/genetik\/erbkrankheiten\/hund\/postoperative-blutung-p2y12\/","title":{"rendered":"Postoperative Blutung (P2Y12)"},"content":{"rendered":"<h3 class=\"csc-firstHeader\">Postoperative Blutung (P2Y12)<\/h3><p><span>LABOKLIN Leistungs-ID: 8053<\/span><\/p><p class=\"bodytext\">Beim Gro\u00dfen Schweizer Sennenhund f\u00fchrt eine Mutation im P2Y12-Gen zu schweren Gerinnungsst\u00f6rungen. Problematisch ist dabei, dass betroffene Tiere normalerweise keine fr\u00fch erkennbaren spontanen Blutungen zeigen. Erst bei gr\u00f6\u00dferen chirurgischen Eingriffen oder schwereren Verletzungen entstehen starke Blutungen, die h\u00e4ufig t\u00f6dlich enden. Daher ist der genetische Test als pr\u00e4ventive Ma\u00dfnahme vor einer Operation diagnostisch sinnvoll. <\/p><table class=\"tx-laboklinleistung-table contenttable contenttable-2\" style=\"margin-top: 35px;\"><tr><td class=\"td-0\"><strong>Methode<\/strong><\/td><td class=\"td-1\"><p class=\"bodytext\">Sequenzierung<\/p><\/td><\/tr><tr><td class=\"td-0\"><strong>Rasse<\/strong><\/td><td class=\"td-1\"><p class=\"bodytext\">Gro\u00dfer Schweizer Sennenhund<\/p><\/td><\/tr><tr><td class=\"td-0\"><strong>Erbgang<\/strong><\/td><td class=\"td-1\"><p class=\"bodytext\">autosomal-dominant<\/p><\/td><\/tr><tr><td class=\"td-0\"><strong>Dauer<\/strong><\/td><td class=\"td-1\"><p class=\"bodytext\">1 - 2 Wochen nach Erhalt der Probe<\/p><\/td><\/tr><\/table>\n","protected":false},"excerpt":{"rendered":"<p>Postoperative Blutung (P2Y12)LABOKLIN Leistungs-ID: 8053Beim Gro\u00dfen Schweizer Sennenhund f\u00fchrt eine Mutation im P2Y12-Gen zu schweren Gerinnungsst\u00f6rungen. Problematisch ist dabei, dass betroffene Tiere normalerweise keine fr\u00fch erkennbaren spontanen Blutungen zeigen. Erst bei gr\u00f6\u00dferen chirurgischen Eingriffen oder schwereren Verletzungen entstehen starke Blutungen, die h\u00e4ufig t\u00f6dlich enden. Daher ist der genetische Test als pr\u00e4ventive Ma\u00dfnahme vor einer Operation&hellip;<\/p>\n","protected":false},"author":1,"featured_media":0,"parent":1211000,"menu_order":184,"comment_status":"closed","ping_status":"closed","template":"","meta":{"_seopress_robots_primary_cat":"","_seopress_titles_title":"","_seopress_titles_desc":"","_seopress_robots_index":"","footnotes":""},"class_list":["post-1211042","page","type-page","status-publish","hentry","description-off"],"_links":{"self":[{"href":"https:\/\/laboklin.de\/de\/wp-json\/wp\/v2\/pages\/1211042","targetHints":{"allow":["GET"]}}],"collection":[{"href":"https:\/\/laboklin.de\/de\/wp-json\/wp\/v2\/pages"}],"about":[{"href":"https:\/\/laboklin.de\/de\/wp-json\/wp\/v2\/types\/page"}],"author":[{"embeddable":true,"href":"https:\/\/laboklin.de\/de\/wp-json\/wp\/v2\/users\/1"}],"replies":[{"embeddable":true,"href":"https:\/\/laboklin.de\/de\/wp-json\/wp\/v2\/comments?post=1211042"}],"version-history":[{"count":1,"href":"https:\/\/laboklin.de\/de\/wp-json\/wp\/v2\/pages\/1211042\/revisions"}],"predecessor-version":[{"id":1509197,"href":"https:\/\/laboklin.de\/de\/wp-json\/wp\/v2\/pages\/1211042\/revisions\/1509197"}],"up":[{"embeddable":true,"href":"https:\/\/laboklin.de\/de\/wp-json\/wp\/v2\/pages\/1211000"}],"wp:attachment":[{"href":"https:\/\/laboklin.de\/de\/wp-json\/wp\/v2\/media?parent=1211042"}],"curies":[{"name":"wp","href":"https:\/\/api.w.org\/{rel}","templated":true}]}}