{"id":1211041,"date":"2020-10-16T11:36:27","date_gmt":"2020-10-16T09:36:27","guid":{"rendered":"https:\/\/laboklin.de\/de\/polyzystische-nierenerkrankung-pkd"},"modified":"2025-02-17T09:51:06","modified_gmt":"2025-02-17T08:51:06","slug":"polyzystische-nierenerkrankung-pkd","status":"publish","type":"page","link":"https:\/\/laboklin.de\/de\/leistungen\/genetik\/erbkrankheiten\/hund\/polyzystische-nierenerkrankung-pkd\/","title":{"rendered":"Polyzystische Nierenerkrankung (PKD)"},"content":{"rendered":"<h3 class=\"csc-firstHeader\">Polyzystische Nierenerkrankung (PKD)<\/h3><p><span>LABOKLIN Leistungs-ID: 8476<\/span><\/p><p class=\"bodytext\">Die polyzystische Nierenerkrankung f\u00fchrt neben der Bildung von Zysten in Leber und Bauchspeicheldr\u00fcse zur Bildung von fl\u00fcssigkeitsgef\u00fcllten Zysten in der Niere, die letztendlich das Nierenversagen verursachen, das zum Tode eines betroffenen Hundes f\u00fchrt. Die PKD tritt beim Bull Terrier im mittleren Alter auf. <\/p><table class=\"tx-laboklinleistung-table contenttable contenttable-2\" style=\"margin-top: 35px;\"><tr><td class=\"td-0\"><strong>Methode<\/strong><\/td><td class=\"td-1\"><p class=\"bodytext\">Sequenzierung<\/p><\/td><\/tr><tr><td class=\"td-0\"><strong>Rasse<\/strong><\/td><td class=\"td-1\"><p class=\"bodytext\">Bull Terrier<\/p><\/td><\/tr><tr><td class=\"td-0\"><strong>Erbgang<\/strong><\/td><td class=\"td-1\"><p class=\"bodytext\">autosomal-dominant<\/p><\/td><\/tr><tr><td class=\"td-0\"><strong>Dauer<\/strong><\/td><td class=\"td-1\"><p class=\"bodytext\">1 - 2 Wochen nach Erhalt der Probe<\/p><\/td><\/tr><\/table>\n","protected":false},"excerpt":{"rendered":"<p>Polyzystische Nierenerkrankung (PKD)LABOKLIN Leistungs-ID: 8476Die polyzystische Nierenerkrankung f\u00fchrt neben der Bildung von Zysten in Leber und Bauchspeicheldr\u00fcse zur Bildung von fl\u00fcssigkeitsgef\u00fcllten Zysten in der Niere, die letztendlich das Nierenversagen verursachen, das zum Tode eines betroffenen Hundes f\u00fchrt. Die PKD tritt beim Bull Terrier im mittleren Alter auf. MethodeSequenzierungRasseBull TerrierErbgangautosomal-dominantDauer1 &#8211; 2 Wochen nach Erhalt der&hellip;<\/p>\n","protected":false},"author":1,"featured_media":0,"parent":1211000,"menu_order":80,"comment_status":"closed","ping_status":"closed","template":"","meta":{"_seopress_robots_primary_cat":"","_seopress_titles_title":"","_seopress_titles_desc":"","_seopress_robots_index":"","footnotes":""},"class_list":["post-1211041","page","type-page","status-publish","hentry","description-off"],"_links":{"self":[{"href":"https:\/\/laboklin.de\/de\/wp-json\/wp\/v2\/pages\/1211041","targetHints":{"allow":["GET"]}}],"collection":[{"href":"https:\/\/laboklin.de\/de\/wp-json\/wp\/v2\/pages"}],"about":[{"href":"https:\/\/laboklin.de\/de\/wp-json\/wp\/v2\/types\/page"}],"author":[{"embeddable":true,"href":"https:\/\/laboklin.de\/de\/wp-json\/wp\/v2\/users\/1"}],"replies":[{"embeddable":true,"href":"https:\/\/laboklin.de\/de\/wp-json\/wp\/v2\/comments?post=1211041"}],"version-history":[{"count":1,"href":"https:\/\/laboklin.de\/de\/wp-json\/wp\/v2\/pages\/1211041\/revisions"}],"predecessor-version":[{"id":1509194,"href":"https:\/\/laboklin.de\/de\/wp-json\/wp\/v2\/pages\/1211041\/revisions\/1509194"}],"up":[{"embeddable":true,"href":"https:\/\/laboklin.de\/de\/wp-json\/wp\/v2\/pages\/1211000"}],"wp:attachment":[{"href":"https:\/\/laboklin.de\/de\/wp-json\/wp\/v2\/media?parent=1211041"}],"curies":[{"name":"wp","href":"https:\/\/api.w.org\/{rel}","templated":true}]}}