{"id":1211036,"date":"2020-10-16T11:36:27","date_gmt":"2020-10-16T09:36:27","guid":{"rendered":"https:\/\/laboklin.de\/de\/neuronale-ceroidlipofuszinose-ncl-2"},"modified":"2025-02-17T09:44:15","modified_gmt":"2025-02-17T08:44:15","slug":"neuronale-ceroidlipofuszinose-ncl-2","status":"publish","type":"page","link":"https:\/\/laboklin.de\/de\/leistungen\/genetik\/erbkrankheiten\/hund\/neuronale-ceroidlipofuszinose-ncl-2\/","title":{"rendered":"Neuronale Ceroidlipofuszinose (NCL)"},"content":{"rendered":"<h3 class=\"csc-firstHeader\">Neuronale Ceroidlipofuszinose (NCL)<\/h3><p><span>LABOKLIN Leistungs-ID: 8075<\/span><\/p><p class=\"bodytext\">Es handelt sich hierbei um eine neurodegenerative Erkrankung aufgrund von lysosomalen Speicherdefekten. Klinische Symptome sind Verhaltens\u00e4nderungen (Unruhe, Aggressivit\u00e4t, Angst). Die Hunde k\u00f6nnen auch unter epileptischen Anf\u00e4llen und Sehst\u00f6rungen leiden. Die meisten Tiere verlieren die F\u00e4higkeit, die allt\u00e4glichen Muskelaktivit\u00e4ten wie Fressen und Laufen zu koordinieren. Das Alter, in dem die Erkrankung beginnt, sowie der Schweregrad k\u00f6nnen stark variieren.<\/p><table class=\"tx-laboklinleistung-table contenttable contenttable-2\" style=\"margin-top: 35px;\"><tr><td class=\"td-0\"><strong>Methode<\/strong><\/td><td class=\"td-1\"><p class=\"bodytext\">TaqMan SNP Assay, ggf. Sequenzierung (American Bulldog, Border Collie, English Setter, Golden Retriever, Gordon Setter, Tibet-Terrier);<br>Sequenzierung (Cane Corso Italiano, Chihuahua, Chinese Crested Dog, Saluki, Schapendoes, Schweizer Niederlaufhund)<\/p><\/td><\/tr><tr><td class=\"td-0\"><strong>Rasse<\/strong><\/td><td class=\"td-1\"><p class=\"bodytext\">American Bulldog, Border Collie, Cane Corso Italiano, Chihuahua, Chinese Crested Dog, English Setter, Golden Retriever, Goldendoodle, Gordon Setter, Saluki, Schapendoes, Schweizer Niederlaufhund, Tibet-Terrier<\/p><\/td><\/tr><tr><td class=\"td-0\"><strong>Erbgang<\/strong><\/td><td class=\"td-1\"><p class=\"bodytext\">autosomal-rezessiv<\/p><\/td><\/tr><tr><td class=\"td-0\"><strong>Dauer<\/strong><\/td><td class=\"td-1\"><p class=\"bodytext\">3 - 5 Werktage nach Erhalt der Probe, bei Sequenzierung 1 - 2 Wochen (American Bulldog, Border Collie, English Setter, Golden Retriever, Gordon Setter, Tibet-Terrier);<br>1 - 2 Wochen nach Erhalt der Probe (Cane Corso Italiano, Chihuahua, Chinese Crested Dog, Saluki, Schapendoes, Schweizer Niederlaufhund)<\/p><\/td><\/tr><\/table>\n","protected":false},"excerpt":{"rendered":"<p>Neuronale Ceroidlipofuszinose (NCL)LABOKLIN Leistungs-ID: 8075Es handelt sich hierbei um eine neurodegenerative Erkrankung aufgrund von lysosomalen Speicherdefekten. Klinische Symptome sind Verhaltens\u00e4nderungen (Unruhe, Aggressivit\u00e4t, Angst). Die Hunde k\u00f6nnen auch unter epileptischen Anf\u00e4llen und Sehst\u00f6rungen leiden. Die meisten Tiere verlieren die F\u00e4higkeit, die allt\u00e4glichen Muskelaktivit\u00e4ten wie Fressen und Laufen zu koordinieren. Das Alter, in dem die Erkrankung beginnt,&hellip;<\/p>\n","protected":false},"author":1,"featured_media":0,"parent":1211000,"menu_order":82,"comment_status":"closed","ping_status":"closed","template":"","meta":{"_seopress_robots_primary_cat":"","_seopress_titles_title":"","_seopress_titles_desc":"","_seopress_robots_index":"","footnotes":""},"class_list":["post-1211036","page","type-page","status-publish","hentry","description-off"],"_links":{"self":[{"href":"https:\/\/laboklin.de\/de\/wp-json\/wp\/v2\/pages\/1211036","targetHints":{"allow":["GET"]}}],"collection":[{"href":"https:\/\/laboklin.de\/de\/wp-json\/wp\/v2\/pages"}],"about":[{"href":"https:\/\/laboklin.de\/de\/wp-json\/wp\/v2\/types\/page"}],"author":[{"embeddable":true,"href":"https:\/\/laboklin.de\/de\/wp-json\/wp\/v2\/users\/1"}],"replies":[{"embeddable":true,"href":"https:\/\/laboklin.de\/de\/wp-json\/wp\/v2\/comments?post=1211036"}],"version-history":[{"count":1,"href":"https:\/\/laboklin.de\/de\/wp-json\/wp\/v2\/pages\/1211036\/revisions"}],"predecessor-version":[{"id":1509172,"href":"https:\/\/laboklin.de\/de\/wp-json\/wp\/v2\/pages\/1211036\/revisions\/1509172"}],"up":[{"embeddable":true,"href":"https:\/\/laboklin.de\/de\/wp-json\/wp\/v2\/pages\/1211000"}],"wp:attachment":[{"href":"https:\/\/laboklin.de\/de\/wp-json\/wp\/v2\/media?parent=1211036"}],"curies":[{"name":"wp","href":"https:\/\/api.w.org\/{rel}","templated":true}]}}