{"id":1211031,"date":"2020-10-16T11:36:27","date_gmt":"2020-10-16T09:36:27","guid":{"rendered":"https:\/\/laboklin.de\/de\/leukoenzephalomyelopathie-lemp"},"modified":"2025-02-17T09:20:55","modified_gmt":"2025-02-17T08:20:55","slug":"leukoenzephalomyelopathie-lemp","status":"publish","type":"page","link":"https:\/\/laboklin.de\/de\/leistungen\/genetik\/erbkrankheiten\/hund\/leukoenzephalomyelopathie-lemp\/","title":{"rendered":"Leukoenzephalomyelopathie (LEMP)"},"content":{"rendered":"<h3 class=\"csc-firstHeader\">Leukoenzephalomyelopathie (LEMP)<\/h3><p><span>LABOKLIN Leistungs-ID: 8283<\/span><\/p><p class=\"bodytext\">Leukoenzephalomyelopathie (LEMP) ist eine neurodegenerative Erkrankung der wei\u00dfen Substanz des zentralen Nervensystems (ZNS). Durch L\u00e4sionen in der Myelinscheide, welche die Nervenfasern sch\u00fctzend umgibt, kommt es zu St\u00f6rungen in der Nervenleitung. Typische Symptome von LEMP sind Koordinations- und Bewegungsst\u00f6rungen. Nur wenige Monate nach den ersten Symptomen k\u00f6nnen die betroffenen Hunde weder aufstehen noch laufen. Bei den Rassen Leonberger, Rottweiler und Deutsche Dogge wurden Varianten im NAPEPLD-Gen gefunden, die mit LEMP assoziiert werden k\u00f6nnen. NAPEPLD codiert f\u00fcr ein Enzym des Endocannabinoid-Systems und scheint sowohl eine Rolle bei der Myelin-Hom\u00f6ostase und der ZNS-Entwicklung zu spielen als auch eine neuroprotektive Funktion zu besitzen. Die ersten Symptome treten bei LEMP im Alter von 1 - 3 Jahren auf und die Erkrankung wird autosomal-rezessiv vererbt. Da ca. 1% der untersuchten Hunde ohne Symptome als homozygot betroffen getestet wurden, geht man von einer unvollst\u00e4ndigen Penetranz aus und vermutet den Einfluss von modifizierenden Genen oder Faktoren.  <\/p><table class=\"tx-laboklinleistung-table contenttable contenttable-2\" style=\"margin-top: 35px;\"><tr><td class=\"td-0\"><strong>Methode<\/strong><\/td><td class=\"td-1\"><p class=\"bodytext\">Sequenzierung (Deutsche Dogge, Rottweiler), TaqMan SNP Assay (Leonberger)<\/p><\/td><\/tr><tr><td class=\"td-0\"><strong>Rasse<\/strong><\/td><td class=\"td-1\"><p class=\"bodytext\">Deutsche Dogge, Leonberger, Rottweiler<\/p><\/td><\/tr><tr><td class=\"td-0\"><strong>Erbgang<\/strong><\/td><td class=\"td-1\"><p class=\"bodytext\">autosomal-rezessiv mit unvollst\u00e4ndiger Penetranz <\/p><\/td><\/tr><tr><td class=\"td-0\"><strong>Dauer<\/strong><\/td><td class=\"td-1\"><p class=\"bodytext\">3 - 5 Werktage nach Erhalt der Probe (Leonberger)\r\n1 - 2 Wochen nach Erhalt der Probe (Deutsche Dogge, Rottweiler)\r\n<\/p><\/td><\/tr><\/table>\n","protected":false},"excerpt":{"rendered":"<p>Leukoenzephalomyelopathie (LEMP)LABOKLIN Leistungs-ID: 8283Leukoenzephalomyelopathie (LEMP) ist eine neurodegenerative Erkrankung der wei\u00dfen Substanz des zentralen Nervensystems (ZNS). Durch L\u00e4sionen in der Myelinscheide, welche die Nervenfasern sch\u00fctzend umgibt, kommt es zu St\u00f6rungen in der Nervenleitung. Typische Symptome von LEMP sind Koordinations- und Bewegungsst\u00f6rungen. Nur wenige Monate nach den ersten Symptomen k\u00f6nnen die betroffenen Hunde weder aufstehen noch&hellip;<\/p>\n","protected":false},"author":1,"featured_media":0,"parent":1211000,"menu_order":190,"comment_status":"closed","ping_status":"closed","template":"","meta":{"_seopress_robots_primary_cat":"","_seopress_titles_title":"","_seopress_titles_desc":"","_seopress_robots_index":"","footnotes":""},"class_list":["post-1211031","page","type-page","status-publish","hentry","description-off"],"_links":{"self":[{"href":"https:\/\/laboklin.de\/de\/wp-json\/wp\/v2\/pages\/1211031","targetHints":{"allow":["GET"]}}],"collection":[{"href":"https:\/\/laboklin.de\/de\/wp-json\/wp\/v2\/pages"}],"about":[{"href":"https:\/\/laboklin.de\/de\/wp-json\/wp\/v2\/types\/page"}],"author":[{"embeddable":true,"href":"https:\/\/laboklin.de\/de\/wp-json\/wp\/v2\/users\/1"}],"replies":[{"embeddable":true,"href":"https:\/\/laboklin.de\/de\/wp-json\/wp\/v2\/comments?post=1211031"}],"version-history":[{"count":1,"href":"https:\/\/laboklin.de\/de\/wp-json\/wp\/v2\/pages\/1211031\/revisions"}],"predecessor-version":[{"id":1509095,"href":"https:\/\/laboklin.de\/de\/wp-json\/wp\/v2\/pages\/1211031\/revisions\/1509095"}],"up":[{"embeddable":true,"href":"https:\/\/laboklin.de\/de\/wp-json\/wp\/v2\/pages\/1211000"}],"wp:attachment":[{"href":"https:\/\/laboklin.de\/de\/wp-json\/wp\/v2\/media?parent=1211031"}],"curies":[{"name":"wp","href":"https:\/\/api.w.org\/{rel}","templated":true}]}}