{"id":1211030,"date":"2020-10-16T11:36:27","date_gmt":"2020-10-16T09:36:27","guid":{"rendered":"https:\/\/laboklin.de\/de\/neuronale-ceroidlipofuszinose-ncl"},"modified":"2025-02-17T09:44:49","modified_gmt":"2025-02-17T08:44:49","slug":"neuronale-ceroidlipofuszinose-ncl","status":"publish","type":"page","link":"https:\/\/laboklin.de\/de\/leistungen\/genetik\/erbkrankheiten\/hund\/neuronale-ceroidlipofuszinose-ncl\/","title":{"rendered":"Neuronale Ceroidlipofuszinose (NCL)"},"content":{"rendered":"<h3 class=\"csc-firstHeader\">Neuronale Ceroidlipofuszinose (NCL)<\/h3><p><span>LABOKLIN Leistungs-ID: 8133<\/span><\/p><p class=\"bodytext\">Es handelt sich hierbei um eine neurodegenerative Erkrankung aufgrund von lysosomalen Speicherdefekten. Klinische Symptome sind Verhaltens\u00e4nderungen (Unruhe, Aggressivit\u00e4t, Angst). Die Hunde k\u00f6nnen auch unter epileptischen Anf\u00e4llen und Sehst\u00f6rungen leiden. Die meisten Tiere verlieren die F\u00e4higkeit, die allt\u00e4glichen Muskelaktivit\u00e4ten wie Fressen und Laufen zu koordinieren. Das Alter, in dem die Erkrankung beginnt, sowie der Schweregrad k\u00f6nnen stark variieren.<\/p><table class=\"tx-laboklinleistung-table contenttable contenttable-2\" style=\"margin-top: 35px;\"><tr><td class=\"td-0\"><strong>Methode<\/strong><\/td><td class=\"td-1\"><p class=\"bodytext\">TaqMan SNP-Assay, ggf. Sequenzierung (Australian Cattle Dog, Australian Shepherd, Miniature American Shepherd);<br>Sequenzierung (Dackel) <\/p><\/td><\/tr><tr><td class=\"td-0\"><strong>Rasse<\/strong><\/td><td class=\"td-1\"><p class=\"bodytext\">Australian Cattle Dog, Australian Shepherd, Dackel (Dachshund), Kurzhaardackel, Langhaardackel, Miniature American Shepherd, Rauhhaardackel<\/p><\/td><\/tr><tr><td class=\"td-0\"><strong>Erbgang<\/strong><\/td><td class=\"td-1\"><p class=\"bodytext\">autosomal-rezessiv<\/p><\/td><\/tr><tr><td class=\"td-0\"><strong>Dauer<\/strong><\/td><td class=\"td-1\"><p class=\"bodytext\">3 - 5 Werktage nach Erhalt der Probe, bei Sequenzierung 1 - 2 Wochen (Australian Cattle Dog, Australian Shepherd, Miniature American Shepherd);<br>1 - 2 Wochen (Dackel)<\/p><\/td><\/tr><\/table>\n","protected":false},"excerpt":{"rendered":"<p>Neuronale Ceroidlipofuszinose (NCL)LABOKLIN Leistungs-ID: 8133Es handelt sich hierbei um eine neurodegenerative Erkrankung aufgrund von lysosomalen Speicherdefekten. Klinische Symptome sind Verhaltens\u00e4nderungen (Unruhe, Aggressivit\u00e4t, Angst). Die Hunde k\u00f6nnen auch unter epileptischen Anf\u00e4llen und Sehst\u00f6rungen leiden. Die meisten Tiere verlieren die F\u00e4higkeit, die allt\u00e4glichen Muskelaktivit\u00e4ten wie Fressen und Laufen zu koordinieren. Das Alter, in dem die Erkrankung beginnt,&hellip;<\/p>\n","protected":false},"author":1,"featured_media":0,"parent":1211000,"menu_order":192,"comment_status":"closed","ping_status":"closed","template":"","meta":{"_seopress_robots_primary_cat":"","_seopress_titles_title":"","_seopress_titles_desc":"","_seopress_robots_index":"","footnotes":""},"class_list":["post-1211030","page","type-page","status-publish","hentry","description-off"],"_links":{"self":[{"href":"https:\/\/laboklin.de\/de\/wp-json\/wp\/v2\/pages\/1211030","targetHints":{"allow":["GET"]}}],"collection":[{"href":"https:\/\/laboklin.de\/de\/wp-json\/wp\/v2\/pages"}],"about":[{"href":"https:\/\/laboklin.de\/de\/wp-json\/wp\/v2\/types\/page"}],"author":[{"embeddable":true,"href":"https:\/\/laboklin.de\/de\/wp-json\/wp\/v2\/users\/1"}],"replies":[{"embeddable":true,"href":"https:\/\/laboklin.de\/de\/wp-json\/wp\/v2\/comments?post=1211030"}],"version-history":[{"count":1,"href":"https:\/\/laboklin.de\/de\/wp-json\/wp\/v2\/pages\/1211030\/revisions"}],"predecessor-version":[{"id":1509175,"href":"https:\/\/laboklin.de\/de\/wp-json\/wp\/v2\/pages\/1211030\/revisions\/1509175"}],"up":[{"embeddable":true,"href":"https:\/\/laboklin.de\/de\/wp-json\/wp\/v2\/pages\/1211000"}],"wp:attachment":[{"href":"https:\/\/laboklin.de\/de\/wp-json\/wp\/v2\/media?parent=1211030"}],"curies":[{"name":"wp","href":"https:\/\/api.w.org\/{rel}","templated":true}]}}