{"id":1211029,"date":"2020-10-16T11:36:27","date_gmt":"2020-10-16T09:36:27","guid":{"rendered":"https:\/\/laboklin.de\/de\/letale-akrodematitis-lad"},"modified":"2025-02-17T09:19:43","modified_gmt":"2025-02-17T08:19:43","slug":"letale-akrodematitis-lad","status":"publish","type":"page","link":"https:\/\/laboklin.de\/de\/leistungen\/genetik\/erbkrankheiten\/hund\/letale-akrodematitis-lad\/","title":{"rendered":"Letale Akrodematitis (LAD)"},"content":{"rendered":"<h3 class=\"csc-firstHeader\">Letale Akrodematitis (LAD)<\/h3><p><span>LABOKLIN Leistungs-ID: 8273<\/span><\/p><p class=\"bodytext\">Die letale Akrodermatitis ist gekennzeichnet durch Hautl\u00e4sionen an den Pfoten und im Gesicht, die zu Entz\u00fcndungen aufgrund sekund\u00e4rer Infektionen mit Malassezien oder Candida neigen. Dies wird durch eine Immunschw\u00e4che aufgrund von IgA-Mangel noch gef\u00f6rdert. Die Hautl\u00e4sionen f\u00fchren au\u00dferdem zu einer Hyperkeratose der Ballen und zur Deformation der Krallen. Zudem leiden betroffene Tiere unter Durchfall und Lungenentz\u00fcndungen. Die Symptome zeigen sich in den ersten Lebenswochen. Betroffene Welpen gedeihen schlechter als ihre Wurfgeschwister und sterben oft im Laufe der ersten beiden Jahre.<\/p><table class=\"tx-laboklinleistung-table contenttable contenttable-2\" style=\"margin-top: 35px;\"><tr><td class=\"td-0\"><strong>Methode<\/strong><\/td><td class=\"td-1\"><p class=\"bodytext\">TaqMan SNP Assay<\/p><\/td><\/tr><tr><td class=\"td-0\"><strong>Rasse<\/strong><\/td><td class=\"td-1\"><p class=\"bodytext\">Bull Terrier, Miniature Bull Terrier<\/p><\/td><\/tr><tr><td class=\"td-0\"><strong>Erbgang<\/strong><\/td><td class=\"td-1\"><p class=\"bodytext\">autosomal-rezessiv<\/p><\/td><\/tr><tr><td class=\"td-0\"><strong>Dauer<\/strong><\/td><td class=\"td-1\"><p class=\"bodytext\">3 - 5 Werktage nach Erhalt der Probe<\/p><\/td><\/tr><\/table>\n","protected":false},"excerpt":{"rendered":"<p>Letale Akrodematitis (LAD)LABOKLIN Leistungs-ID: 8273Die letale Akrodermatitis ist gekennzeichnet durch Hautl\u00e4sionen an den Pfoten und im Gesicht, die zu Entz\u00fcndungen aufgrund sekund\u00e4rer Infektionen mit Malassezien oder Candida neigen. Dies wird durch eine Immunschw\u00e4che aufgrund von IgA-Mangel noch gef\u00f6rdert. Die Hautl\u00e4sionen f\u00fchren au\u00dferdem zu einer Hyperkeratose der Ballen und zur Deformation der Krallen. Zudem leiden betroffene&hellip;<\/p>\n","protected":false},"author":1,"featured_media":0,"parent":1211000,"menu_order":84,"comment_status":"closed","ping_status":"closed","template":"","meta":{"_seopress_robots_primary_cat":"","_seopress_titles_title":"","_seopress_titles_desc":"","_seopress_robots_index":"","footnotes":""},"class_list":["post-1211029","page","type-page","status-publish","hentry","description-off"],"_links":{"self":[{"href":"https:\/\/laboklin.de\/de\/wp-json\/wp\/v2\/pages\/1211029","targetHints":{"allow":["GET"]}}],"collection":[{"href":"https:\/\/laboklin.de\/de\/wp-json\/wp\/v2\/pages"}],"about":[{"href":"https:\/\/laboklin.de\/de\/wp-json\/wp\/v2\/types\/page"}],"author":[{"embeddable":true,"href":"https:\/\/laboklin.de\/de\/wp-json\/wp\/v2\/users\/1"}],"replies":[{"embeddable":true,"href":"https:\/\/laboklin.de\/de\/wp-json\/wp\/v2\/comments?post=1211029"}],"version-history":[{"count":1,"href":"https:\/\/laboklin.de\/de\/wp-json\/wp\/v2\/pages\/1211029\/revisions"}],"predecessor-version":[{"id":1509089,"href":"https:\/\/laboklin.de\/de\/wp-json\/wp\/v2\/pages\/1211029\/revisions\/1509089"}],"up":[{"embeddable":true,"href":"https:\/\/laboklin.de\/de\/wp-json\/wp\/v2\/pages\/1211000"}],"wp:attachment":[{"href":"https:\/\/laboklin.de\/de\/wp-json\/wp\/v2\/media?parent=1211029"}],"curies":[{"name":"wp","href":"https:\/\/api.w.org\/{rel}","templated":true}]}}