{"id":1211022,"date":"2020-10-16T11:36:27","date_gmt":"2020-10-16T09:36:27","guid":{"rendered":"https:\/\/laboklin.de\/de\/verhaltensanomalie"},"modified":"2025-02-17T14:03:50","modified_gmt":"2025-02-17T13:03:50","slug":"verhaltensanomalie","status":"publish","type":"page","link":"https:\/\/laboklin.de\/de\/leistungen\/genetik\/erbkrankheiten\/hund\/verhaltensanomalie\/","title":{"rendered":"Verhaltensanomalie"},"content":{"rendered":"<h3 class=\"csc-firstHeader\">Verhaltensanomalie<\/h3><p><span>LABOKLIN Leistungs-ID: 8614<\/span><\/p><p class=\"bodytext\">Der Malinois ist eine Variet\u00e4t des Belgischen Sch\u00e4ferhundes und ist bekannt als aktiver und intelligenter Hund, mit einem au\u00dfergew\u00f6hnlich hohen Energielevel. Diese Charaktereigenschaften k\u00f6nnen f\u00fcr das t\u00e4gliche Zusammenleben mit dem Malinois herausfordernd sein, insbesondere f\u00fcr Besitzer, die ihrem arbeitsfreudigen Hund nicht die Auslastung bieten k\u00f6nnen, die er ben\u00f6tigt. Auf der anderen Seite machen sie den Malinois aber auch zu einem hervorragenden Arbeitshund f\u00fcr Personenschutz, Polizeiarbeit oder als Sporthund (z.B. f\u00fcr Agility oder Schutzhundesport). <br \/>\r\nNeben der bei der Ausbildung der Hunde angestrebten Form der Aggressivit\u00e4t, die provoziert wurde und eindeutig einer bestimmten klar-definierten Situation zugeordnet werden kann (\u201ezielgerichtete Aggression\u201c), berichten manche Besitzer von einer willk\u00fcrlichen und episodenhaften Aggression, welche die Hunde schwierig im Handling und zum Teil auch gef\u00e4hrlich macht. Diese ungew\u00fcnschte Form der Aggressivit\u00e4t tritt laut der Besitzer ohne ersichtlichen Grund und v\u00f6llig unvorhersehbar auf. W\u00e4hrend der Phasen der Aggression sind die Hunde nicht kontrollierbar, da sie auf keine externen Einfl\u00fcsse mehr reagieren. Dabei werden die Augen der Hunde oft glasig und zum Teil kann es auch zu Bei\u00dfhandlungen oder Krampfanf\u00e4llen kommen. <br \/>\r\nEine genetische Variante im Dopamintransportergen (SLC6A3) wurde h\u00e4ufiger bei Hunden gefunden, die diese ungew\u00fcnschte Form der Aggressivit\u00e4t zeigen. Es konnten bislang drei verschiedene Allele dieses Gens identifiziert werden: Die Allele A0 und A10 werden nicht mit dem agressiven Verhalten assoziiert, w\u00e4hrend das Allel A22 h\u00e4ufiger bei Hunden mit willk\u00fcrlicher Aggression auftritt. Hunde mit heterozygotem Genotyp (A0\/A22 oder A10\/A22) zeigen laut deren Besitzer h\u00e4ufiger unerw\u00fcnschte aggressive Verhaltensweisen. Bei den Hunden mit den extremsten Verhaltensauff\u00e4lligkeiten wurde dagegen besonders h\u00e4ufig der homozygoten Genotyp A22\/A22 nachgewiesen.<br \/>\r\nBitte beachten Sie, dass das Verhalten der Hunde neben dieser genetischen Variante auch durch viele weitere Faktoren beeinflusst wird, die ebenfalls aggressive Verhaltensweisen hervorrufen k\u00f6nnen (wie zum Beispiel durch Schmerzen, dauerhaften Stress oder ungeeignete Erziehungsmethoden). Zudem gibt dieser Test nur Auskunft \u00fcber eine genetische Pr\u00e4disposition und l\u00e4sst keine Aussage \u00fcber die aktuelle Ausbildungsf\u00e4higkeit oder das kommunikative Verhalten des Hundes zu.  <br \/>\r\n<\/p><table class=\"tx-laboklinleistung-table contenttable contenttable-2\" style=\"margin-top: 35px;\"><tr><td class=\"td-0\"><strong>Methode<\/strong><\/td><td class=\"td-1\"><p class=\"bodytext\">Fragmentl\u00e4ngenanalyse<\/p><\/td><\/tr><tr><td class=\"td-0\"><strong>Rasse<\/strong><\/td><td class=\"td-1\"><p class=\"bodytext\">Belgischer Sch\u00e4ferhund, Malinois<\/p><\/td><\/tr><tr><td class=\"td-0\"><strong>Erbgang<\/strong><\/td><td class=\"td-1\"><p class=\"bodytext\">siehe Text<\/p><\/td><\/tr><tr><td class=\"td-0\"><strong>Dauer<\/strong><\/td><td class=\"td-1\"><p class=\"bodytext\">1 - 2 Wochen nach Erhalt der Probe<\/p><\/td><\/tr><\/table>\n","protected":false},"excerpt":{"rendered":"<p>VerhaltensanomalieLABOKLIN Leistungs-ID: 8614Der Malinois ist eine Variet\u00e4t des Belgischen Sch\u00e4ferhundes und ist bekannt als aktiver und intelligenter Hund, mit einem au\u00dfergew\u00f6hnlich hohen Energielevel. Diese Charaktereigenschaften k\u00f6nnen f\u00fcr das t\u00e4gliche Zusammenleben mit dem Malinois herausfordernd sein, insbesondere f\u00fcr Besitzer, die ihrem arbeitsfreudigen Hund nicht die Auslastung bieten k\u00f6nnen, die er ben\u00f6tigt. Auf der anderen Seite machen&hellip;<\/p>\n","protected":false},"author":1,"featured_media":0,"parent":1211000,"menu_order":196,"comment_status":"closed","ping_status":"closed","template":"","meta":{"_seopress_robots_primary_cat":"","_seopress_titles_title":"","_seopress_titles_desc":"","_seopress_robots_index":"","footnotes":""},"class_list":["post-1211022","page","type-page","status-publish","hentry","description-off"],"_links":{"self":[{"href":"https:\/\/laboklin.de\/de\/wp-json\/wp\/v2\/pages\/1211022","targetHints":{"allow":["GET"]}}],"collection":[{"href":"https:\/\/laboklin.de\/de\/wp-json\/wp\/v2\/pages"}],"about":[{"href":"https:\/\/laboklin.de\/de\/wp-json\/wp\/v2\/types\/page"}],"author":[{"embeddable":true,"href":"https:\/\/laboklin.de\/de\/wp-json\/wp\/v2\/users\/1"}],"replies":[{"embeddable":true,"href":"https:\/\/laboklin.de\/de\/wp-json\/wp\/v2\/comments?post=1211022"}],"version-history":[{"count":1,"href":"https:\/\/laboklin.de\/de\/wp-json\/wp\/v2\/pages\/1211022\/revisions"}],"predecessor-version":[{"id":1509499,"href":"https:\/\/laboklin.de\/de\/wp-json\/wp\/v2\/pages\/1211022\/revisions\/1509499"}],"up":[{"embeddable":true,"href":"https:\/\/laboklin.de\/de\/wp-json\/wp\/v2\/pages\/1211000"}],"wp:attachment":[{"href":"https:\/\/laboklin.de\/de\/wp-json\/wp\/v2\/media?parent=1211022"}],"curies":[{"name":"wp","href":"https:\/\/api.w.org\/{rel}","templated":true}]}}