{"id":1211019,"date":"2020-10-16T11:36:27","date_gmt":"2020-10-16T09:36:27","guid":{"rendered":"https:\/\/laboklin.de\/de\/hypophosphatasie-hpp"},"modified":"2025-02-06T12:43:17","modified_gmt":"2025-02-06T11:43:17","slug":"hypophosphatasie-hpp","status":"publish","type":"page","link":"https:\/\/laboklin.de\/de\/leistungen\/genetik\/erbkrankheiten\/hund\/hypophosphatasie-hpp\/","title":{"rendered":"Hypophosphatasie (HPP)"},"content":{"rendered":"<h3 class=\"csc-firstHeader\">Hypophosphatasie (HPP)<\/h3><p><span>LABOKLIN Leistungs-ID: 8389<\/span><\/p><p class=\"bodytext\">Hypophosphatasie (HPP) ist eine metabolische Erkrankung der Knochen, welche sich durch eine unzureichende Mineralisierung des Skeletts kennzeichnen l\u00e4sst und sowohl beim Karelischen B\u00e4renhund als auch beim Menschen beschrieben wurde. Beim Karelischen B\u00e4renhund kann eine Variante im Gen der alkalischen Phosphatase (ALPL) mit den Symptomen einer HPP assoziiert werden kann. Die ersten Anzeichen einer HPP zeigen sich beim Karelischen B\u00e4renhund im Alter von 2 - 10 Wochen. Typische erste Symptome k\u00f6nnen sein: Wachstumsverz\u00f6gerungen, geduckte Haltung, Krampfanf\u00e4lle, generelle Muskelschw\u00e4che und Schwierigkeiten beim Laufen und\/oder Bewegen. Durch die beschriebene Variante kommt es zu einer mangelhaften Mineralisierung des Skeletts. Bei pathologischen Untersuchungen wurden \u00dcberstreckungen der distalen Gelenke, sanduhrf\u00f6rmige Diaphysen sowie sehr schwach mineralisierte Epiphysen, Hand- und Fu\u00dfwurzelknochen  gefunden. Zudem k\u00f6nnen bei Serumanalysen der betroffenen Welpen erh\u00f6hte Werte des Totalproteins, Albumins und Harnstoffs auftreten und \u00fcber den Harn wird vermehrt PEA (Phosphatase-Substrat-Phosphoethanolamin) ausgeschieden. <br \/>\r\nDie betroffenen Welpen sterben meist bereits im Alter von wenigen Wochen oder werden aufgrund der schwerwiegenden Symptome der Erkrankung euthanasiert.   <\/p><table class=\"tx-laboklinleistung-table contenttable contenttable-2\" style=\"margin-top: 35px;\"><tr><td class=\"td-0\"><strong>Methode<\/strong><\/td><td class=\"td-1\"><p class=\"bodytext\">Sequenzierung<\/p><\/td><\/tr><tr><td class=\"td-0\"><strong>Rasse<\/strong><\/td><td class=\"td-1\"><p class=\"bodytext\">Karelischer B\u00e4renhund<\/p><\/td><\/tr><tr><td class=\"td-0\"><strong>Erbgang<\/strong><\/td><td class=\"td-1\"><p class=\"bodytext\">autosomal-rezessiv<\/p><\/td><\/tr><tr><td class=\"td-0\"><strong>Dauer<\/strong><\/td><td class=\"td-1\"><p class=\"bodytext\">1 - 2 Wochen nach Erhalt der Probe<\/p><\/td><\/tr><\/table>\n","protected":false},"excerpt":{"rendered":"<p>Hypophosphatasie (HPP)LABOKLIN Leistungs-ID: 8389Hypophosphatasie (HPP) ist eine metabolische Erkrankung der Knochen, welche sich durch eine unzureichende Mineralisierung des Skeletts kennzeichnen l\u00e4sst und sowohl beim Karelischen B\u00e4renhund als auch beim Menschen beschrieben wurde. Beim Karelischen B\u00e4renhund kann eine Variante im Gen der alkalischen Phosphatase (ALPL) mit den Symptomen einer HPP assoziiert werden kann. Die ersten Anzeichen&hellip;<\/p>\n","protected":false},"author":1,"featured_media":0,"parent":1211000,"menu_order":199,"comment_status":"closed","ping_status":"closed","template":"","meta":{"_seopress_robots_primary_cat":"","_seopress_titles_title":"","_seopress_titles_desc":"","_seopress_robots_index":"","footnotes":""},"class_list":["post-1211019","page","type-page","status-publish","hentry","description-off"],"_links":{"self":[{"href":"https:\/\/laboklin.de\/de\/wp-json\/wp\/v2\/pages\/1211019","targetHints":{"allow":["GET"]}}],"collection":[{"href":"https:\/\/laboklin.de\/de\/wp-json\/wp\/v2\/pages"}],"about":[{"href":"https:\/\/laboklin.de\/de\/wp-json\/wp\/v2\/types\/page"}],"author":[{"embeddable":true,"href":"https:\/\/laboklin.de\/de\/wp-json\/wp\/v2\/users\/1"}],"replies":[{"embeddable":true,"href":"https:\/\/laboklin.de\/de\/wp-json\/wp\/v2\/comments?post=1211019"}],"version-history":[{"count":1,"href":"https:\/\/laboklin.de\/de\/wp-json\/wp\/v2\/pages\/1211019\/revisions"}],"predecessor-version":[{"id":1507229,"href":"https:\/\/laboklin.de\/de\/wp-json\/wp\/v2\/pages\/1211019\/revisions\/1507229"}],"up":[{"embeddable":true,"href":"https:\/\/laboklin.de\/de\/wp-json\/wp\/v2\/pages\/1211000"}],"wp:attachment":[{"href":"https:\/\/laboklin.de\/de\/wp-json\/wp\/v2\/media?parent=1211019"}],"curies":[{"name":"wp","href":"https:\/\/api.w.org\/{rel}","templated":true}]}}