{"id":1211012,"date":"2020-10-16T11:36:27","date_gmt":"2020-10-16T09:36:27","guid":{"rendered":"https:\/\/laboklin.de\/de\/nierendysplasie-und-leberfibrose-rdhn"},"modified":"2025-02-17T09:45:51","modified_gmt":"2025-02-17T08:45:51","slug":"nierendysplasie-und-leberfibrose-rdhn","status":"publish","type":"page","link":"https:\/\/laboklin.de\/de\/leistungen\/genetik\/erbkrankheiten\/hund\/nierendysplasie-und-leberfibrose-rdhn\/","title":{"rendered":"Nierendysplasie und Leberfibrose (RDHN)"},"content":{"rendered":"<h3 class=\"csc-firstHeader\">Nierendysplasie und Leberfibrose (RDHN)<\/h3><p><span>LABOKLIN Leistungs-ID: 8345<\/span><\/p><p class=\"bodytext\">Unter Ziliopathien versteht man strukturelle oder funktionelle Defekte prim\u00e4rer Zilien. Prim\u00e4re Zilien sind antennen\u00e4hnliche Strukturen, die bei Wirbeltieren auf den Zelloberfl\u00e4chen von fast allen Zelltypen vorkommen. Sie spielen eine wichtige Rolle bei Signalweiterleitung und Organogenese und fungieren als Sensoren f\u00fcr die extrazellul\u00e4re Umgebung.  Bei der Rasse Norwich Terrier kann eine Genvariante mit einer letalen Ziliopathie in Verbindung gebracht werden, welche eine zystische Nierendysplasie und Leberfibrose verursacht. Bei betroffenen Welpen konnten die folgenden Symptome beobachtet werden:  vergr\u00f6\u00dferte und diffus zystische Nieren, Leberfibrose, subkutane \u00d6deme, Wasser im Brust- und\/oder Bauchraum, unterentwickelte Lungen, Gaumenspalte, Ausst\u00fclpung des Zwerchfells bzw. Zwerchfellbruch. Betroffene Welpen sterben in der Regel direkt nach der Geburt oder wenige Tage danach.<\/p><table class=\"tx-laboklinleistung-table contenttable contenttable-2\" style=\"margin-top: 35px;\"><tr><td class=\"td-0\"><strong>Methode<\/strong><\/td><td class=\"td-1\"><p class=\"bodytext\">Sequenzierung<\/p><\/td><\/tr><tr><td class=\"td-0\"><strong>Rasse<\/strong><\/td><td class=\"td-1\"><p class=\"bodytext\">Norwich Terrier<\/p><\/td><\/tr><tr><td class=\"td-0\"><strong>Erbgang<\/strong><\/td><td class=\"td-1\"><p class=\"bodytext\">autosomal-rezessiv <\/p><\/td><\/tr><tr><td class=\"td-0\"><strong>Dauer<\/strong><\/td><td class=\"td-1\"><p class=\"bodytext\">1 - 2 Wochen nach Erhalt der Probe<\/p><\/td><\/tr><\/table>\n","protected":false},"excerpt":{"rendered":"<p>Nierendysplasie und Leberfibrose (RDHN)LABOKLIN Leistungs-ID: 8345Unter Ziliopathien versteht man strukturelle oder funktionelle Defekte prim\u00e4rer Zilien. Prim\u00e4re Zilien sind antennen\u00e4hnliche Strukturen, die bei Wirbeltieren auf den Zelloberfl\u00e4chen von fast allen Zelltypen vorkommen. Sie spielen eine wichtige Rolle bei Signalweiterleitung und Organogenese und fungieren als Sensoren f\u00fcr die extrazellul\u00e4re Umgebung. Bei der Rasse Norwich Terrier kann eine&hellip;<\/p>\n","protected":false},"author":1,"featured_media":0,"parent":1211000,"menu_order":91,"comment_status":"closed","ping_status":"closed","template":"","meta":{"_seopress_robots_primary_cat":"","_seopress_titles_title":"","_seopress_titles_desc":"","_seopress_robots_index":"","footnotes":""},"class_list":["post-1211012","page","type-page","status-publish","hentry","description-off"],"_links":{"self":[{"href":"https:\/\/laboklin.de\/de\/wp-json\/wp\/v2\/pages\/1211012","targetHints":{"allow":["GET"]}}],"collection":[{"href":"https:\/\/laboklin.de\/de\/wp-json\/wp\/v2\/pages"}],"about":[{"href":"https:\/\/laboklin.de\/de\/wp-json\/wp\/v2\/types\/page"}],"author":[{"embeddable":true,"href":"https:\/\/laboklin.de\/de\/wp-json\/wp\/v2\/users\/1"}],"replies":[{"embeddable":true,"href":"https:\/\/laboklin.de\/de\/wp-json\/wp\/v2\/comments?post=1211012"}],"version-history":[{"count":1,"href":"https:\/\/laboklin.de\/de\/wp-json\/wp\/v2\/pages\/1211012\/revisions"}],"predecessor-version":[{"id":1509181,"href":"https:\/\/laboklin.de\/de\/wp-json\/wp\/v2\/pages\/1211012\/revisions\/1509181"}],"up":[{"embeddable":true,"href":"https:\/\/laboklin.de\/de\/wp-json\/wp\/v2\/pages\/1211000"}],"wp:attachment":[{"href":"https:\/\/laboklin.de\/de\/wp-json\/wp\/v2\/media?parent=1211012"}],"curies":[{"name":"wp","href":"https:\/\/api.w.org\/{rel}","templated":true}]}}