{"id":1211009,"date":"2020-10-16T11:36:27","date_gmt":"2020-10-16T09:36:27","guid":{"rendered":"https:\/\/laboklin.de\/de\/progressive-retinaatrophie-dominante-form-pra"},"modified":"2025-02-17T10:10:22","modified_gmt":"2025-02-17T09:10:22","slug":"progressive-retinaatrophie-dominante-form-pra","status":"publish","type":"page","link":"https:\/\/laboklin.de\/de\/leistungen\/genetik\/erbkrankheiten\/hund\/progressive-retinaatrophie-dominante-form-pra\/","title":{"rendered":"Progressive Retinaatrophie (dominante Form PRA)"},"content":{"rendered":"<h3 class=\"csc-firstHeader\">Progressive Retinaatrophie (dominante Form PRA)<\/h3><p><span>LABOKLIN Leistungs-ID: 8355<\/span><\/p><p class=\"bodytext\">Die progressive Retinaatrophie (PRA) steht f\u00fcr eine Gruppe von erblich bedingten Photorezeptor-St\u00f6rungen der Netzhaut, die bei verschiedenen Hunderassen durch unterschiedliche Mutationen hervorgerufen werden. Man unterscheidet sich sp\u00e4t entwickelnde degenerative Ver\u00e4nderungen von sich bereits im Welpenalter klinisch manifestierenden dysplastischen St\u00f6rungen. Abgesehen vom Lebensalter, in dem die Erkrankung in Erscheinung tritt, sind die klinischen und ophthalmologischen Symptome \u00e4hnlich. Betroffene Hunde zeigen eine bilaterale Mydriasis, das Tapetum lucidum reflektiert verst\u00e4rkt und das retinale Gef\u00e4\u00dfnetz erscheint atrophisch.<br \/>\r\nDie PRA bei diesen beiden Rassen wird im Gegensatz zu den meisten anderen bekannten Formen der PRA autosomal-dominant vererbt. Somit gibt es keine Tr\u00e4ger, die Hunde sind entweder frei oder betroffen. Die Rassen Bullmastiff und Mastiff sind von dieser sp\u00e4ten Form der PRA betroffen. Der Verlust der Sehf\u00e4higkeit erfolgt erst relativ sp\u00e4t und wird daher zun\u00e4chst meist nicht bemerkt. Da die Erblindung erst erkannt wird, wenn der Hund mehrere Jahre alt ist, ist es wichtig vor einem Zuchteinsatz des Hundes zu wissen, ob es sich bei diesem um einen Betroffenen handelt. <\/p><table class=\"tx-laboklinleistung-table contenttable contenttable-2\" style=\"margin-top: 35px;\"><tr><td class=\"td-0\"><strong>Methode<\/strong><\/td><td class=\"td-1\"><p class=\"bodytext\">Sequenzierung<\/p><\/td><\/tr><tr><td class=\"td-0\"><strong>Rasse<\/strong><\/td><td class=\"td-1\"><p class=\"bodytext\">Bullmastiff, Mastiff<\/p><\/td><\/tr><tr><td class=\"td-0\"><strong>Erbgang<\/strong><\/td><td class=\"td-1\"><p class=\"bodytext\">autosomal-dominant<\/p><\/td><\/tr><tr><td class=\"td-0\"><strong>Dauer<\/strong><\/td><td class=\"td-1\"><p class=\"bodytext\">1 - 2 Wochen nach Erhalt der Probe<\/p><\/td><\/tr><\/table>\n","protected":false},"excerpt":{"rendered":"<p>Progressive Retinaatrophie (dominante Form PRA)LABOKLIN Leistungs-ID: 8355Die progressive Retinaatrophie (PRA) steht f\u00fcr eine Gruppe von erblich bedingten Photorezeptor-St\u00f6rungen der Netzhaut, die bei verschiedenen Hunderassen durch unterschiedliche Mutationen hervorgerufen werden. Man unterscheidet sich sp\u00e4t entwickelnde degenerative Ver\u00e4nderungen von sich bereits im Welpenalter klinisch manifestierenden dysplastischen St\u00f6rungen. Abgesehen vom Lebensalter, in dem die Erkrankung in Erscheinung tritt,&hellip;<\/p>\n","protected":false},"author":1,"featured_media":0,"parent":1211000,"menu_order":93,"comment_status":"closed","ping_status":"closed","template":"","meta":{"_seopress_robots_primary_cat":"","_seopress_titles_title":"","_seopress_titles_desc":"","_seopress_robots_index":"","footnotes":""},"class_list":["post-1211009","page","type-page","status-publish","hentry","description-off"],"_links":{"self":[{"href":"https:\/\/laboklin.de\/de\/wp-json\/wp\/v2\/pages\/1211009","targetHints":{"allow":["GET"]}}],"collection":[{"href":"https:\/\/laboklin.de\/de\/wp-json\/wp\/v2\/pages"}],"about":[{"href":"https:\/\/laboklin.de\/de\/wp-json\/wp\/v2\/types\/page"}],"author":[{"embeddable":true,"href":"https:\/\/laboklin.de\/de\/wp-json\/wp\/v2\/users\/1"}],"replies":[{"embeddable":true,"href":"https:\/\/laboklin.de\/de\/wp-json\/wp\/v2\/comments?post=1211009"}],"version-history":[{"count":1,"href":"https:\/\/laboklin.de\/de\/wp-json\/wp\/v2\/pages\/1211009\/revisions"}],"predecessor-version":[{"id":1509331,"href":"https:\/\/laboklin.de\/de\/wp-json\/wp\/v2\/pages\/1211009\/revisions\/1509331"}],"up":[{"embeddable":true,"href":"https:\/\/laboklin.de\/de\/wp-json\/wp\/v2\/pages\/1211000"}],"wp:attachment":[{"href":"https:\/\/laboklin.de\/de\/wp-json\/wp\/v2\/media?parent=1211009"}],"curies":[{"name":"wp","href":"https:\/\/api.w.org\/{rel}","templated":true}]}}