{"id":1211002,"date":"2020-10-16T11:36:27","date_gmt":"2020-10-16T09:36:27","guid":{"rendered":"https:\/\/laboklin.de\/de\/mycobacterium-avium-komplex-sensitivitaet-mac"},"modified":"2025-02-17T09:36:32","modified_gmt":"2025-02-17T08:36:32","slug":"mycobacterium-avium-komplex-sensitivitaet-mac","status":"publish","type":"page","link":"https:\/\/laboklin.de\/de\/leistungen\/genetik\/erbkrankheiten\/hund\/mycobacterium-avium-komplex-sensitivitaet-mac\/","title":{"rendered":"Mycobacterium-avium-Komplex-Sensitivit\u00e4t (MAC)"},"content":{"rendered":"<h3 class=\"csc-firstHeader\">Mycobacterium avium-Komplex-Sensitivit\u00e4t (MAC)<\/h3><p><span>LABOKLIN Leistungs-ID: 8360<\/span><\/p><p class=\"bodytext\">Unter Immundefizienzen versteht man St\u00f6rungen innerhalb des Immunsystems eines Wirtes, wodurch ein erh\u00f6htes Risiko f\u00fcr Infektionen besteht. Hunde ohne Immunschw\u00e4chen sind normalerweise resistent gegen\u00fcber Infektionen mit den ubiquit\u00e4r vorkommenden Bakterien Mycobakterium avium mit seinen Subspezies (Mycobacterium-avium-Komplex, MAC) und Mycobacterium intracellulare.  <br \/>\nDie  Arbeitsgruppe von Prof. Dr. Giger (Universit\u00e4t Pennsylvania, USA) konnte jedoch eine Genvariante beim Zwergschnauzer identifizieren, die mit einer genetischen Pr\u00e4disposition und daher mit einer erh\u00f6hten Anf\u00e4lligkeit gegen\u00fcber MAC einhergeht. An MAC erkrankte Hunde zeigen h\u00e4ufig die folgenden Symptome: Lethargie, Appetitlosigkeit, Schw\u00e4che, Nasenausfluss, Bindehautentz\u00fcndung (Konjunktivitis), Durchfall, Schwellung der Lymphknoten, Vergr\u00f6\u00dferung der Leber und der Milz. Die ersten Symptome zeigen sich \u00fcblicherweise im Alter von 1-8 Jahren. Durch die erbliche Immundefizienz sprechen die Infektionen nur unzureichend auf Behandlungen an. Die beschriebene Genvariante im CARD9-Gen wird autosomal-rezessiv vererbt und scheint eine wichtige Signalkaskade des Immunsystems zu beeinflussen.<br \/>\nDie   Arbeitsgruppe von Prof. Dr. Giger hat eine gro\u00dfe Anzahl an Hunden auf das Vorliegen einer genetischen Pr\u00e4disposition f\u00fcr MAC untersucht und so den nun bei Laboklin verf\u00fcgbaren Gentest entwickelt. W\u00e4hrend beim Zwergschnauzer eine 100%ige Korrelation zwischen der beschriebenen Genvariante und der Erkrankung gefunden wurde,  kann die untersuchte Variante sowohl bei anderen Rassen als auch bei anderen Schnauzer-Variet\u00e4ten bislang nicht mit der Erkrankung in Verbindung gebracht werden.  Anhand des Gentests k\u00f6nnen nun sowohl erkrankte Hunde auf das Vorliegen der genetischen Pr\u00e4disposition untersucht werden, als auch Tr\u00e4ger (bleiben asymptomatisch, geben aber das mutierte Gen an die Nachkommen weiter) identifiziert werden. <br \/>\nMycobacterium avium und Mycobacterium intracellulare k\u00f6nnen vom Hund auf den Menschen \u00fcbertragen werden. Dies stellt f\u00fcr Tierhalter mit geschw\u00e4chtem Immunsystem eine Gefahr dar. <\/p><table class=\"tx-laboklinleistung-table contenttable contenttable-2\" style=\"margin-top: 35px;\"><tr><td class=\"td-0\"><strong>Methode<\/strong><\/td><td class=\"td-1\"><p class=\"bodytext\">TaqMan SNP Assay<\/p><\/td><\/tr><tr><td class=\"td-0\"><strong>Rasse<\/strong><\/td><td class=\"td-1\"><p class=\"bodytext\">Zwergschnauzer<\/p><\/td><\/tr><tr><td class=\"td-0\"><strong>Erbgang<\/strong><\/td><td class=\"td-1\"><p class=\"bodytext\">autosomal-rezessiv<\/p><\/td><\/tr><tr><td class=\"td-0\"><strong>Dauer<\/strong><\/td><td class=\"td-1\"><p class=\"bodytext\">3 - 5 Werktage nach Erhalt der Probe<\/p><\/td><\/tr><\/table>\n","protected":false},"excerpt":{"rendered":"<p>Mycobacterium avium-Komplex-Sensitivit\u00e4t (MAC)LABOKLIN Leistungs-ID: 8360Unter Immundefizienzen versteht man St\u00f6rungen innerhalb des Immunsystems eines Wirtes, wodurch ein erh\u00f6htes Risiko f\u00fcr Infektionen besteht. Hunde ohne Immunschw\u00e4chen sind normalerweise resistent gegen\u00fcber Infektionen mit den ubiquit\u00e4r vorkommenden Bakterien Mycobakterium avium mit seinen Subspezies (Mycobacterium-avium-Komplex, MAC) und Mycobacterium intracellulare. Die Arbeitsgruppe von Prof. Dr. Giger (Universit\u00e4t Pennsylvania, USA) konnte jedoch&hellip;<\/p>\n","protected":false},"author":1,"featured_media":0,"parent":1211000,"menu_order":208,"comment_status":"closed","ping_status":"closed","template":"","meta":{"_seopress_robots_primary_cat":"","_seopress_titles_title":"","_seopress_titles_desc":"","_seopress_robots_index":"","footnotes":""},"class_list":["post-1211002","page","type-page","status-publish","hentry","description-off"],"_links":{"self":[{"href":"https:\/\/laboklin.de\/de\/wp-json\/wp\/v2\/pages\/1211002","targetHints":{"allow":["GET"]}}],"collection":[{"href":"https:\/\/laboklin.de\/de\/wp-json\/wp\/v2\/pages"}],"about":[{"href":"https:\/\/laboklin.de\/de\/wp-json\/wp\/v2\/types\/page"}],"author":[{"embeddable":true,"href":"https:\/\/laboklin.de\/de\/wp-json\/wp\/v2\/users\/1"}],"replies":[{"embeddable":true,"href":"https:\/\/laboklin.de\/de\/wp-json\/wp\/v2\/comments?post=1211002"}],"version-history":[{"count":1,"href":"https:\/\/laboklin.de\/de\/wp-json\/wp\/v2\/pages\/1211002\/revisions"}],"predecessor-version":[{"id":1509141,"href":"https:\/\/laboklin.de\/de\/wp-json\/wp\/v2\/pages\/1211002\/revisions\/1509141"}],"up":[{"embeddable":true,"href":"https:\/\/laboklin.de\/de\/wp-json\/wp\/v2\/pages\/1211000"}],"wp:attachment":[{"href":"https:\/\/laboklin.de\/de\/wp-json\/wp\/v2\/media?parent=1211002"}],"curies":[{"name":"wp","href":"https:\/\/api.w.org\/{rel}","templated":true}]}}